{"id":1162,"date":"2018-01-16T08:13:30","date_gmt":"2018-01-16T08:13:30","guid":{"rendered":"http:\/\/certeso.com\/?page_id=1162"},"modified":"2020-09-25T09:03:40","modified_gmt":"2020-09-25T09:03:40","slug":"kontakt","status":"publish","type":"page","link":"https:\/\/certeso.com\/de\/kontakt\/","title":{"rendered":"Kontakt"},"content":{"rendered":"\t\t<div data-elementor-type=\"wp-post\" data-elementor-id=\"1162\" class=\"elementor elementor-1162\" data-elementor-post-type=\"page\">\n\t\t\t\t\t\t\t\t\t<section class=\"elementor-section elementor-top-section elementor-element elementor-element-b856fbb elementor-section-boxed elementor-section-height-default elementor-section-height-default\" data-id=\"b856fbb\" data-element_type=\"section\" data-settings=\"{&quot;background_background&quot;:&quot;classic&quot;}\">\n\t\t\t\t\t\t<div class=\"elementor-container elementor-column-gap-default\">\n\t\t\t\t\t<div class=\"elementor-column elementor-col-100 elementor-top-column elementor-element elementor-element-75d088c\" data-id=\"75d088c\" data-element_type=\"column\">\n\t\t\t<div class=\"elementor-widget-wrap elementor-element-populated\">\n\t\t\t\t\t\t\t\t<div class=\"elementor-element elementor-element-7a8a2f7 elementor-headline--style-highlight elementor-widget elementor-widget-animated-headline\" data-id=\"7a8a2f7\" data-element_type=\"widget\" data-settings=\"{&quot;marker&quot;:&quot;underline_zigzag&quot;,&quot;highlighted_text&quot;:&quot;gerne&quot;,&quot;headline_style&quot;:&quot;highlight&quot;,&quot;loop&quot;:&quot;yes&quot;,&quot;highlight_animation_duration&quot;:1200,&quot;highlight_iteration_delay&quot;:8000}\" data-widget_type=\"animated-headline.default\">\n\t\t\t\t<div class=\"elementor-widget-container\">\n\t\t\t\t\t<h1 class=\"elementor-headline\">\n\t\t\t\t\t<span class=\"elementor-headline-plain-text elementor-headline-text-wrapper\">Eine Frage an uns? Wir w\u00fcrden<\/span>\n\t\t\t\t<span class=\"elementor-headline-dynamic-wrapper elementor-headline-text-wrapper\">\n\t\t\t\t\t<span class=\"elementor-headline-dynamic-text elementor-headline-text-active\">gerne<\/span>\n\t\t\t\t<\/span>\n\t\t\t\t\t<span class=\"elementor-headline-plain-text elementor-headline-text-wrapper\"> von Ihnen h\u00f6ren<\/span>\n\t\t\t\t\t<\/h1>\n\t\t\t\t<\/div>\n\t\t\t\t<\/div>\n\t\t\t\t\t<\/div>\n\t\t<\/div>\n\t\t\t\t\t\t\t<\/div>\n\t\t<\/section>\n\t\t\t\t<section class=\"elementor-section elementor-top-section elementor-element elementor-element-231ca4bc elementor-section-boxed elementor-section-height-default elementor-section-height-default\" data-id=\"231ca4bc\" data-element_type=\"section\">\n\t\t\t\t\t\t<div class=\"elementor-container elementor-column-gap-default\">\n\t\t\t\t\t<div class=\"elementor-column elementor-col-50 elementor-top-column elementor-element elementor-element-f7c8247\" data-id=\"f7c8247\" data-element_type=\"column\">\n\t\t\t<div class=\"elementor-widget-wrap elementor-element-populated\">\n\t\t\t\t\t\t\t\t<div class=\"elementor-element elementor-element-f7bc742 elementor-button-align-center elementor-widget elementor-widget-form\" data-id=\"f7bc742\" data-element_type=\"widget\" data-settings=\"{&quot;step_next_label&quot;:&quot;N\\u00e4chster&quot;,&quot;step_previous_label&quot;:&quot;Voriger&quot;,&quot;button_width&quot;:&quot;100&quot;,&quot;step_type&quot;:&quot;number_text&quot;,&quot;step_icon_shape&quot;:&quot;circle&quot;}\" data-widget_type=\"form.default\">\n\t\t\t\t<div class=\"elementor-widget-container\">\n\t\t\t\t\t<form class=\"elementor-form\" method=\"post\" name=\"New Form\">\n\t\t\t<input type=\"hidden\" name=\"post_id\" value=\"1162\"\/>\n\t\t\t<input type=\"hidden\" name=\"form_id\" value=\"f7bc742\"\/>\n\t\t\t<input type=\"hidden\" name=\"referer_title\" value=\"Certeso\" \/>\n\n\t\t\t\n\t\t\t<div class=\"elementor-form-fields-wrapper elementor-labels-above\">\n\t\t\t\t\t\t\t\t<div class=\"elementor-field-type-text elementor-field-group elementor-column elementor-field-group-name elementor-col-50 elementor-field-required\">\n\t\t\t\t\t\t\t\t\t\t\t\t\t<input size=\"1\" type=\"text\" name=\"form_fields[name]\" id=\"form-field-name\" class=\"elementor-field elementor-size-sm  elementor-field-textual\" placeholder=\"Vorname*\" required=\"required\" aria-required=\"true\">\n\t\t\t\t\t\t\t\t\t\t\t<\/div>\n\t\t\t\t\t\t\t\t<div class=\"elementor-field-type-text elementor-field-group elementor-column elementor-field-group-field_1 elementor-col-50 elementor-field-required\">\n\t\t\t\t\t\t\t\t\t\t\t\t\t<input size=\"1\" type=\"text\" name=\"form_fields[field_1]\" id=\"form-field-field_1\" class=\"elementor-field elementor-size-sm  elementor-field-textual\" placeholder=\"Name*\" required=\"required\" aria-required=\"true\">\n\t\t\t\t\t\t\t\t\t\t\t<\/div>\n\t\t\t\t\t\t\t\t<div class=\"elementor-field-type-tel elementor-field-group elementor-column elementor-field-group-field_2 elementor-col-50\">\n\t\t\t\t\t\t\t<input size=\"1\" type=\"tel\" name=\"form_fields[field_2]\" id=\"form-field-field_2\" class=\"elementor-field elementor-size-sm  elementor-field-textual\" placeholder=\"Telefonnummer\" pattern=\"[0-9()#&amp;+*-=.]+\" title=\"Nur Nummern oder Telefon-Zeichen (#, -, *, etc) werden akzeptiert.\">\n\n\t\t\t\t\t\t<\/div>\n\t\t\t\t\t\t\t\t<div class=\"elementor-field-type-text elementor-field-group elementor-column elementor-field-group-field_3 elementor-col-50\">\n\t\t\t\t\t\t\t\t\t\t\t\t\t<input size=\"1\" type=\"text\" name=\"form_fields[field_3]\" id=\"form-field-field_3\" class=\"elementor-field elementor-size-sm  elementor-field-textual\" placeholder=\"Betrieb\">\n\t\t\t\t\t\t\t\t\t\t\t<\/div>\n\t\t\t\t\t\t\t\t<div class=\"elementor-field-type-email elementor-field-group elementor-column elementor-field-group-field_5 elementor-col-100 elementor-field-required\">\n\t\t\t\t\t\t\t\t\t\t\t\t\t<input size=\"1\" type=\"email\" name=\"form_fields[field_5]\" id=\"form-field-field_5\" class=\"elementor-field elementor-size-sm  elementor-field-textual\" placeholder=\"Email*\" required=\"required\" aria-required=\"true\">\n\t\t\t\t\t\t\t\t\t\t\t<\/div>\n\t\t\t\t\t\t\t\t<div class=\"elementor-field-type-textarea elementor-field-group elementor-column elementor-field-group-field_4 elementor-col-100\">\n\t\t\t\t\t<textarea class=\"elementor-field-textual elementor-field  elementor-size-sm\" name=\"form_fields[field_4]\" id=\"form-field-field_4\" rows=\"6\" placeholder=\"Mitteilung\"><\/textarea>\t\t\t\t<\/div>\n\t\t\t\t\t\t\t\t<div class=\"elementor-field-type-recaptcha_v3 elementor-field-group elementor-column elementor-field-group-field_32eaa7f elementor-col-100 recaptcha_v3-bottomright\">\n\t\t\t\t\t<div class=\"elementor-field\" id=\"form-field-field_32eaa7f\"><div class=\"elementor-g-recaptcha\" data-sitekey=\"6LdPfKUZAAAAAFr4aum70vIPGwQCvDaxV6r3FFWQ\" data-type=\"v3\" data-action=\"Form\" data-badge=\"bottomright\" data-size=\"invisible\"><\/div><\/div>\t\t\t\t<\/div>\n\t\t\t\t\t\t\t\t<div class=\"elementor-field-group elementor-column elementor-field-type-submit elementor-col-100 e-form__buttons\">\n\t\t\t\t\t<button type=\"submit\" class=\"elementor-button elementor-size-sm\">\n\t\t\t\t\t\t<span >\n\t\t\t\t\t\t\t\t\t\t\t\t\t\t\t<span class=\" elementor-button-icon\">\n\t\t\t\t\t\t\t\t\t<i class=\"\" aria-hidden=\"true\"><\/i>\t\t\t\t\t\t\t\t\t\t\t\t\t\t\t\t\t<\/span>\n\t\t\t\t\t\t\t\t\t\t\t\t\t\t\t\t\t\t\t\t\t\t<span class=\"elementor-button-text\">Senden<\/span>\n\t\t\t\t\t\t\t\t\t\t\t\t\t<\/span>\n\t\t\t\t\t<\/button>\n\t\t\t\t<\/div>\n\t\t\t<\/div>\n\t\t<\/form>\n\t\t\t\t<\/div>\n\t\t\t\t<\/div>\n\t\t\t\t\t<\/div>\n\t\t<\/div>\n\t\t\t\t<div class=\"elementor-column elementor-col-50 elementor-top-column elementor-element elementor-element-15336735\" data-id=\"15336735\" data-element_type=\"column\">\n\t\t\t<div class=\"elementor-widget-wrap elementor-element-populated\">\n\t\t\t\t\t\t\t\t<div class=\"elementor-element elementor-element-58855705 elementor-widget elementor-widget-text-editor\" data-id=\"58855705\" data-element_type=\"widget\" data-widget_type=\"text-editor.default\">\n\t\t\t\t<div class=\"elementor-widget-container\">\n\t\t\t\t\t\t\t<p><span style=\"font-weight: 400;\">Haben Sie Fragen zum Brandschutz oder m\u00f6chten Sie einen Termin vereinbaren? Unsere Experten sind bereit, mit Ihnen \u00fcber die beste L\u00f6sung nachzudenken. So k\u00f6nnen Sie sicher f\u00fcr Ihre Sicherheit sorgen.<\/span><\/p><p><b>Certeso<br \/><\/b>Industriepark 1003<br \/>3545 Halen, Belgien\u00a0<\/p><p>+32 11 20 10 51<br \/><span style=\"color: #808080;\"><a style=\"color: #808080;\" href=\"mailto:info@certeso.com\">info@certeso.com<\/a><\/span><\/p>\t\t\t\t\t\t<\/div>\n\t\t\t\t<\/div>\n\t\t\t\t\t<\/div>\n\t\t<\/div>\n\t\t\t\t\t\t\t<\/div>\n\t\t<\/section>\n\t\t\t\t\t\t\t<\/div>\n\t\t","protected":false},"excerpt":{"rendered":"<p>Eine Frage an uns? Wir w\u00fcrden von Ihnen h\u00f6ren Haben Sie Fragen zum Brandschutz oder m\u00f6chten Sie einen Termin vereinbaren? Unsere Experten sind bereit, mit Ihnen \u00fcber die beste L\u00f6sung nachzudenken. So k\u00f6nnen Sie sicher f\u00fcr Ihre Sicherheit sorgen. CertesoIndustriepark 10033545 Halen, Belgien\u00a0 +32 11 20 10 51info@certeso.com<\/p>\n","protected":false},"author":3,"featured_media":0,"parent":0,"menu_order":0,"comment_status":"closed","ping_status":"closed","template":"elementor_header_footer","meta":[],"yoast_head":"<!-- This site is optimized with the Yoast SEO plugin v20.6 - https:\/\/yoast.com\/wordpress\/plugins\/seo\/ -->\n<title>Certeso - Vragen over brandveiligheid? Neem contact op met ons<\/title>\n<meta name=\"description\" content=\"Wij zijn er klaar voor! Zit u met vragen over brandveiligheid of maakt u gewoon graag een afspraak? Onze experten staan klaar om samen met u mee te denken over de beste oplossing. Zo kan u met een gerust hart instaan voor de veiligheid. Neem snel contact op met ons.\" \/>\n<meta name=\"robots\" content=\"index, follow, max-snippet:-1, max-image-preview:large, max-video-preview:-1\" \/>\n<link rel=\"canonical\" href=\"https:\/\/certeso.com\/de\/kontakt\/\" \/>\n<meta property=\"og:locale\" content=\"de_DE\" \/>\n<meta property=\"og:type\" content=\"article\" \/>\n<meta property=\"og:title\" content=\"Certeso - Vragen over brandveiligheid? Neem contact op met ons\" \/>\n<meta property=\"og:description\" content=\"Wij zijn er klaar voor! Zit u met vragen over brandveiligheid of maakt u gewoon graag een afspraak? Onze experten staan klaar om samen met u mee te denken over de beste oplossing. Zo kan u met een gerust hart instaan voor de veiligheid. Neem snel contact op met ons.\" \/>\n<meta property=\"og:url\" content=\"https:\/\/certeso.com\/de\/kontakt\/\" \/>\n<meta property=\"og:site_name\" content=\"Certeso\" \/>\n<meta property=\"article:modified_time\" content=\"2020-09-25T09:03:40+00:00\" \/>\n<meta name=\"twitter:card\" content=\"summary_large_image\" \/>\n<script type=\"application\/ld+json\" class=\"yoast-schema-graph\">{\"@context\":\"https:\/\/schema.org\",\"@graph\":[{\"@type\":\"WebPage\",\"@id\":\"https:\/\/certeso.com\/de\/kontakt\/\",\"url\":\"https:\/\/certeso.com\/de\/kontakt\/\",\"name\":\"Certeso - Vragen over brandveiligheid? Neem contact op met ons\",\"isPartOf\":{\"@id\":\"https:\/\/certeso.com\/de\/#website\"},\"datePublished\":\"2018-01-16T08:13:30+00:00\",\"dateModified\":\"2020-09-25T09:03:40+00:00\",\"description\":\"Wij zijn er klaar voor! Zit u met vragen over brandveiligheid of maakt u gewoon graag een afspraak? Onze experten staan klaar om samen met u mee te denken over de beste oplossing. Zo kan u met een gerust hart instaan voor de veiligheid. Neem snel contact op met ons.\",\"breadcrumb\":{\"@id\":\"https:\/\/certeso.com\/de\/kontakt\/#breadcrumb\"},\"inLanguage\":\"de-DE\",\"potentialAction\":[{\"@type\":\"ReadAction\",\"target\":[\"https:\/\/certeso.com\/de\/kontakt\/\"]}]},{\"@type\":\"BreadcrumbList\",\"@id\":\"https:\/\/certeso.com\/de\/kontakt\/#breadcrumb\",\"itemListElement\":[{\"@type\":\"ListItem\",\"position\":1,\"name\":\"Home\",\"item\":\"https:\/\/certeso.com\/de\/\"},{\"@type\":\"ListItem\",\"position\":2,\"name\":\"Kontakt\"}]},{\"@type\":\"WebSite\",\"@id\":\"https:\/\/certeso.com\/de\/#website\",\"url\":\"https:\/\/certeso.com\/de\/\",\"name\":\"Certeso\",\"description\":\"Sicherheit ohne Sorgen\",\"potentialAction\":[{\"@type\":\"SearchAction\",\"target\":{\"@type\":\"EntryPoint\",\"urlTemplate\":\"https:\/\/certeso.com\/de\/?s={search_term_string}\"},\"query-input\":\"required name=search_term_string\"}],\"inLanguage\":\"de-DE\"}]}<\/script>\n<!-- \/ Yoast SEO plugin. -->","yoast_head_json":{"title":"Certeso - Vragen over brandveiligheid? Neem contact op met ons","description":"Wij zijn er klaar voor! Zit u met vragen over brandveiligheid of maakt u gewoon graag een afspraak? Onze experten staan klaar om samen met u mee te denken over de beste oplossing. Zo kan u met een gerust hart instaan voor de veiligheid. Neem snel contact op met ons.","robots":{"index":"index","follow":"follow","max-snippet":"max-snippet:-1","max-image-preview":"max-image-preview:large","max-video-preview":"max-video-preview:-1"},"canonical":"https:\/\/certeso.com\/de\/kontakt\/","og_locale":"de_DE","og_type":"article","og_title":"Certeso - Vragen over brandveiligheid? Neem contact op met ons","og_description":"Wij zijn er klaar voor! Zit u met vragen over brandveiligheid of maakt u gewoon graag een afspraak? Onze experten staan klaar om samen met u mee te denken over de beste oplossing. Zo kan u met een gerust hart instaan voor de veiligheid. Neem snel contact op met ons.","og_url":"https:\/\/certeso.com\/de\/kontakt\/","og_site_name":"Certeso","article_modified_time":"2020-09-25T09:03:40+00:00","twitter_card":"summary_large_image","schema":{"@context":"https:\/\/schema.org","@graph":[{"@type":"WebPage","@id":"https:\/\/certeso.com\/de\/kontakt\/","url":"https:\/\/certeso.com\/de\/kontakt\/","name":"Certeso - Vragen over brandveiligheid? Neem contact op met ons","isPartOf":{"@id":"https:\/\/certeso.com\/de\/#website"},"datePublished":"2018-01-16T08:13:30+00:00","dateModified":"2020-09-25T09:03:40+00:00","description":"Wij zijn er klaar voor! Zit u met vragen over brandveiligheid of maakt u gewoon graag een afspraak? Onze experten staan klaar om samen met u mee te denken over de beste oplossing. Zo kan u met een gerust hart instaan voor de veiligheid. Neem snel contact op met ons.","breadcrumb":{"@id":"https:\/\/certeso.com\/de\/kontakt\/#breadcrumb"},"inLanguage":"de-DE","potentialAction":[{"@type":"ReadAction","target":["https:\/\/certeso.com\/de\/kontakt\/"]}]},{"@type":"BreadcrumbList","@id":"https:\/\/certeso.com\/de\/kontakt\/#breadcrumb","itemListElement":[{"@type":"ListItem","position":1,"name":"Home","item":"https:\/\/certeso.com\/de\/"},{"@type":"ListItem","position":2,"name":"Kontakt"}]},{"@type":"WebSite","@id":"https:\/\/certeso.com\/de\/#website","url":"https:\/\/certeso.com\/de\/","name":"Certeso","description":"Sicherheit ohne Sorgen","potentialAction":[{"@type":"SearchAction","target":{"@type":"EntryPoint","urlTemplate":"https:\/\/certeso.com\/de\/?s={search_term_string}"},"query-input":"required name=search_term_string"}],"inLanguage":"de-DE"}]}},"_links":{"self":[{"href":"https:\/\/certeso.com\/de\/wp-json\/wp\/v2\/pages\/1162"}],"collection":[{"href":"https:\/\/certeso.com\/de\/wp-json\/wp\/v2\/pages"}],"about":[{"href":"https:\/\/certeso.com\/de\/wp-json\/wp\/v2\/types\/page"}],"author":[{"embeddable":true,"href":"https:\/\/certeso.com\/de\/wp-json\/wp\/v2\/users\/3"}],"replies":[{"embeddable":true,"href":"https:\/\/certeso.com\/de\/wp-json\/wp\/v2\/comments?post=1162"}],"version-history":[{"count":24,"href":"https:\/\/certeso.com\/de\/wp-json\/wp\/v2\/pages\/1162\/revisions"}],"predecessor-version":[{"id":4162,"href":"https:\/\/certeso.com\/de\/wp-json\/wp\/v2\/pages\/1162\/revisions\/4162"}],"wp:attachment":[{"href":"https:\/\/certeso.com\/de\/wp-json\/wp\/v2\/media?parent=1162"}],"curies":[{"name":"wp","href":"https:\/\/api.w.org\/{rel}","templated":true}]}}