{"id":109,"date":"2017-11-14T14:27:05","date_gmt":"2017-11-14T14:27:05","guid":{"rendered":"http:\/\/104.199.71.175\/?page_id=109"},"modified":"2024-06-14T12:58:40","modified_gmt":"2024-06-14T11:58:40","slug":"safety-reports","status":"publish","type":"page","link":"https:\/\/certeso.com\/fr\/safety-reports\/","title":{"rendered":"Safety Reports"},"content":{"rendered":"\t\t<div data-elementor-type=\"wp-post\" data-elementor-id=\"109\" class=\"elementor elementor-109\" data-elementor-post-type=\"page\">\n\t\t\t\t\t\t\t\t\t<section class=\"elementor-section elementor-top-section elementor-element elementor-element-3d0c6113 elementor-section-boxed elementor-section-height-default elementor-section-height-default\" data-id=\"3d0c6113\" data-element_type=\"section\" data-settings=\"{&quot;background_background&quot;:&quot;classic&quot;}\">\n\t\t\t\t\t\t<div class=\"elementor-container elementor-column-gap-default\">\n\t\t\t\t\t<div class=\"elementor-column elementor-col-100 elementor-top-column elementor-element elementor-element-3083bba1\" data-id=\"3083bba1\" data-element_type=\"column\">\n\t\t\t<div class=\"elementor-widget-wrap elementor-element-populated\">\n\t\t\t\t\t\t\t\t<div class=\"elementor-element elementor-element-3fc105e elementor-widget elementor-widget-heading\" data-id=\"3fc105e\" data-element_type=\"widget\" data-widget_type=\"heading.default\">\n\t\t\t\t<div class=\"elementor-widget-container\">\n\t\t\t<h2 class=\"elementor-heading-title elementor-size-default\">Safety Reports<\/h2>\t\t<\/div>\n\t\t\t\t<\/div>\n\t\t\t\t\t<\/div>\n\t\t<\/div>\n\t\t\t\t\t\t\t<\/div>\n\t\t<\/section>\n\t\t\t\t<section class=\"elementor-section elementor-top-section elementor-element elementor-element-7ae2e6ca elementor-section-boxed elementor-section-height-default elementor-section-height-default\" data-id=\"7ae2e6ca\" data-element_type=\"section\">\n\t\t\t\t\t\t<div class=\"elementor-container elementor-column-gap-default\">\n\t\t\t\t\t<div class=\"elementor-column elementor-col-100 elementor-top-column elementor-element elementor-element-354fccc7\" data-id=\"354fccc7\" data-element_type=\"column\">\n\t\t\t<div class=\"elementor-widget-wrap elementor-element-populated\">\n\t\t\t\t\t\t\t\t<div class=\"elementor-element elementor-element-350209aa elementor-widget elementor-widget-spacer\" data-id=\"350209aa\" data-element_type=\"widget\" data-widget_type=\"spacer.default\">\n\t\t\t\t<div class=\"elementor-widget-container\">\n\t\t\t\t\t<div class=\"elementor-spacer\">\n\t\t\t<div class=\"elementor-spacer-inner\"><\/div>\n\t\t<\/div>\n\t\t\t\t<\/div>\n\t\t\t\t<\/div>\n\t\t\t\t\t<\/div>\n\t\t<\/div>\n\t\t\t\t\t\t\t<\/div>\n\t\t<\/section>\n\t\t\t\t<section class=\"elementor-section elementor-top-section elementor-element elementor-element-511c272 elementor-section-boxed elementor-section-height-default elementor-section-height-default\" data-id=\"511c272\" data-element_type=\"section\">\n\t\t\t\t\t\t<div class=\"elementor-container elementor-column-gap-default\">\n\t\t\t\t\t<div class=\"elementor-column elementor-col-100 elementor-top-column elementor-element elementor-element-afc0502\" data-id=\"afc0502\" data-element_type=\"column\">\n\t\t\t<div class=\"elementor-widget-wrap elementor-element-populated\">\n\t\t\t\t\t\t\t\t<div class=\"elementor-element elementor-element-d46a36c elementor-widget elementor-widget-text-editor\" data-id=\"d46a36c\" data-element_type=\"widget\" data-widget_type=\"text-editor.default\">\n\t\t\t\t<div class=\"elementor-widget-container\">\n\t\t\t\t\t\t\t<p style=\"text-align: left;\">Vous \u00eates responsable de la s\u00e9curit\u00e9 incendie dans votre b\u00e2timent. Ou peut-\u00eatre g\u00e9rez-vous plusieurs b\u00e2timents? Vous pouvez donc \u00eatre s\u00fbr que la collecte de tous les documents prend \u00e9norm\u00e9ment de temps. Maintenir une vue d&#8217;ensemble claire de plusieurs b\u00e2timents est un d\u00e9fi. Avec les rapports de s\u00e9curit\u00e9, vous pouvez enfin tout visualiser dans une seule application.\u00a0<\/p>\t\t\t\t\t\t<\/div>\n\t\t\t\t<\/div>\n\t\t\t\t<div class=\"elementor-element elementor-element-7f14a34 elementor-widget elementor-widget-heading\" data-id=\"7f14a34\" data-element_type=\"widget\" data-widget_type=\"heading.default\">\n\t\t\t\t<div class=\"elementor-widget-container\">\n\t\t\t<h2 class=\"elementor-heading-title elementor-size-default\">Safety Reports, c'est travailler efficacement<\/h2>\t\t<\/div>\n\t\t\t\t<\/div>\n\t\t\t\t<div class=\"elementor-element elementor-element-dd8ae35 elementor-widget elementor-widget-video\" data-id=\"dd8ae35\" data-element_type=\"widget\" data-settings=\"{&quot;youtube_url&quot;:&quot;https:\\\/\\\/www.youtube.com\\\/watch?v=ff9C9yftMoM&amp;t=1s&quot;,&quot;video_type&quot;:&quot;youtube&quot;,&quot;controls&quot;:&quot;yes&quot;}\" data-widget_type=\"video.default\">\n\t\t\t\t<div class=\"elementor-widget-container\">\n\t\t\t\t\t<div class=\"elementor-wrapper elementor-open-inline\">\n\t\t\t<div class=\"elementor-video\"><\/div>\t\t<\/div>\n\t\t\t\t<\/div>\n\t\t\t\t<\/div>\n\t\t\t\t<div class=\"elementor-element elementor-element-88a71c0 elementor-widget elementor-widget-text-editor\" data-id=\"88a71c0\" data-element_type=\"widget\" data-widget_type=\"text-editor.default\">\n\t\t\t\t<div class=\"elementor-widget-container\">\n\t\t\t\t\t\t\t<p style=\"text-align: center;\"><em>Voir la vid\u00e9o sur <a href=\"https:\/\/www.youtube.com\/watch?v=ff9C9yftMoM&amp;t=1s\" target=\"_blank\" rel=\"noopener\">YouTube<\/a><\/em><\/p>\t\t\t\t\t\t<\/div>\n\t\t\t\t<\/div>\n\t\t\t\t<div class=\"elementor-element elementor-element-7315d1c elementor-widget elementor-widget-text-editor\" data-id=\"7315d1c\" data-element_type=\"widget\" data-widget_type=\"text-editor.default\">\n\t\t\t\t<div class=\"elementor-widget-container\">\n\t\t\t\t\t\t\t<p>Safety Reports est un programme tout en un avec une base de donn\u00e9es et un outil de dessin. Vous ne perdez plus de temps \u00e0 suivre les informations sur papier, dans des listes Excel ou dans diff\u00e9rents syst\u00e8mes. Votre s\u00e9curit\u00e9 m\u00e9rite un syst\u00e8me de gestion centralis\u00e9 et simple.<\/p><p>Vous ajoutez toutes vos informations une fois. A partir de l\u00e0, vous pouvez g\u00e9n\u00e9rer tous vos rapports importants sur la s\u00e9curit\u00e9 incendie \u00e0 partir de l&#8217;application, tels que les <a href=\"https:\/\/certeso.com\/fr\/plan-devacuation\/\" target=\"_blank\" rel=\"noopener\">plans d&#8217;\u00e9vacuation<\/a> et les <a href=\"https:\/\/certeso.com\/fr\/dossier-dintervention\/\" target=\"_blank\" rel=\"noopener\">dossiers d&#8217;intervention<\/a>.<\/p><p>En cas de modifications du b\u00e2timent, vous pouvez facilement les adapter dans l&#8217;application. En quelques clics seulement, vous pouvez ensuite g\u00e9n\u00e9rer \u00e0 nouveau vos rapports. De cette fa\u00e7on, vos documents seront toujours \u00e0 jour.<\/p>\t\t\t\t\t\t<\/div>\n\t\t\t\t<\/div>\n\t\t\t\t<div class=\"elementor-element elementor-element-c0538f9 elementor-widget elementor-widget-heading\" data-id=\"c0538f9\" data-element_type=\"widget\" data-widget_type=\"heading.default\">\n\t\t\t\t<div class=\"elementor-widget-container\">\n\t\t\t<h2 class=\"elementor-heading-title elementor-size-default\">Vous voulez gagner du temps ?<\/h2>\t\t<\/div>\n\t\t\t\t<\/div>\n\t\t\t\t<div class=\"elementor-element elementor-element-f722d50 elementor-widget elementor-widget-text-editor\" data-id=\"f722d50\" data-element_type=\"widget\" data-widget_type=\"text-editor.default\">\n\t\t\t\t<div class=\"elementor-widget-container\">\n\t\t\t\t\t\t\t<p>Avec Safety Reports, vous disposez d&#8217;une base de donn\u00e9es et d&#8217;un outil de dessin en un seul endroit. Il s&#8217;agit d&#8217;une application en ligne s\u00e9curis\u00e9e qui est d\u00e9j\u00e0 utilis\u00e9e par de nombreuses entreprises industrielles, h\u00f4pitaux et \u00e9coles.<\/p><p>Les rapports de s\u00e9curit\u00e9 vous feront gagner beaucoup de temps gr\u00e2ce aux rapports standard int\u00e9gr\u00e9s et \u00e0 la base de donn\u00e9es de pictogrammes.<\/p><p>Vous pouvez utiliser les plans existants. Mais si vous ne les avez pas, vous pouvez aussi utiliser l&#8217;outil de calcul pour dessiner de nouveaux plans rapidement et facilement. Ou m\u00eame redessiner les plans existants. Les plans obsol\u00e8tes font partie du pass\u00e9.<\/p><p>Ainsi, vous travaillez non seulement plus rapidement, mais aussi beaucoup plus efficacement et chacun dans votre \u00e9quipe peut imm\u00e9diatement trouver les bonnes donn\u00e9es.<\/p>\t\t\t\t\t\t<\/div>\n\t\t\t\t<\/div>\n\t\t\t\t<div class=\"elementor-element elementor-element-223e767 elementor-widget elementor-widget-heading\" data-id=\"223e767\" data-element_type=\"widget\" data-widget_type=\"heading.default\">\n\t\t\t\t<div class=\"elementor-widget-container\">\n\t\t\t<h2 class=\"elementor-heading-title elementor-size-default\">Ne travaillez pas plus dur, travaillez plus efficacement<\/h2>\t\t<\/div>\n\t\t\t\t<\/div>\n\t\t\t\t<div class=\"elementor-element elementor-element-89d0a83 elementor-icon-list--layout-traditional elementor-list-item-link-full_width elementor-widget elementor-widget-icon-list\" data-id=\"89d0a83\" data-element_type=\"widget\" data-widget_type=\"icon-list.default\">\n\t\t\t\t<div class=\"elementor-widget-container\">\n\t\t\t\t\t<ul class=\"elementor-icon-list-items\">\n\t\t\t\t\t\t\t<li class=\"elementor-icon-list-item\">\n\t\t\t\t\t\t\t\t\t\t\t<span class=\"elementor-icon-list-icon\">\n\t\t\t\t\t\t\t<i aria-hidden=\"true\" class=\"fas fa-map\"><\/i>\t\t\t\t\t\t<\/span>\n\t\t\t\t\t\t\t\t\t\t<span class=\"elementor-icon-list-text\"><b>Cartographier <\/b> - Cartographier vos emplacements.<\/span>\n\t\t\t\t\t\t\t\t\t<\/li>\n\t\t\t\t\t\t\t\t<li class=\"elementor-icon-list-item\">\n\t\t\t\t\t\t\t\t\t\t\t<span class=\"elementor-icon-list-icon\">\n\t\t\t\t\t\t\t<i aria-hidden=\"true\" class=\"fas fa-file-alt\"><\/i>\t\t\t\t\t\t<\/span>\n\t\t\t\t\t\t\t\t\t\t<span class=\"elementor-icon-list-text\"><b>Plans d'\u00e9vacuation<\/b> - G\u00e9n\u00e9rez des plans d'\u00e9vacuation pr\u00eats \u00e0 l'emploi.<\/span>\n\t\t\t\t\t\t\t\t\t<\/li>\n\t\t\t\t\t\t\t\t<li class=\"elementor-icon-list-item\">\n\t\t\t\t\t\t\t\t\t\t\t<span class=\"elementor-icon-list-icon\">\n\t\t\t\t\t\t\t<i aria-hidden=\"true\" class=\"fas fa-sitemap\"><\/i>\t\t\t\t\t\t<\/span>\n\t\t\t\t\t\t\t\t\t\t<span class=\"elementor-icon-list-text\"><b>Pictogrammes <\/b> - Utilisez la biblioth\u00e8que int\u00e9gr\u00e9e des pictogrammes.<\/span>\n\t\t\t\t\t\t\t\t\t<\/li>\n\t\t\t\t\t\t\t\t<li class=\"elementor-icon-list-item\">\n\t\t\t\t\t\t\t\t\t\t\t<span class=\"elementor-icon-list-icon\">\n\t\t\t\t\t\t\t<i aria-hidden=\"true\" class=\"fas fa-external-link-alt\"><\/i>\t\t\t\t\t\t<\/span>\n\t\t\t\t\t\t\t\t\t\t<span class=\"elementor-icon-list-text\"><b>Exporter <\/b> - Exporter vers un rapport PDF, Word ou Excel<\/span>\n\t\t\t\t\t\t\t\t\t<\/li>\n\t\t\t\t\t\t<\/ul>\n\t\t\t\t<\/div>\n\t\t\t\t<\/div>\n\t\t\t\t<div class=\"elementor-element elementor-element-dab0b5a elementor-widget elementor-widget-heading\" data-id=\"dab0b5a\" data-element_type=\"widget\" data-widget_type=\"heading.default\">\n\t\t\t\t<div class=\"elementor-widget-container\">\n\t\t\t<h2 class=\"elementor-heading-title elementor-size-default\">Un seul endroit pour tous vos rapports<\/h2>\t\t<\/div>\n\t\t\t\t<\/div>\n\t\t\t\t<div class=\"elementor-element elementor-element-78c457a elementor-icon-list--layout-traditional elementor-list-item-link-full_width elementor-widget elementor-widget-icon-list\" data-id=\"78c457a\" data-element_type=\"widget\" data-widget_type=\"icon-list.default\">\n\t\t\t\t<div class=\"elementor-widget-container\">\n\t\t\t\t\t<ul class=\"elementor-icon-list-items\">\n\t\t\t\t\t\t\t<li class=\"elementor-icon-list-item\">\n\t\t\t\t\t\t\t\t\t\t\t<span class=\"elementor-icon-list-icon\">\n\t\t\t\t\t\t\t<i aria-hidden=\"true\" class=\"fas fa-check\"><\/i>\t\t\t\t\t\t<\/span>\n\t\t\t\t\t\t\t\t\t\t<span class=\"elementor-icon-list-text\">Facile \u00e0 utiliser<\/span>\n\t\t\t\t\t\t\t\t\t<\/li>\n\t\t\t\t\t\t\t\t<li class=\"elementor-icon-list-item\">\n\t\t\t\t\t\t\t\t\t\t\t<span class=\"elementor-icon-list-icon\">\n\t\t\t\t\t\t\t<i aria-hidden=\"true\" class=\"fas fa-check\"><\/i>\t\t\t\t\t\t<\/span>\n\t\t\t\t\t\t\t\t\t\t<span class=\"elementor-icon-list-text\">Les plans peuvent \u00eatre rapidement mis \u00e0 jour apr\u00e8s des modifications<\/span>\n\t\t\t\t\t\t\t\t\t<\/li>\n\t\t\t\t\t\t\t\t<li class=\"elementor-icon-list-item\">\n\t\t\t\t\t\t\t\t\t\t\t<span class=\"elementor-icon-list-icon\">\n\t\t\t\t\t\t\t<i aria-hidden=\"true\" class=\"fas fa-check\"><\/i>\t\t\t\t\t\t<\/span>\n\t\t\t\t\t\t\t\t\t\t<span class=\"elementor-icon-list-text\">Peut \u00eatre int\u00e9gr\u00e9 aux plans Autocad<\/span>\n\t\t\t\t\t\t\t\t\t<\/li>\n\t\t\t\t\t\t\t\t<li class=\"elementor-icon-list-item\">\n\t\t\t\t\t\t\t\t\t\t\t<span class=\"elementor-icon-list-icon\">\n\t\t\t\t\t\t\t<i aria-hidden=\"true\" class=\"fas fa-check\"><\/i>\t\t\t\t\t\t<\/span>\n\t\t\t\t\t\t\t\t\t\t<span class=\"elementor-icon-list-text\">Collaborer avec votre \u00e9quipe<\/span>\n\t\t\t\t\t\t\t\t\t<\/li>\n\t\t\t\t\t\t\t\t<li class=\"elementor-icon-list-item\">\n\t\t\t\t\t\t\t\t\t\t\t<span class=\"elementor-icon-list-icon\">\n\t\t\t\t\t\t\t<i aria-hidden=\"true\" class=\"fas fa-check\"><\/i>\t\t\t\t\t\t<\/span>\n\t\t\t\t\t\t\t\t\t\t<span class=\"elementor-icon-list-text\">Une formation \u00e0 la pr\u00e9vention des incendies pour prendre un bon d\u00e9part<\/span>\n\t\t\t\t\t\t\t\t\t<\/li>\n\t\t\t\t\t\t<\/ul>\n\t\t\t\t<\/div>\n\t\t\t\t<\/div>\n\t\t\t\t<div class=\"elementor-element elementor-element-cbbcaa6 elementor-arrows-position-inside elementor-pagination-position-outside elementor-widget elementor-widget-image-carousel\" data-id=\"cbbcaa6\" data-element_type=\"widget\" data-settings=\"{&quot;slides_to_show&quot;:&quot;1&quot;,&quot;navigation&quot;:&quot;both&quot;,&quot;autoplay&quot;:&quot;yes&quot;,&quot;pause_on_hover&quot;:&quot;yes&quot;,&quot;pause_on_interaction&quot;:&quot;yes&quot;,&quot;autoplay_speed&quot;:5000,&quot;infinite&quot;:&quot;yes&quot;,&quot;effect&quot;:&quot;slide&quot;,&quot;speed&quot;:500}\" data-widget_type=\"image-carousel.default\">\n\t\t\t\t<div class=\"elementor-widget-container\">\n\t\t\t\t\t<div class=\"elementor-image-carousel-wrapper swiper-container\" dir=\"ltr\">\n\t\t\t<div class=\"elementor-image-carousel swiper-wrapper\" aria-live=\"off\">\n\t\t\t\t\t\t\t\t<div class=\"swiper-slide\" role=\"group\" aria-roledescription=\"slide\" aria-label=\"1 of 3\"><figure class=\"swiper-slide-inner\"><img class=\"swiper-slide-image\" src=\"https:\/\/certeso.com\/fr\/wp-content\/uploads\/sites\/3\/2018\/02\/Safety-Reports-Liggingsplan-MU.jpg\" alt=\"Safety Reports\" \/><figcaption class=\"elementor-image-carousel-caption\">Nous remplissons les d\u00e9tails du site dans le logiciel<\/figcaption><\/figure><\/div><div class=\"swiper-slide\" role=\"group\" aria-roledescription=\"slide\" aria-label=\"2 of 3\"><figure class=\"swiper-slide-inner\"><img class=\"swiper-slide-image\" src=\"https:\/\/certeso.com\/fr\/wp-content\/uploads\/sites\/3\/2018\/02\/Safety-Reports.jpg\" alt=\"Safety Reports\" \/><figcaption class=\"elementor-image-carousel-caption\"> Le plan du b\u00e2timent est con\u00e7u dans le logiciel.<\/figcaption><\/figure><\/div><div class=\"swiper-slide\" role=\"group\" aria-roledescription=\"slide\" aria-label=\"3 of 3\"><figure class=\"swiper-slide-inner\"><img class=\"swiper-slide-image\" src=\"https:\/\/certeso.com\/fr\/wp-content\/uploads\/sites\/3\/2018\/02\/Safety-Reports-Evacuatieweg-MU.jpg\" alt=\"Faire un plan d&#039;\u00e9vacuation\" \/><figcaption class=\"elementor-image-carousel-caption\">Les routes d'\u00e9vasion et les pictogrammes sont mis sur le plan.<\/figcaption><\/figure><\/div>\t\t\t<\/div>\n\t\t\t\t\t\t\t\t\t\t\t\t<div class=\"elementor-swiper-button elementor-swiper-button-prev\" role=\"button\" tabindex=\"0\">\n\t\t\t\t\t\t<i aria-hidden=\"true\" class=\"eicon-chevron-left\"><\/i>\t\t\t\t\t<\/div>\n\t\t\t\t\t<div class=\"elementor-swiper-button elementor-swiper-button-next\" role=\"button\" tabindex=\"0\">\n\t\t\t\t\t\t<i aria-hidden=\"true\" class=\"eicon-chevron-right\"><\/i>\t\t\t\t\t<\/div>\n\t\t\t\t\n\t\t\t\t\t\t\t\t\t<div class=\"swiper-pagination\"><\/div>\n\t\t\t\t\t\t\t\t\t<\/div>\n\t\t\t\t<\/div>\n\t\t\t\t<\/div>\n\t\t\t\t<div class=\"elementor-element elementor-element-3947fbf elementor-widget elementor-widget-heading\" data-id=\"3947fbf\" data-element_type=\"widget\" data-widget_type=\"heading.default\">\n\t\t\t\t<div class=\"elementor-widget-container\">\n\t\t\t<h2 class=\"elementor-heading-title elementor-size-default\">Formation de base<\/h2>\t\t<\/div>\n\t\t\t\t<\/div>\n\t\t\t\t<div class=\"elementor-element elementor-element-8e88368 elementor-widget elementor-widget-text-editor\" data-id=\"8e88368\" data-element_type=\"widget\" data-widget_type=\"text-editor.default\">\n\t\t\t\t<div class=\"elementor-widget-container\">\n\t\t\t\t\t\t\t<p>Afin de prendre un bon d\u00e9part, nous dispensons une formation de base en pr\u00e9vention des incendies visant \u00e0 l&#8217;\u00e9tablissement de rapports. Notre application peut \u00eatre utilis\u00e9e en ligne mais peut \u00e9galement \u00eatre install\u00e9e au sein de votre entreprise. Vous pouvez toujours exporter des donn\u00e9es pour les utiliser dans d&#8217;autres applications.<\/p>\t\t\t\t\t\t<\/div>\n\t\t\t\t<\/div>\n\t\t\t\t<div class=\"elementor-element elementor-element-9671d05 elementor-widget elementor-widget-heading\" data-id=\"9671d05\" data-element_type=\"widget\" data-widget_type=\"heading.default\">\n\t\t\t\t<div class=\"elementor-widget-container\">\n\t\t\t<h2 class=\"elementor-heading-title elementor-size-default\">Vous voulez essayer Safety Reports? <br>\nDemandez votre d\u00e9mo<\/h2>\t\t<\/div>\n\t\t\t\t<\/div>\n\t\t\t\t<div class=\"elementor-element elementor-element-bd0ed71 elementor-widget elementor-widget-text-editor\" data-id=\"bd0ed71\" data-element_type=\"widget\" data-widget_type=\"text-editor.default\">\n\t\t\t\t<div class=\"elementor-widget-container\">\n\t\t\t\t\t\t\t<p>Vous souhaitez voir l&#8217;application en action? <br \/>R\u00e9servez votre d\u00e9monstration en ligne avec l&#8217;un de nos experts.<\/p>\t\t\t\t\t\t<\/div>\n\t\t\t\t<\/div>\n\t\t\t\t\t<\/div>\n\t\t<\/div>\n\t\t\t\t\t\t\t<\/div>\n\t\t<\/section>\n\t\t\t\t<section class=\"elementor-section elementor-top-section elementor-element elementor-element-2409b9b elementor-section-boxed elementor-section-height-default elementor-section-height-default\" data-id=\"2409b9b\" data-element_type=\"section\">\n\t\t\t\t\t\t<div class=\"elementor-container elementor-column-gap-default\">\n\t\t\t\t\t<div class=\"elementor-column elementor-col-100 elementor-top-column elementor-element elementor-element-3422161\" data-id=\"3422161\" data-element_type=\"column\">\n\t\t\t<div class=\"elementor-widget-wrap elementor-element-populated\">\n\t\t\t\t\t\t\t\t<div class=\"elementor-element elementor-element-82e1666 elementor-widget elementor-widget-spacer\" data-id=\"82e1666\" data-element_type=\"widget\" data-widget_type=\"spacer.default\">\n\t\t\t\t<div class=\"elementor-widget-container\">\n\t\t\t\t\t<div class=\"elementor-spacer\">\n\t\t\t<div class=\"elementor-spacer-inner\"><\/div>\n\t\t<\/div>\n\t\t\t\t<\/div>\n\t\t\t\t<\/div>\n\t\t\t\t\t<\/div>\n\t\t<\/div>\n\t\t\t\t\t\t\t<\/div>\n\t\t<\/section>\n\t\t\t\t\t\t\t<\/div>\n\t\t","protected":false},"excerpt":{"rendered":"<p>Safety Reports Vous \u00eates responsable de la s\u00e9curit\u00e9 incendie dans votre b\u00e2timent. Ou peut-\u00eatre g\u00e9rez-vous plusieurs b\u00e2timents? Vous pouvez donc \u00eatre s\u00fbr que la collecte de tous les documents prend \u00e9norm\u00e9ment de temps. Maintenir une vue d&#8217;ensemble claire de plusieurs b\u00e2timents est un d\u00e9fi. Avec les rapports de s\u00e9curit\u00e9, vous pouvez enfin tout visualiser dans &#8230; <a title=\"Safety Reports\" class=\"read-more\" href=\"https:\/\/certeso.com\/fr\/safety-reports\/\" aria-label=\"More on Safety Reports\">Lire la suite<\/a><\/p>\n","protected":false},"author":2,"featured_media":0,"parent":0,"menu_order":0,"comment_status":"closed","ping_status":"closed","template":"elementor_header_footer","meta":[],"yoast_head":"<!-- This site is optimized with the Yoast SEO plugin v20.6 - https:\/\/yoast.com\/wordpress\/plugins\/seo\/ -->\n<title>Safety Reports, g\u00e9rer votre s\u00e9curit\u00e9 dans un syst\u00e8me - Certeso<\/title>\n<meta name=\"description\" content=\"Facilitez votre politique de pr\u00e9vention avec Safety Reports. Un syst\u00e8me dans lequel vous pouvez trouver toutes vos informations de s\u00e9curit\u00e9.\" \/>\n<meta name=\"robots\" content=\"index, follow, max-snippet:-1, max-image-preview:large, max-video-preview:-1\" \/>\n<link rel=\"canonical\" href=\"https:\/\/certeso.com\/fr\/safety-reports\/\" \/>\n<meta property=\"og:locale\" content=\"fr_FR\" \/>\n<meta property=\"og:type\" content=\"article\" \/>\n<meta property=\"og:title\" content=\"Safety Reports, g\u00e9rer votre s\u00e9curit\u00e9 dans un syst\u00e8me - Certeso\" \/>\n<meta property=\"og:description\" content=\"Facilitez votre politique de pr\u00e9vention avec Safety Reports. Un syst\u00e8me dans lequel vous pouvez trouver toutes vos informations de s\u00e9curit\u00e9.\" \/>\n<meta property=\"og:url\" content=\"https:\/\/certeso.com\/fr\/safety-reports\/\" \/>\n<meta property=\"og:site_name\" content=\"Certeso\" \/>\n<meta property=\"article:modified_time\" content=\"2024-06-14T11:58:40+00:00\" \/>\n<meta property=\"og:image\" content=\"https:\/\/certeso.com\/fr\/wp-content\/uploads\/sites\/3\/2018\/02\/Safety-Reports-Liggingsplan-MU.jpg\" \/>\n<meta name=\"twitter:card\" content=\"summary_large_image\" \/>\n<meta name=\"twitter:label1\" content=\"Dur\u00e9e de lecture est.\" \/>\n\t<meta name=\"twitter:data1\" content=\"4 minutes\" \/>\n<script type=\"application\/ld+json\" class=\"yoast-schema-graph\">{\"@context\":\"https:\/\/schema.org\",\"@graph\":[{\"@type\":\"WebPage\",\"@id\":\"https:\/\/certeso.com\/fr\/safety-reports\/\",\"url\":\"https:\/\/certeso.com\/fr\/safety-reports\/\",\"name\":\"Safety Reports, g\u00e9rer votre s\u00e9curit\u00e9 dans un syst\u00e8me - Certeso\",\"isPartOf\":{\"@id\":\"https:\/\/certeso.com\/fr\/#website\"},\"datePublished\":\"2017-11-14T14:27:05+00:00\",\"dateModified\":\"2024-06-14T11:58:40+00:00\",\"description\":\"Facilitez votre politique de pr\u00e9vention avec Safety Reports. Un syst\u00e8me dans lequel vous pouvez trouver toutes vos informations de s\u00e9curit\u00e9.\",\"breadcrumb\":{\"@id\":\"https:\/\/certeso.com\/fr\/safety-reports\/#breadcrumb\"},\"inLanguage\":\"fr-BE\",\"potentialAction\":[{\"@type\":\"ReadAction\",\"target\":[\"https:\/\/certeso.com\/fr\/safety-reports\/\"]}]},{\"@type\":\"BreadcrumbList\",\"@id\":\"https:\/\/certeso.com\/fr\/safety-reports\/#breadcrumb\",\"itemListElement\":[{\"@type\":\"ListItem\",\"position\":1,\"name\":\"Home\",\"item\":\"https:\/\/certeso.com\/fr\/\"},{\"@type\":\"ListItem\",\"position\":2,\"name\":\"Safety Reports\"}]},{\"@type\":\"WebSite\",\"@id\":\"https:\/\/certeso.com\/fr\/#website\",\"url\":\"https:\/\/certeso.com\/fr\/\",\"name\":\"Certeso\",\"description\":\"S\u00e9curit\u00e9 sans soucis\",\"potentialAction\":[{\"@type\":\"SearchAction\",\"target\":{\"@type\":\"EntryPoint\",\"urlTemplate\":\"https:\/\/certeso.com\/fr\/?s={search_term_string}\"},\"query-input\":\"required name=search_term_string\"}],\"inLanguage\":\"fr-BE\"}]}<\/script>\n<!-- \/ Yoast SEO plugin. -->","yoast_head_json":{"title":"Safety Reports, g\u00e9rer votre s\u00e9curit\u00e9 dans un syst\u00e8me - Certeso","description":"Facilitez votre politique de pr\u00e9vention avec Safety Reports. Un syst\u00e8me dans lequel vous pouvez trouver toutes vos informations de s\u00e9curit\u00e9.","robots":{"index":"index","follow":"follow","max-snippet":"max-snippet:-1","max-image-preview":"max-image-preview:large","max-video-preview":"max-video-preview:-1"},"canonical":"https:\/\/certeso.com\/fr\/safety-reports\/","og_locale":"fr_FR","og_type":"article","og_title":"Safety Reports, g\u00e9rer votre s\u00e9curit\u00e9 dans un syst\u00e8me - Certeso","og_description":"Facilitez votre politique de pr\u00e9vention avec Safety Reports. Un syst\u00e8me dans lequel vous pouvez trouver toutes vos informations de s\u00e9curit\u00e9.","og_url":"https:\/\/certeso.com\/fr\/safety-reports\/","og_site_name":"Certeso","article_modified_time":"2024-06-14T11:58:40+00:00","og_image":[{"url":"https:\/\/certeso.com\/fr\/wp-content\/uploads\/sites\/3\/2018\/02\/Safety-Reports-Liggingsplan-MU.jpg"}],"twitter_card":"summary_large_image","twitter_misc":{"Dur\u00e9e de lecture est.":"4 minutes"},"schema":{"@context":"https:\/\/schema.org","@graph":[{"@type":"WebPage","@id":"https:\/\/certeso.com\/fr\/safety-reports\/","url":"https:\/\/certeso.com\/fr\/safety-reports\/","name":"Safety Reports, g\u00e9rer votre s\u00e9curit\u00e9 dans un syst\u00e8me - Certeso","isPartOf":{"@id":"https:\/\/certeso.com\/fr\/#website"},"datePublished":"2017-11-14T14:27:05+00:00","dateModified":"2024-06-14T11:58:40+00:00","description":"Facilitez votre politique de pr\u00e9vention avec Safety Reports. Un syst\u00e8me dans lequel vous pouvez trouver toutes vos informations de s\u00e9curit\u00e9.","breadcrumb":{"@id":"https:\/\/certeso.com\/fr\/safety-reports\/#breadcrumb"},"inLanguage":"fr-BE","potentialAction":[{"@type":"ReadAction","target":["https:\/\/certeso.com\/fr\/safety-reports\/"]}]},{"@type":"BreadcrumbList","@id":"https:\/\/certeso.com\/fr\/safety-reports\/#breadcrumb","itemListElement":[{"@type":"ListItem","position":1,"name":"Home","item":"https:\/\/certeso.com\/fr\/"},{"@type":"ListItem","position":2,"name":"Safety Reports"}]},{"@type":"WebSite","@id":"https:\/\/certeso.com\/fr\/#website","url":"https:\/\/certeso.com\/fr\/","name":"Certeso","description":"S\u00e9curit\u00e9 sans soucis","potentialAction":[{"@type":"SearchAction","target":{"@type":"EntryPoint","urlTemplate":"https:\/\/certeso.com\/fr\/?s={search_term_string}"},"query-input":"required name=search_term_string"}],"inLanguage":"fr-BE"}]}},"_links":{"self":[{"href":"https:\/\/certeso.com\/fr\/wp-json\/wp\/v2\/pages\/109"}],"collection":[{"href":"https:\/\/certeso.com\/fr\/wp-json\/wp\/v2\/pages"}],"about":[{"href":"https:\/\/certeso.com\/fr\/wp-json\/wp\/v2\/types\/page"}],"author":[{"embeddable":true,"href":"https:\/\/certeso.com\/fr\/wp-json\/wp\/v2\/users\/2"}],"replies":[{"embeddable":true,"href":"https:\/\/certeso.com\/fr\/wp-json\/wp\/v2\/comments?post=109"}],"version-history":[{"count":138,"href":"https:\/\/certeso.com\/fr\/wp-json\/wp\/v2\/pages\/109\/revisions"}],"predecessor-version":[{"id":5273,"href":"https:\/\/certeso.com\/fr\/wp-json\/wp\/v2\/pages\/109\/revisions\/5273"}],"wp:attachment":[{"href":"https:\/\/certeso.com\/fr\/wp-json\/wp\/v2\/media?parent=109"}],"curies":[{"name":"wp","href":"https:\/\/api.w.org\/{rel}","templated":true}]}}