{"id":149,"date":"2017-11-14T14:32:52","date_gmt":"2017-11-14T14:32:52","guid":{"rendered":"http:\/\/104.199.71.175\/?page_id=149"},"modified":"2024-11-23T10:47:19","modified_gmt":"2024-11-23T09:47:19","slug":"emplois-vacants","status":"publish","type":"page","link":"https:\/\/certeso.com\/fr\/emplois-vacants\/","title":{"rendered":"Emplois vacants"},"content":{"rendered":"\t\t<div data-elementor-type=\"wp-post\" data-elementor-id=\"149\" class=\"elementor elementor-149\" data-elementor-post-type=\"page\">\n\t\t\t\t\t\t\t\t\t<section class=\"elementor-section elementor-top-section elementor-element elementor-element-79d9e2bd elementor-section-boxed elementor-section-height-default elementor-section-height-default\" data-id=\"79d9e2bd\" data-element_type=\"section\" data-settings=\"{&quot;background_background&quot;:&quot;classic&quot;}\">\n\t\t\t\t\t\t<div class=\"elementor-container elementor-column-gap-default\">\n\t\t\t\t\t<div class=\"elementor-column elementor-col-100 elementor-top-column elementor-element elementor-element-26812152\" data-id=\"26812152\" data-element_type=\"column\">\n\t\t\t<div class=\"elementor-widget-wrap elementor-element-populated\">\n\t\t\t\t\t\t\t\t<div class=\"elementor-element elementor-element-29cc21e7 elementor-widget elementor-widget-heading\" data-id=\"29cc21e7\" data-element_type=\"widget\" data-widget_type=\"heading.default\">\n\t\t\t\t<div class=\"elementor-widget-container\">\n\t\t\t<h2 class=\"elementor-heading-title elementor-size-default\">\u00cates-vous le coll\u00e8gue que nous recherchons ?<\/h2>\t\t<\/div>\n\t\t\t\t<\/div>\n\t\t\t\t\t<\/div>\n\t\t<\/div>\n\t\t\t\t\t\t\t<\/div>\n\t\t<\/section>\n\t\t\t\t<section class=\"elementor-section elementor-top-section elementor-element elementor-element-0a08303 elementor-section-boxed elementor-section-height-default elementor-section-height-default\" data-id=\"0a08303\" data-element_type=\"section\">\n\t\t\t\t\t\t<div class=\"elementor-container elementor-column-gap-default\">\n\t\t\t\t\t<div class=\"elementor-column elementor-col-100 elementor-top-column elementor-element elementor-element-2e36a90\" data-id=\"2e36a90\" data-element_type=\"column\">\n\t\t\t<div class=\"elementor-widget-wrap elementor-element-populated\">\n\t\t\t\t\t\t\t\t<div class=\"elementor-element elementor-element-6b1189c elementor-widget elementor-widget-heading\" data-id=\"6b1189c\" data-element_type=\"widget\" data-widget_type=\"heading.default\">\n\t\t\t\t<div class=\"elementor-widget-container\">\n\t\t\t<h2 class=\"elementor-heading-title elementor-size-default\">Conseiller en pr\u00e9vention des incendies<\/h2>\t\t<\/div>\n\t\t\t\t<\/div>\n\t\t\t\t\t<\/div>\n\t\t<\/div>\n\t\t\t\t\t\t\t<\/div>\n\t\t<\/section>\n\t\t\t\t<section class=\"elementor-section elementor-top-section elementor-element elementor-element-7c3ee56 elementor-section-boxed elementor-section-height-default elementor-section-height-default\" data-id=\"7c3ee56\" data-element_type=\"section\">\n\t\t\t\t\t\t<div class=\"elementor-container elementor-column-gap-default\">\n\t\t\t\t\t<div class=\"elementor-column elementor-col-100 elementor-top-column elementor-element elementor-element-275dde6\" data-id=\"275dde6\" data-element_type=\"column\">\n\t\t\t<div class=\"elementor-widget-wrap elementor-element-populated\">\n\t\t\t\t\t\t\t\t<div class=\"elementor-element elementor-element-1f02d37 elementor-widget elementor-widget-text-editor\" data-id=\"1f02d37\" data-element_type=\"widget\" data-widget_type=\"text-editor.default\">\n\t\t\t\t<div class=\"elementor-widget-container\">\n\t\t\t\t\t\t\t<p>Vous souhaitez vous plonger dans le monde passionnant de la s\u00e9curit\u00e9 et de la pr\u00e9vention des incendies et devenir un expert en la mati\u00e8re\u2009? Certeso est \u00e0 la recherche d\u2019un profil comme le v\u00f4tre\u00a0: une personne curieuse et pleinement investie dans la cr\u00e9ation d\u2019un environnement de travail s\u00fbr.<\/p>\t\t\t\t\t\t<\/div>\n\t\t\t\t<\/div>\n\t\t\t\t\t<\/div>\n\t\t<\/div>\n\t\t\t\t\t\t\t<\/div>\n\t\t<\/section>\n\t\t\t\t<section class=\"elementor-section elementor-top-section elementor-element elementor-element-e1b742c elementor-section-boxed elementor-section-height-default elementor-section-height-default\" data-id=\"e1b742c\" data-element_type=\"section\">\n\t\t\t\t\t\t<div class=\"elementor-container elementor-column-gap-default\">\n\t\t\t\t\t<div class=\"elementor-column elementor-col-100 elementor-top-column elementor-element elementor-element-46d9210\" data-id=\"46d9210\" data-element_type=\"column\">\n\t\t\t<div class=\"elementor-widget-wrap elementor-element-populated\">\n\t\t\t\t\t\t\t\t<div class=\"elementor-element elementor-element-6ac59a9 elementor-widget elementor-widget-heading\" data-id=\"6ac59a9\" data-element_type=\"widget\" data-widget_type=\"heading.default\">\n\t\t\t\t<div class=\"elementor-widget-container\">\n\t\t\t<h2 class=\"elementor-heading-title elementor-size-default\">\u00c0 propos de Certeso<\/h2>\t\t<\/div>\n\t\t\t\t<\/div>\n\t\t\t\t<div class=\"elementor-element elementor-element-2a88ca4 elementor-widget elementor-widget-text-editor\" data-id=\"2a88ca4\" data-element_type=\"widget\" data-widget_type=\"text-editor.default\">\n\t\t\t\t<div class=\"elementor-widget-container\">\n\t\t\t\t\t\t\t<p>Chez Certeso, nous veillons \u00e0 ce que chacun puisse travailler en toute s\u00e9curit\u00e9, sans se soucier de la s\u00e9curit\u00e9 incendie. Notre mission est d\u2019aider les entreprises \u00e0 se conformer \u00e0 la l\u00e9gislation en la mati\u00e8re de la mani\u00e8re la plus efficace, quelles que soient leurs connaissances pr\u00e9alables. Nous sommes une entreprise dynamique et en pleine croissance, o\u00f9 vous pourrez apprendre, \u00e9voluer et travailler aux c\u00f4t\u00e9s d\u2019une \u00e9quipe motiv\u00e9e et passionn\u00e9e. Depuis notre bureau de Fernelmont et Halen, nous nous engageons au quotidien \u00e0 garantir \u00e0 chacun un avenir sans risque d\u2019incendie.<\/p>\t\t\t\t\t\t<\/div>\n\t\t\t\t<\/div>\n\t\t\t\t<div class=\"elementor-element elementor-element-af2029d elementor-widget elementor-widget-heading\" data-id=\"af2029d\" data-element_type=\"widget\" data-widget_type=\"heading.default\">\n\t\t\t\t<div class=\"elementor-widget-container\">\n\t\t\t<h2 class=\"elementor-heading-title elementor-size-default\">\u00c0 propos de la fonction<\/h2>\t\t<\/div>\n\t\t\t\t<\/div>\n\t\t\t\t<div class=\"elementor-element elementor-element-118ce12 elementor-widget elementor-widget-text-editor\" data-id=\"118ce12\" data-element_type=\"widget\" data-widget_type=\"text-editor.default\">\n\t\t\t\t<div class=\"elementor-widget-container\">\n\t\t\t\t\t\t\t<p>En tant que conseiller en pr\u00e9vention des incendies, vous aidez nos clients \u00e0 faire passer leur s\u00e9curit\u00e9 incendie au niveau sup\u00e9rieur. Vous visitez les entreprises, \u00e9valuez leur s\u00e9curit\u00e9 incendie et, \u00e0 l\u2019aide de nos logiciels exclusifs, pr\u00e9parez des dossiers de pr\u00e9vention des incendies conformes \u00e0 la<br \/>l\u00e9gislation la plus r\u00e9cente. Une exp\u00e9rience sp\u00e9cifique dans le domaine de la pr\u00e9vention des incendies n\u2019est pas requise. Nous<br \/>cherchons, en revanche, un esprit curieux, pr\u00eat \u00e0 s\u2019investir pleinement.<\/p><p>Chez Certeso, nous pensons que les vraies comp\u00e9tences ne s\u2019acqui\u00e8rent que sur le terrain. Nous n\u2019exigeons pas de dipl\u00f4me sp\u00e9cifique, mais une capacit\u00e9 de r\u00e9flexion de niveau bachelier ou quelques ann\u00e9es d\u2019exp\u00e9rience dans un autre secteur.<\/p><p>L\u2019essentiel, c\u2019est votre motivation \u00e0 apprendre et \u00e0 vous d\u00e9velopper.<\/p>\t\t\t\t\t\t<\/div>\n\t\t\t\t<\/div>\n\t\t\t\t<div class=\"elementor-element elementor-element-5f753bc elementor-widget elementor-widget-heading\" data-id=\"5f753bc\" data-element_type=\"widget\" data-widget_type=\"heading.default\">\n\t\t\t\t<div class=\"elementor-widget-container\">\n\t\t\t<h2 class=\"elementor-heading-title elementor-size-default\">Vos t\u00e2ches<\/h2>\t\t<\/div>\n\t\t\t\t<\/div>\n\t\t\t\t<div class=\"elementor-element elementor-element-701a4e9 elementor-widget elementor-widget-text-editor\" data-id=\"701a4e9\" data-element_type=\"widget\" data-widget_type=\"text-editor.default\">\n\t\t\t\t<div class=\"elementor-widget-container\">\n\t\t\t\t\t\t\t<ul><li><span class=\"elementor-icon-list-text\">Visiter les sites des clients pour recueillir des informations et pr\u00e9parer des dossiers de pr\u00e9vention des incendies.<\/span><\/li><li>Analyser et \u00e9valuer la s\u00e9curit\u00e9 incendie \u00e0 l\u2019aide de nos outils logiciels.<\/li><li>Pr\u00e9parer des rapports tels que les plans d\u2019\u00e9vacuation, les dossiers d\u2019intervention, les plans d\u2019urgence internes et les analyses de risques.<\/li><li>Conseiller les clients sur les mesures de s\u00e9curit\u00e9 incendie et la l\u00e9gislation.<\/li><li>Contribuer activement \u00e0 l\u2019am\u00e9lioration de nos produits et outils.<\/li><\/ul>\t\t\t\t\t\t<\/div>\n\t\t\t\t<\/div>\n\t\t\t\t<div class=\"elementor-element elementor-element-43637eb elementor-widget elementor-widget-heading\" data-id=\"43637eb\" data-element_type=\"widget\" data-widget_type=\"heading.default\">\n\t\t\t\t<div class=\"elementor-widget-container\">\n\t\t\t<h2 class=\"elementor-heading-title elementor-size-default\">Votre profil<\/h2>\t\t<\/div>\n\t\t\t\t<\/div>\n\t\t\t\t<div class=\"elementor-element elementor-element-cc7cf9d elementor-widget elementor-widget-text-editor\" data-id=\"cc7cf9d\" data-element_type=\"widget\" data-widget_type=\"text-editor.default\">\n\t\t\t\t<div class=\"elementor-widget-container\">\n\t\t\t\t\t\t\t<ul><li>Vous avez une capacit\u00e9 de r\u00e9flexion de niveau bachelier ou une exp\u00e9rience similaire.<\/li><li>Vous avez l\u2019envie d\u2019apprendre et de devenir un expert en pr\u00e9vention des incendies.<\/li><li>L\u2019exp\u00e9rience des outils logiciels et la ma\u00eetrise des nouvelles technologies sont essentielles.<\/li><li>Une exp\u00e9rience d\u2019Autocad ou d\u2019Illustrator est un plus, mais n\u2019est pas n\u00e9cessaire.<\/li><li>Vous avez suffisamment de maturit\u00e9 et de sens des responsabilit\u00e9s pour travailler de mani\u00e8re autonome.<\/li><li>Vous \u00eates \u00e0 l\u2019aise avec des clients issus de diff\u00e9rents secteurs.<\/li><\/ul>\t\t\t\t\t\t<\/div>\n\t\t\t\t<\/div>\n\t\t\t\t<div class=\"elementor-element elementor-element-88107e0 elementor-widget elementor-widget-heading\" data-id=\"88107e0\" data-element_type=\"widget\" data-widget_type=\"heading.default\">\n\t\t\t\t<div class=\"elementor-widget-container\">\n\t\t\t<h2 class=\"elementor-heading-title elementor-size-default\">Ce que nous proposons<\/h2>\t\t<\/div>\n\t\t\t\t<\/div>\n\t\t\t\t<div class=\"elementor-element elementor-element-82fe538 elementor-widget elementor-widget-text-editor\" data-id=\"82fe538\" data-element_type=\"widget\" data-widget_type=\"text-editor.default\">\n\t\t\t\t<div class=\"elementor-widget-container\">\n\t\t\t\t\t\t\t<ul><li>Une carri\u00e8re dans le monde fascinant de la pr\u00e9vention des incendies.<\/li><li>La formation et l\u2019accompagnement n\u00e9cessaires pour ma\u00eetriser les produits \u00e9tape par \u00e9tape\u00a0<span style=\"color: var( --e-global-color-text ); font-family: var( --e-global-typography-text-font-family ), Sans-serif; font-weight: var( --e-global-typography-text-font-weight );\">et acqu\u00e9rir les connaissances n\u00e9cessaires.<\/span><\/li><li>Un poste vari\u00e9 au sein d\u2019une entreprise dynamique o\u00f9 la collaboration est essentielle.<\/li><li>Horaires de travail flexibles dans le cadre d\u2019un r\u00e9gime de travail \u00e0 temps plein (38 heures).<\/li><li>Un salaire comp\u00e9titif en fonction de votre exp\u00e9rience, avec des avantages sociaux tels\u00a0<span style=\"color: var( --e-global-color-text ); font-family: var( --e-global-typography-text-font-family ), Sans-serif; font-weight: var( --e-global-typography-text-font-weight );\">qu\u2019une voiture de soci\u00e9t\u00e9 et une carte carburant.<\/span><\/li><li>Possibilit\u00e9 de travailler \u00e0 domicile apr\u00e8s une p\u00e9riode d\u2019initiation.<\/li><li>Un environnement de travail o\u00f9 l\u2019\u00e9panouissement personnel et professionnel est essentiel.<\/li><\/ul>\t\t\t\t\t\t<\/div>\n\t\t\t\t<\/div>\n\t\t\t\t<div class=\"elementor-element elementor-element-8477df1 elementor-widget elementor-widget-heading\" data-id=\"8477df1\" data-element_type=\"widget\" data-widget_type=\"heading.default\">\n\t\t\t\t<div class=\"elementor-widget-container\">\n\t\t\t<h2 class=\"elementor-heading-title elementor-size-default\">Pourquoi postuler\u2009?<\/h2>\t\t<\/div>\n\t\t\t\t<\/div>\n\t\t\t\t<div class=\"elementor-element elementor-element-706d08e elementor-widget elementor-widget-text-editor\" data-id=\"706d08e\" data-element_type=\"widget\" data-widget_type=\"text-editor.default\">\n\t\t\t\t<div class=\"elementor-widget-container\">\n\t\t\t\t\t\t\t<p>Certeso vous offre la possibilit\u00e9 de vous d\u00e9velopper, de vous mettre au d\u00e9fi et de vous sp\u00e9cialiser dans la s\u00e9curit\u00e9 incendie, un secteur essentiel qui compte vraiment. Rejoignez notre \u00e9quipe et contribuez \u00e0 un monde plus s\u00fbr\u2009!<\/p>\t\t\t\t\t\t<\/div>\n\t\t\t\t<\/div>\n\t\t\t\t<div class=\"elementor-element elementor-element-d424044 elementor-widget elementor-widget-heading\" data-id=\"d424044\" data-element_type=\"widget\" data-widget_type=\"heading.default\">\n\t\t\t\t<div class=\"elementor-widget-container\">\n\t\t\t<h2 class=\"elementor-heading-title elementor-size-default\">Pr\u00eat \u00e0 relever ce d\u00e9fi\u2009?<\/h2>\t\t<\/div>\n\t\t\t\t<\/div>\n\t\t\t\t<div class=\"elementor-element elementor-element-60e05f8 elementor-widget elementor-widget-text-editor\" data-id=\"60e05f8\" data-element_type=\"widget\" data-widget_type=\"text-editor.default\">\n\t\t\t\t<div class=\"elementor-widget-container\">\n\t\t\t\t\t\t\t<p>Envoyez votre CV et votre lettre de motivation \u00e0 vacature@certeso.com ou postulez gr\u00e2ce au formulaire ci-dessous. Nous nous r\u00e9jouissons de vous accueillir parmi nous\u2009!<\/p>\t\t\t\t\t\t<\/div>\n\t\t\t\t<\/div>\n\t\t\t\t\t<\/div>\n\t\t<\/div>\n\t\t\t\t\t\t\t<\/div>\n\t\t<\/section>\n\t\t\t\t<section class=\"elementor-section elementor-top-section elementor-element elementor-element-5d18b7a elementor-section-boxed elementor-section-height-default elementor-section-height-default\" data-id=\"5d18b7a\" data-element_type=\"section\" data-settings=\"{&quot;background_background&quot;:&quot;classic&quot;}\">\n\t\t\t\t\t\t<div class=\"elementor-container elementor-column-gap-default\">\n\t\t\t\t\t<div class=\"elementor-column elementor-col-100 elementor-top-column elementor-element elementor-element-2155674\" data-id=\"2155674\" data-element_type=\"column\">\n\t\t\t<div class=\"elementor-widget-wrap elementor-element-populated\">\n\t\t\t\t\t\t\t\t<div class=\"elementor-element elementor-element-4ca6e66 elementor-widget elementor-widget-heading\" data-id=\"4ca6e66\" data-element_type=\"widget\" data-widget_type=\"heading.default\">\n\t\t\t\t<div class=\"elementor-widget-container\">\n\t\t\t<h2 class=\"elementor-heading-title elementor-size-default\">Contactez nous!<\/h2>\t\t<\/div>\n\t\t\t\t<\/div>\n\t\t\t\t<div class=\"elementor-element elementor-element-a3ccd19 elementor-button-align-center elementor-widget elementor-widget-form\" data-id=\"a3ccd19\" data-element_type=\"widget\" data-settings=\"{&quot;step_next_label&quot;:&quot;Next&quot;,&quot;step_previous_label&quot;:&quot;Previous&quot;,&quot;button_width&quot;:&quot;100&quot;,&quot;step_type&quot;:&quot;number_text&quot;,&quot;step_icon_shape&quot;:&quot;circle&quot;}\" data-widget_type=\"form.default\">\n\t\t\t\t<div class=\"elementor-widget-container\">\n\t\t\t\t\t<form class=\"elementor-form\" method=\"post\" name=\"New Form\">\n\t\t\t<input type=\"hidden\" name=\"post_id\" value=\"149\"\/>\n\t\t\t<input type=\"hidden\" name=\"form_id\" value=\"a3ccd19\"\/>\n\t\t\t<input type=\"hidden\" name=\"referer_title\" value=\"Certeso\" \/>\n\n\t\t\t\n\t\t\t<div class=\"elementor-form-fields-wrapper elementor-labels-above\">\n\t\t\t\t\t\t\t\t<div class=\"elementor-field-type-text elementor-field-group elementor-column elementor-field-group-name elementor-col-40 elementor-field-required\">\n\t\t\t\t\t\t\t\t\t\t\t\t\t<input size=\"1\" type=\"text\" name=\"form_fields[name]\" id=\"form-field-name\" class=\"elementor-field elementor-size-sm  elementor-field-textual\" placeholder=\"Votre nom\" required=\"required\" aria-required=\"true\">\n\t\t\t\t\t\t\t\t\t\t\t<\/div>\n\t\t\t\t\t\t\t\t<div class=\"elementor-field-type-tel elementor-field-group elementor-column elementor-field-group-field_c7ebd4b elementor-col-20 elementor-field-required\">\n\t\t\t\t\t\t\t<input size=\"1\" type=\"tel\" name=\"form_fields[field_c7ebd4b]\" id=\"form-field-field_c7ebd4b\" class=\"elementor-field elementor-size-sm  elementor-field-textual\" placeholder=\"Tel.*\" required=\"required\" aria-required=\"true\" pattern=\"[0-9()#&amp;+*-=.]+\" title=\"Only numbers and phone characters (#, -, *, etc) are accepted.\">\n\n\t\t\t\t\t\t<\/div>\n\t\t\t\t\t\t\t\t<div class=\"elementor-field-type-email elementor-field-group elementor-column elementor-field-group-email elementor-col-40 elementor-field-required\">\n\t\t\t\t\t\t\t\t\t\t\t\t\t<input size=\"1\" type=\"email\" name=\"form_fields[email]\" id=\"form-field-email\" class=\"elementor-field elementor-size-sm  elementor-field-textual\" placeholder=\"E-mail*\" required=\"required\" aria-required=\"true\">\n\t\t\t\t\t\t\t\t\t\t\t<\/div>\n\t\t\t\t\t\t\t\t<div class=\"elementor-field-type-textarea elementor-field-group elementor-column elementor-field-group-message elementor-col-100 elementor-field-required\">\n\t\t\t\t\t<textarea class=\"elementor-field-textual elementor-field  elementor-size-sm\" name=\"form_fields[message]\" id=\"form-field-message\" rows=\"4\" placeholder=\"Votre message\" required=\"required\" aria-required=\"true\"><\/textarea>\t\t\t\t<\/div>\n\t\t\t\t\t\t\t\t<div class=\"elementor-field-type-upload elementor-field-group elementor-column elementor-field-group-field_b1f817a elementor-col-100 elementor-field-required\">\n\t\t\t\t\t\t\t<input type=\"file\" name=\"form_fields[field_b1f817a][]\" id=\"form-field-field_b1f817a\" class=\"elementor-field elementor-size-sm  elementor-upload-field\" required=\"required\" aria-required=\"true\" multiple=\"multiple\" data-maxsize=\"1\" data-maxsize-message=\"This file exceeds the maximum allowed size.\">\n\n\t\t\t\t\t\t<\/div>\n\t\t\t\t\t\t\t\t<div class=\"elementor-field-group elementor-column elementor-field-type-submit elementor-col-100 e-form__buttons\">\n\t\t\t\t\t<button type=\"submit\" class=\"elementor-button elementor-size-md\">\n\t\t\t\t\t\t<span >\n\t\t\t\t\t\t\t\t\t\t\t\t\t\t\t<span class=\" elementor-button-icon\">\n\t\t\t\t\t\t\t\t\t\t\t\t\t\t\t\t\t\t\t\t\t\t\t\t\t\t<\/span>\n\t\t\t\t\t\t\t\t\t\t\t\t\t\t\t\t\t\t\t\t\t\t<span class=\"elementor-button-text\">Envoyer<\/span>\n\t\t\t\t\t\t\t\t\t\t\t\t\t<\/span>\n\t\t\t\t\t<\/button>\n\t\t\t\t<\/div>\n\t\t\t<\/div>\n\t\t<\/form>\n\t\t\t\t<\/div>\n\t\t\t\t<\/div>\n\t\t\t\t\t<\/div>\n\t\t<\/div>\n\t\t\t\t\t\t\t<\/div>\n\t\t<\/section>\n\t\t\t\t\t\t\t<\/div>\n\t\t","protected":false},"excerpt":{"rendered":"<p>\u00cates-vous le coll\u00e8gue que nous recherchons ? Conseiller en pr\u00e9vention des incendies Vous souhaitez vous plonger dans le monde passionnant de la s\u00e9curit\u00e9 et de la pr\u00e9vention des incendies et devenir un expert en la mati\u00e8re\u2009? Certeso est \u00e0 la recherche d\u2019un profil comme le v\u00f4tre\u00a0: une personne curieuse et pleinement investie dans la cr\u00e9ation &#8230; <a title=\"Emplois vacants\" class=\"read-more\" href=\"https:\/\/certeso.com\/fr\/emplois-vacants\/\" aria-label=\"More on Emplois vacants\">Lire la suite<\/a><\/p>\n","protected":false},"author":2,"featured_media":0,"parent":0,"menu_order":0,"comment_status":"closed","ping_status":"closed","template":"elementor_header_footer","meta":[],"yoast_head":"<!-- This site is optimized with the Yoast SEO plugin v20.6 - https:\/\/yoast.com\/wordpress\/plugins\/seo\/ -->\n<title>Certeso - Emplois vacants, voulez-vous un travail stimulant?<\/title>\n<meta name=\"description\" content=\"Emplois vacants: Chez Certeso, nous sommes toujours \u00e0 la recherche de talents. D\u00e9sol\u00e9, nous n\u2019avons actuellement aucune offre d\u2019emploi. Mais n\u2019h\u00e9sitez pas \u00e0 nous convaincre dans une application spontan\u00e9e. Application spontan\u00e9e Certeso est une entreprise jeune et dynamique qui\" \/>\n<meta name=\"robots\" content=\"index, follow, max-snippet:-1, max-image-preview:large, max-video-preview:-1\" \/>\n<link rel=\"canonical\" href=\"https:\/\/certeso.com\/fr\/emplois-vacants\/\" \/>\n<meta property=\"og:locale\" content=\"fr_FR\" \/>\n<meta property=\"og:type\" content=\"article\" \/>\n<meta property=\"og:title\" content=\"Certeso - Emplois vacants, voulez-vous un travail stimulant?\" \/>\n<meta property=\"og:description\" content=\"Emplois vacants: Chez Certeso, nous sommes toujours \u00e0 la recherche de talents. D\u00e9sol\u00e9, nous n\u2019avons actuellement aucune offre d\u2019emploi. Mais n\u2019h\u00e9sitez pas \u00e0 nous convaincre dans une application spontan\u00e9e. Application spontan\u00e9e Certeso est une entreprise jeune et dynamique qui\" \/>\n<meta property=\"og:url\" content=\"https:\/\/certeso.com\/fr\/emplois-vacants\/\" \/>\n<meta property=\"og:site_name\" content=\"Certeso\" \/>\n<meta property=\"article:modified_time\" content=\"2024-11-23T09:47:19+00:00\" \/>\n<meta name=\"twitter:card\" content=\"summary_large_image\" \/>\n<meta name=\"twitter:label1\" content=\"Dur\u00e9e de lecture est.\" \/>\n\t<meta name=\"twitter:data1\" content=\"4 minutes\" \/>\n<script type=\"application\/ld+json\" class=\"yoast-schema-graph\">{\"@context\":\"https:\/\/schema.org\",\"@graph\":[{\"@type\":\"WebPage\",\"@id\":\"https:\/\/certeso.com\/fr\/emplois-vacants\/\",\"url\":\"https:\/\/certeso.com\/fr\/emplois-vacants\/\",\"name\":\"Certeso - Emplois vacants, voulez-vous un travail stimulant?\",\"isPartOf\":{\"@id\":\"https:\/\/certeso.com\/fr\/#website\"},\"datePublished\":\"2017-11-14T14:32:52+00:00\",\"dateModified\":\"2024-11-23T09:47:19+00:00\",\"description\":\"Emplois vacants: Chez Certeso, nous sommes toujours \u00e0 la recherche de talents. D\u00e9sol\u00e9, nous n\u2019avons actuellement aucune offre d\u2019emploi. Mais n\u2019h\u00e9sitez pas \u00e0 nous convaincre dans une application spontan\u00e9e. Application spontan\u00e9e Certeso est une entreprise jeune et dynamique qui\",\"breadcrumb\":{\"@id\":\"https:\/\/certeso.com\/fr\/emplois-vacants\/#breadcrumb\"},\"inLanguage\":\"fr-BE\",\"potentialAction\":[{\"@type\":\"ReadAction\",\"target\":[\"https:\/\/certeso.com\/fr\/emplois-vacants\/\"]}]},{\"@type\":\"BreadcrumbList\",\"@id\":\"https:\/\/certeso.com\/fr\/emplois-vacants\/#breadcrumb\",\"itemListElement\":[{\"@type\":\"ListItem\",\"position\":1,\"name\":\"Home\",\"item\":\"https:\/\/certeso.com\/fr\/\"},{\"@type\":\"ListItem\",\"position\":2,\"name\":\"Emplois vacants\"}]},{\"@type\":\"WebSite\",\"@id\":\"https:\/\/certeso.com\/fr\/#website\",\"url\":\"https:\/\/certeso.com\/fr\/\",\"name\":\"Certeso\",\"description\":\"S\u00e9curit\u00e9 sans soucis\",\"potentialAction\":[{\"@type\":\"SearchAction\",\"target\":{\"@type\":\"EntryPoint\",\"urlTemplate\":\"https:\/\/certeso.com\/fr\/?s={search_term_string}\"},\"query-input\":\"required name=search_term_string\"}],\"inLanguage\":\"fr-BE\"}]}<\/script>\n<!-- \/ Yoast SEO plugin. -->","yoast_head_json":{"title":"Certeso - Emplois vacants, voulez-vous un travail stimulant?","description":"Emplois vacants: Chez Certeso, nous sommes toujours \u00e0 la recherche de talents. D\u00e9sol\u00e9, nous n\u2019avons actuellement aucune offre d\u2019emploi. Mais n\u2019h\u00e9sitez pas \u00e0 nous convaincre dans une application spontan\u00e9e. Application spontan\u00e9e Certeso est une entreprise jeune et dynamique qui","robots":{"index":"index","follow":"follow","max-snippet":"max-snippet:-1","max-image-preview":"max-image-preview:large","max-video-preview":"max-video-preview:-1"},"canonical":"https:\/\/certeso.com\/fr\/emplois-vacants\/","og_locale":"fr_FR","og_type":"article","og_title":"Certeso - Emplois vacants, voulez-vous un travail stimulant?","og_description":"Emplois vacants: Chez Certeso, nous sommes toujours \u00e0 la recherche de talents. D\u00e9sol\u00e9, nous n\u2019avons actuellement aucune offre d\u2019emploi. Mais n\u2019h\u00e9sitez pas \u00e0 nous convaincre dans une application spontan\u00e9e. Application spontan\u00e9e Certeso est une entreprise jeune et dynamique qui","og_url":"https:\/\/certeso.com\/fr\/emplois-vacants\/","og_site_name":"Certeso","article_modified_time":"2024-11-23T09:47:19+00:00","twitter_card":"summary_large_image","twitter_misc":{"Dur\u00e9e de lecture est.":"4 minutes"},"schema":{"@context":"https:\/\/schema.org","@graph":[{"@type":"WebPage","@id":"https:\/\/certeso.com\/fr\/emplois-vacants\/","url":"https:\/\/certeso.com\/fr\/emplois-vacants\/","name":"Certeso - Emplois vacants, voulez-vous un travail stimulant?","isPartOf":{"@id":"https:\/\/certeso.com\/fr\/#website"},"datePublished":"2017-11-14T14:32:52+00:00","dateModified":"2024-11-23T09:47:19+00:00","description":"Emplois vacants: Chez Certeso, nous sommes toujours \u00e0 la recherche de talents. D\u00e9sol\u00e9, nous n\u2019avons actuellement aucune offre d\u2019emploi. Mais n\u2019h\u00e9sitez pas \u00e0 nous convaincre dans une application spontan\u00e9e. Application spontan\u00e9e Certeso est une entreprise jeune et dynamique qui","breadcrumb":{"@id":"https:\/\/certeso.com\/fr\/emplois-vacants\/#breadcrumb"},"inLanguage":"fr-BE","potentialAction":[{"@type":"ReadAction","target":["https:\/\/certeso.com\/fr\/emplois-vacants\/"]}]},{"@type":"BreadcrumbList","@id":"https:\/\/certeso.com\/fr\/emplois-vacants\/#breadcrumb","itemListElement":[{"@type":"ListItem","position":1,"name":"Home","item":"https:\/\/certeso.com\/fr\/"},{"@type":"ListItem","position":2,"name":"Emplois vacants"}]},{"@type":"WebSite","@id":"https:\/\/certeso.com\/fr\/#website","url":"https:\/\/certeso.com\/fr\/","name":"Certeso","description":"S\u00e9curit\u00e9 sans soucis","potentialAction":[{"@type":"SearchAction","target":{"@type":"EntryPoint","urlTemplate":"https:\/\/certeso.com\/fr\/?s={search_term_string}"},"query-input":"required name=search_term_string"}],"inLanguage":"fr-BE"}]}},"_links":{"self":[{"href":"https:\/\/certeso.com\/fr\/wp-json\/wp\/v2\/pages\/149"}],"collection":[{"href":"https:\/\/certeso.com\/fr\/wp-json\/wp\/v2\/pages"}],"about":[{"href":"https:\/\/certeso.com\/fr\/wp-json\/wp\/v2\/types\/page"}],"author":[{"embeddable":true,"href":"https:\/\/certeso.com\/fr\/wp-json\/wp\/v2\/users\/2"}],"replies":[{"embeddable":true,"href":"https:\/\/certeso.com\/fr\/wp-json\/wp\/v2\/comments?post=149"}],"version-history":[{"count":79,"href":"https:\/\/certeso.com\/fr\/wp-json\/wp\/v2\/pages\/149\/revisions"}],"predecessor-version":[{"id":5292,"href":"https:\/\/certeso.com\/fr\/wp-json\/wp\/v2\/pages\/149\/revisions\/5292"}],"wp:attachment":[{"href":"https:\/\/certeso.com\/fr\/wp-json\/wp\/v2\/media?parent=149"}],"curies":[{"name":"wp","href":"https:\/\/api.w.org\/{rel}","templated":true}]}}