{"id":1710,"date":"2018-02-14T12:45:44","date_gmt":"2018-02-14T12:45:44","guid":{"rendered":"http:\/\/certeso.com\/?page_id=1710"},"modified":"2023-07-10T09:13:21","modified_gmt":"2023-07-10T08:13:21","slug":"support-technique","status":"publish","type":"page","link":"https:\/\/certeso.com\/fr\/support-technique\/","title":{"rendered":"Support technique"},"content":{"rendered":"\t\t<div data-elementor-type=\"wp-post\" data-elementor-id=\"1710\" class=\"elementor elementor-1710\" data-elementor-post-type=\"page\">\n\t\t\t\t\t\t\t\t\t<section class=\"elementor-section elementor-top-section elementor-element elementor-element-165bf9fa elementor-section-boxed elementor-section-height-default elementor-section-height-default\" data-id=\"165bf9fa\" data-element_type=\"section\" data-settings=\"{&quot;background_background&quot;:&quot;classic&quot;}\">\n\t\t\t\t\t\t<div class=\"elementor-container elementor-column-gap-default\">\n\t\t\t\t\t<div class=\"elementor-column elementor-col-100 elementor-top-column elementor-element elementor-element-7fd89e16\" data-id=\"7fd89e16\" data-element_type=\"column\">\n\t\t\t<div class=\"elementor-widget-wrap elementor-element-populated\">\n\t\t\t\t\t\t\t\t<div class=\"elementor-element elementor-element-3c47731a elementor-widget elementor-widget-heading\" data-id=\"3c47731a\" data-element_type=\"widget\" data-widget_type=\"heading.default\">\n\t\t\t\t<div class=\"elementor-widget-container\">\n\t\t\t<h2 class=\"elementor-heading-title elementor-size-default\">Vous avez des probl\u00e8mes? Nous vous aidons<\/h2>\t\t<\/div>\n\t\t\t\t<\/div>\n\t\t\t\t\t<\/div>\n\t\t<\/div>\n\t\t\t\t\t\t\t<\/div>\n\t\t<\/section>\n\t\t\t\t<section class=\"elementor-section elementor-top-section elementor-element elementor-element-5fd2c53d elementor-section-boxed elementor-section-height-default elementor-section-height-default\" data-id=\"5fd2c53d\" data-element_type=\"section\">\n\t\t\t\t\t\t<div class=\"elementor-container elementor-column-gap-default\">\n\t\t\t\t\t<div class=\"elementor-column elementor-col-100 elementor-top-column elementor-element elementor-element-6d57e34c\" data-id=\"6d57e34c\" data-element_type=\"column\">\n\t\t\t<div class=\"elementor-widget-wrap elementor-element-populated\">\n\t\t\t\t\t\t\t\t<div class=\"elementor-element elementor-element-38f26780 elementor-widget elementor-widget-text-editor\" data-id=\"38f26780\" data-element_type=\"widget\" data-widget_type=\"text-editor.default\">\n\t\t\t\t<div class=\"elementor-widget-container\">\n\t\t\t\t\t\t\t<p>Vous rencontrez des probl\u00e8mes avec nos produits logiciels? Nos experts sont pr\u00eats \u00e0 vous aider.\u00a0<\/p>\t\t\t\t\t\t<\/div>\n\t\t\t\t<\/div>\n\t\t\t\t\t<\/div>\n\t\t<\/div>\n\t\t\t\t\t\t\t<\/div>\n\t\t<\/section>\n\t\t\t\t<section class=\"elementor-section elementor-top-section elementor-element elementor-element-58394d86 elementor-section-boxed elementor-section-height-default elementor-section-height-default\" data-id=\"58394d86\" data-element_type=\"section\">\n\t\t\t\t\t\t<div class=\"elementor-container elementor-column-gap-default\">\n\t\t\t\t\t<div class=\"elementor-column elementor-col-100 elementor-top-column elementor-element elementor-element-34436b67\" data-id=\"34436b67\" data-element_type=\"column\">\n\t\t\t<div class=\"elementor-widget-wrap elementor-element-populated\">\n\t\t\t\t\t\t\t\t<div class=\"elementor-element elementor-element-4e97b1a1 elementor-widget elementor-widget-heading\" data-id=\"4e97b1a1\" data-element_type=\"widget\" data-widget_type=\"heading.default\">\n\t\t\t\t<div class=\"elementor-widget-container\">\n\t\t\t<h2 class=\"elementor-heading-title elementor-size-default\">Remplir le formulaire<\/h2>\t\t<\/div>\n\t\t\t\t<\/div>\n\t\t\t\t\t<\/div>\n\t\t<\/div>\n\t\t\t\t\t\t\t<\/div>\n\t\t<\/section>\n\t\t\t\t<section class=\"elementor-section elementor-top-section elementor-element elementor-element-68491389 elementor-section-boxed elementor-section-height-default elementor-section-height-default\" data-id=\"68491389\" data-element_type=\"section\">\n\t\t\t\t\t\t<div class=\"elementor-container elementor-column-gap-default\">\n\t\t\t\t\t<div class=\"elementor-column elementor-col-100 elementor-top-column elementor-element elementor-element-309993ec\" data-id=\"309993ec\" data-element_type=\"column\">\n\t\t\t<div class=\"elementor-widget-wrap elementor-element-populated\">\n\t\t\t\t\t\t\t\t<div class=\"elementor-element elementor-element-259e8f78 elementor-button-align-center elementor-widget elementor-widget-form\" data-id=\"259e8f78\" data-element_type=\"widget\" data-settings=\"{&quot;step_next_label&quot;:&quot;Next&quot;,&quot;step_previous_label&quot;:&quot;Previous&quot;,&quot;step_type&quot;:&quot;number_text&quot;,&quot;step_icon_shape&quot;:&quot;circle&quot;}\" data-widget_type=\"form.default\">\n\t\t\t\t<div class=\"elementor-widget-container\">\n\t\t\t\t\t<form class=\"elementor-form\" method=\"post\" name=\"New Form\">\n\t\t\t<input type=\"hidden\" name=\"post_id\" value=\"1710\"\/>\n\t\t\t<input type=\"hidden\" name=\"form_id\" value=\"259e8f78\"\/>\n\t\t\t<input type=\"hidden\" name=\"referer_title\" value=\"Certeso\" \/>\n\n\t\t\t\n\t\t\t<div class=\"elementor-form-fields-wrapper elementor-labels-above\">\n\t\t\t\t\t\t\t\t<div class=\"elementor-field-type-text elementor-field-group elementor-column elementor-field-group-name elementor-col-20 elementor-field-required\">\n\t\t\t\t\t\t\t\t\t\t\t\t\t<input size=\"1\" type=\"text\" name=\"form_fields[name]\" id=\"form-field-name\" class=\"elementor-field elementor-size-sm  elementor-field-textual\" placeholder=\"Pr\u00e9nom*\" required=\"required\" aria-required=\"true\">\n\t\t\t\t\t\t\t\t\t\t\t<\/div>\n\t\t\t\t\t\t\t\t<div class=\"elementor-field-type-text elementor-field-group elementor-column elementor-field-group-field_b7e7c8d elementor-col-20 elementor-field-required\">\n\t\t\t\t\t\t\t\t\t\t\t\t\t<input size=\"1\" type=\"text\" name=\"form_fields[field_b7e7c8d]\" id=\"form-field-field_b7e7c8d\" class=\"elementor-field elementor-size-sm  elementor-field-textual\" placeholder=\"Nom*\" required=\"required\" aria-required=\"true\">\n\t\t\t\t\t\t\t\t\t\t\t<\/div>\n\t\t\t\t\t\t\t\t<div class=\"elementor-field-type-tel elementor-field-group elementor-column elementor-field-group-email elementor-col-20\">\n\t\t\t\t\t\t\t<input size=\"1\" type=\"tel\" name=\"form_fields[email]\" id=\"form-field-email\" class=\"elementor-field elementor-size-sm  elementor-field-textual\" placeholder=\"Tel.\" pattern=\"[0-9()#&amp;+*-=.]+\" title=\"Only numbers and phone characters (#, -, *, etc) are accepted.\">\n\n\t\t\t\t\t\t<\/div>\n\t\t\t\t\t\t\t\t<div class=\"elementor-field-type-email elementor-field-group elementor-column elementor-field-group-message elementor-col-40 elementor-field-required\">\n\t\t\t\t\t\t\t\t\t\t\t\t\t<input size=\"1\" type=\"email\" name=\"form_fields[message]\" id=\"form-field-message\" class=\"elementor-field elementor-size-sm  elementor-field-textual\" placeholder=\"E-mail*\" required=\"required\" aria-required=\"true\">\n\t\t\t\t\t\t\t\t\t\t\t<\/div>\n\t\t\t\t\t\t\t\t<div class=\"elementor-field-type-select elementor-field-group elementor-column elementor-field-group-field_b59fe6d elementor-col-100 elementor-field-required\">\n\t\t\t\t\t\t\t\t\t\t\t\t<label for=\"form-field-field_b59fe6d\" class=\"elementor-field-label\">\n\t\t\t\t\t\t\t\tS\u00e9lectionnez ici le produit sur lequel vous souhaitez obtenir des informations:\t\t\t\t\t\t\t<\/label>\n\t\t\t\t\t\t\t\t<div class=\"elementor-field elementor-select-wrapper remove-before \">\n\t\t\t<div class=\"select-caret-down-wrapper\">\n\t\t\t\t<i aria-hidden=\"true\" class=\"eicon-caret-down\"><\/i>\t\t\t<\/div>\n\t\t\t<select name=\"form_fields[field_b59fe6d]\" id=\"form-field-field_b59fe6d\" class=\"elementor-field-textual elementor-size-sm\" required=\"required\" aria-required=\"true\">\n\t\t\t\t\t\t\t\t\t<option value=\"Safety Reports\">Safety Reports<\/option>\n\t\t\t\t\t\t\t\t\t<option value=\"Safety Plan\">Safety Plan<\/option>\n\t\t\t\t\t\t\t\t\t<option value=\"Safety Walk\">Safety Walk<\/option>\n\t\t\t\t\t\t\t\t\t<option value=\"Safety Check\">Safety Check<\/option>\n\t\t\t\t\t\t\t\t\t<option value=\"Plan d&#039;Intervention Digital (DIP)\">Plan d&#039;Intervention Digital (DIP)<\/option>\n\t\t\t\t\t\t\t\t\t<option value=\"Autres\">Autres<\/option>\n\t\t\t\t\t\t\t<\/select>\n\t\t<\/div>\n\t\t\t\t\t\t<\/div>\n\t\t\t\t\t\t\t\t<div class=\"elementor-field-type-textarea elementor-field-group elementor-column elementor-field-group-field_4a307e2 elementor-col-100\">\n\t\t\t\t\t<textarea class=\"elementor-field-textual elementor-field  elementor-size-sm\" name=\"form_fields[field_4a307e2]\" id=\"form-field-field_4a307e2\" rows=\"8\" placeholder=\"D\u00e9finir le probl\u00e8me\"><\/textarea>\t\t\t\t<\/div>\n\t\t\t\t\t\t\t\t<div class=\"elementor-field-type-recaptcha_v3 elementor-field-group elementor-column elementor-field-group-field_6be1827 elementor-col-100 recaptcha_v3-inline\">\n\t\t\t\t\t<div class=\"elementor-field\" id=\"form-field-field_6be1827\"><div class=\"elementor-g-recaptcha\" data-sitekey=\"6LdPfKUZAAAAAFr4aum70vIPGwQCvDaxV6r3FFWQ\" data-type=\"v3\" data-action=\"Form\" data-badge=\"inline\" data-size=\"invisible\"><\/div><\/div>\t\t\t\t<\/div>\n\t\t\t\t\t\t\t\t<div class=\"elementor-field-group elementor-column elementor-field-type-submit elementor-col-100 e-form__buttons\">\n\t\t\t\t\t<button type=\"submit\" class=\"elementor-button elementor-size-sm\">\n\t\t\t\t\t\t<span >\n\t\t\t\t\t\t\t\t\t\t\t\t\t\t\t<span class=\" elementor-button-icon\">\n\t\t\t\t\t\t\t\t\t\t\t\t\t\t\t\t\t\t\t\t\t\t\t\t\t\t<\/span>\n\t\t\t\t\t\t\t\t\t\t\t\t\t\t\t\t\t\t\t\t\t\t<span class=\"elementor-button-text\">Envoyer<\/span>\n\t\t\t\t\t\t\t\t\t\t\t\t\t<\/span>\n\t\t\t\t\t<\/button>\n\t\t\t\t<\/div>\n\t\t\t<\/div>\n\t\t<\/form>\n\t\t\t\t<\/div>\n\t\t\t\t<\/div>\n\t\t\t\t\t<\/div>\n\t\t<\/div>\n\t\t\t\t\t\t\t<\/div>\n\t\t<\/section>\n\t\t\t\t<section class=\"elementor-section elementor-top-section elementor-element elementor-element-14b32a82 elementor-section-boxed elementor-section-height-default elementor-section-height-default\" data-id=\"14b32a82\" data-element_type=\"section\">\n\t\t\t\t\t\t<div class=\"elementor-container elementor-column-gap-default\">\n\t\t\t\t\t<div class=\"elementor-column elementor-col-100 elementor-top-column elementor-element elementor-element-1ae5769e\" data-id=\"1ae5769e\" data-element_type=\"column\">\n\t\t\t<div class=\"elementor-widget-wrap elementor-element-populated\">\n\t\t\t\t\t\t\t\t<div class=\"elementor-element elementor-element-1bc63c44 elementor-widget elementor-widget-heading\" data-id=\"1bc63c44\" data-element_type=\"widget\" data-widget_type=\"heading.default\">\n\t\t\t\t<div class=\"elementor-widget-container\">\n\t\t\t<h2 class=\"elementor-heading-title elementor-size-default\">Ou envoyez un e-mail \u00e0<\/h2>\t\t<\/div>\n\t\t\t\t<\/div>\n\t\t\t\t<div class=\"elementor-element elementor-element-319217fd elementor-align-center elementor-icon-list--layout-traditional elementor-list-item-link-full_width elementor-widget elementor-widget-icon-list\" data-id=\"319217fd\" data-element_type=\"widget\" data-widget_type=\"icon-list.default\">\n\t\t\t\t<div class=\"elementor-widget-container\">\n\t\t\t\t\t<ul class=\"elementor-icon-list-items\">\n\t\t\t\t\t\t\t<li class=\"elementor-icon-list-item\">\n\t\t\t\t\t\t\t\t\t\t\t<span class=\"elementor-icon-list-icon\">\n\t\t\t\t\t\t\t<i aria-hidden=\"true\" class=\"fas fa-envelope\"><\/i>\t\t\t\t\t\t<\/span>\n\t\t\t\t\t\t\t\t\t\t<span class=\"elementor-icon-list-text\">support@certeso.com<\/span>\n\t\t\t\t\t\t\t\t\t<\/li>\n\t\t\t\t\t\t<\/ul>\n\t\t\t\t<\/div>\n\t\t\t\t<\/div>\n\t\t\t\t\t<\/div>\n\t\t<\/div>\n\t\t\t\t\t\t\t<\/div>\n\t\t<\/section>\n\t\t\t\t\t\t\t<\/div>\n\t\t","protected":false},"excerpt":{"rendered":"<p>Vous avez des probl\u00e8mes? Nous vous aidons Vous rencontrez des probl\u00e8mes avec nos produits logiciels? Nos experts sont pr\u00eats \u00e0 vous aider.\u00a0 Remplir le formulaire Ou envoyez un e-mail \u00e0 support@certeso.com<\/p>\n","protected":false},"author":2,"featured_media":0,"parent":0,"menu_order":0,"comment_status":"closed","ping_status":"closed","template":"elementor_header_footer","meta":[],"yoast_head":"<!-- This site is optimized with the Yoast SEO plugin v20.6 - https:\/\/yoast.com\/wordpress\/plugins\/seo\/ -->\n<title>Support technique Certeso - Besoin d&#039;aide? Contactez-nous<\/title>\n<meta name=\"description\" content=\"Avez-vous des probl\u00e8mes avec nos produits logiciels? Nos experts sont pr\u00eats \u00e0 vous aider par besoin. Support technique. +32 11 20 10 51 support@certeso.com\" \/>\n<meta name=\"robots\" content=\"index, follow, max-snippet:-1, max-image-preview:large, max-video-preview:-1\" \/>\n<link rel=\"canonical\" href=\"https:\/\/certeso.com\/fr\/support-technique\/\" \/>\n<meta property=\"og:locale\" content=\"fr_FR\" \/>\n<meta property=\"og:type\" content=\"article\" \/>\n<meta property=\"og:title\" content=\"Support technique Certeso - Besoin d&#039;aide? Contactez-nous\" \/>\n<meta property=\"og:description\" content=\"Avez-vous des probl\u00e8mes avec nos produits logiciels? Nos experts sont pr\u00eats \u00e0 vous aider par besoin. Support technique. +32 11 20 10 51 support@certeso.com\" \/>\n<meta property=\"og:url\" content=\"https:\/\/certeso.com\/fr\/support-technique\/\" \/>\n<meta property=\"og:site_name\" content=\"Certeso\" \/>\n<meta property=\"article:modified_time\" content=\"2023-07-10T08:13:21+00:00\" \/>\n<meta name=\"twitter:card\" content=\"summary_large_image\" \/>\n<meta name=\"twitter:label1\" content=\"Dur\u00e9e de lecture est.\" \/>\n\t<meta name=\"twitter:data1\" content=\"1 minute\" \/>\n<script type=\"application\/ld+json\" class=\"yoast-schema-graph\">{\"@context\":\"https:\/\/schema.org\",\"@graph\":[{\"@type\":\"WebPage\",\"@id\":\"https:\/\/certeso.com\/fr\/support-technique\/\",\"url\":\"https:\/\/certeso.com\/fr\/support-technique\/\",\"name\":\"Support technique Certeso - Besoin d'aide? Contactez-nous\",\"isPartOf\":{\"@id\":\"https:\/\/certeso.com\/fr\/#website\"},\"datePublished\":\"2018-02-14T12:45:44+00:00\",\"dateModified\":\"2023-07-10T08:13:21+00:00\",\"description\":\"Avez-vous des probl\u00e8mes avec nos produits logiciels? Nos experts sont pr\u00eats \u00e0 vous aider par besoin. Support technique. +32 11 20 10 51 support@certeso.com\",\"breadcrumb\":{\"@id\":\"https:\/\/certeso.com\/fr\/support-technique\/#breadcrumb\"},\"inLanguage\":\"fr-BE\",\"potentialAction\":[{\"@type\":\"ReadAction\",\"target\":[\"https:\/\/certeso.com\/fr\/support-technique\/\"]}]},{\"@type\":\"BreadcrumbList\",\"@id\":\"https:\/\/certeso.com\/fr\/support-technique\/#breadcrumb\",\"itemListElement\":[{\"@type\":\"ListItem\",\"position\":1,\"name\":\"Home\",\"item\":\"https:\/\/certeso.com\/fr\/\"},{\"@type\":\"ListItem\",\"position\":2,\"name\":\"Support technique\"}]},{\"@type\":\"WebSite\",\"@id\":\"https:\/\/certeso.com\/fr\/#website\",\"url\":\"https:\/\/certeso.com\/fr\/\",\"name\":\"Certeso\",\"description\":\"S\u00e9curit\u00e9 sans soucis\",\"potentialAction\":[{\"@type\":\"SearchAction\",\"target\":{\"@type\":\"EntryPoint\",\"urlTemplate\":\"https:\/\/certeso.com\/fr\/?s={search_term_string}\"},\"query-input\":\"required name=search_term_string\"}],\"inLanguage\":\"fr-BE\"}]}<\/script>\n<!-- \/ Yoast SEO plugin. -->","yoast_head_json":{"title":"Support technique Certeso - Besoin d'aide? Contactez-nous","description":"Avez-vous des probl\u00e8mes avec nos produits logiciels? Nos experts sont pr\u00eats \u00e0 vous aider par besoin. Support technique. +32 11 20 10 51 support@certeso.com","robots":{"index":"index","follow":"follow","max-snippet":"max-snippet:-1","max-image-preview":"max-image-preview:large","max-video-preview":"max-video-preview:-1"},"canonical":"https:\/\/certeso.com\/fr\/support-technique\/","og_locale":"fr_FR","og_type":"article","og_title":"Support technique Certeso - Besoin d'aide? Contactez-nous","og_description":"Avez-vous des probl\u00e8mes avec nos produits logiciels? Nos experts sont pr\u00eats \u00e0 vous aider par besoin. Support technique. +32 11 20 10 51 support@certeso.com","og_url":"https:\/\/certeso.com\/fr\/support-technique\/","og_site_name":"Certeso","article_modified_time":"2023-07-10T08:13:21+00:00","twitter_card":"summary_large_image","twitter_misc":{"Dur\u00e9e de lecture est.":"1 minute"},"schema":{"@context":"https:\/\/schema.org","@graph":[{"@type":"WebPage","@id":"https:\/\/certeso.com\/fr\/support-technique\/","url":"https:\/\/certeso.com\/fr\/support-technique\/","name":"Support technique Certeso - Besoin d'aide? Contactez-nous","isPartOf":{"@id":"https:\/\/certeso.com\/fr\/#website"},"datePublished":"2018-02-14T12:45:44+00:00","dateModified":"2023-07-10T08:13:21+00:00","description":"Avez-vous des probl\u00e8mes avec nos produits logiciels? Nos experts sont pr\u00eats \u00e0 vous aider par besoin. Support technique. +32 11 20 10 51 support@certeso.com","breadcrumb":{"@id":"https:\/\/certeso.com\/fr\/support-technique\/#breadcrumb"},"inLanguage":"fr-BE","potentialAction":[{"@type":"ReadAction","target":["https:\/\/certeso.com\/fr\/support-technique\/"]}]},{"@type":"BreadcrumbList","@id":"https:\/\/certeso.com\/fr\/support-technique\/#breadcrumb","itemListElement":[{"@type":"ListItem","position":1,"name":"Home","item":"https:\/\/certeso.com\/fr\/"},{"@type":"ListItem","position":2,"name":"Support technique"}]},{"@type":"WebSite","@id":"https:\/\/certeso.com\/fr\/#website","url":"https:\/\/certeso.com\/fr\/","name":"Certeso","description":"S\u00e9curit\u00e9 sans soucis","potentialAction":[{"@type":"SearchAction","target":{"@type":"EntryPoint","urlTemplate":"https:\/\/certeso.com\/fr\/?s={search_term_string}"},"query-input":"required name=search_term_string"}],"inLanguage":"fr-BE"}]}},"_links":{"self":[{"href":"https:\/\/certeso.com\/fr\/wp-json\/wp\/v2\/pages\/1710"}],"collection":[{"href":"https:\/\/certeso.com\/fr\/wp-json\/wp\/v2\/pages"}],"about":[{"href":"https:\/\/certeso.com\/fr\/wp-json\/wp\/v2\/types\/page"}],"author":[{"embeddable":true,"href":"https:\/\/certeso.com\/fr\/wp-json\/wp\/v2\/users\/2"}],"replies":[{"embeddable":true,"href":"https:\/\/certeso.com\/fr\/wp-json\/wp\/v2\/comments?post=1710"}],"version-history":[{"count":47,"href":"https:\/\/certeso.com\/fr\/wp-json\/wp\/v2\/pages\/1710\/revisions"}],"predecessor-version":[{"id":5195,"href":"https:\/\/certeso.com\/fr\/wp-json\/wp\/v2\/pages\/1710\/revisions\/5195"}],"wp:attachment":[{"href":"https:\/\/certeso.com\/fr\/wp-json\/wp\/v2\/media?parent=1710"}],"curies":[{"name":"wp","href":"https:\/\/api.w.org\/{rel}","templated":true}]}}