{"id":3678,"date":"2018-12-17T09:24:21","date_gmt":"2018-12-17T08:24:21","guid":{"rendered":"https:\/\/certeso.com\/fr\/?page_id=3678"},"modified":"2023-08-28T13:26:24","modified_gmt":"2023-08-28T12:26:24","slug":"appel-doffres","status":"publish","type":"page","link":"https:\/\/certeso.com\/fr\/appel-doffres\/","title":{"rendered":"Appel d\u2019offres"},"content":{"rendered":"\t\t<div data-elementor-type=\"wp-post\" data-elementor-id=\"3678\" class=\"elementor elementor-3678\" data-elementor-post-type=\"page\">\n\t\t\t\t\t\t\t\t\t<section class=\"elementor-section elementor-top-section elementor-element elementor-element-562d42f4 elementor-section-boxed elementor-section-height-default elementor-section-height-default\" data-id=\"562d42f4\" data-element_type=\"section\" data-settings=\"{&quot;background_background&quot;:&quot;classic&quot;}\">\n\t\t\t\t\t\t<div class=\"elementor-container elementor-column-gap-default\">\n\t\t\t\t\t<div class=\"elementor-column elementor-col-100 elementor-top-column elementor-element elementor-element-6f6f0f6e\" data-id=\"6f6f0f6e\" data-element_type=\"column\">\n\t\t\t<div class=\"elementor-widget-wrap elementor-element-populated\">\n\t\t\t\t\t\t\t\t<div class=\"elementor-element elementor-element-5a241fd elementor-widget elementor-widget-heading\" data-id=\"5a241fd\" data-element_type=\"widget\" data-widget_type=\"heading.default\">\n\t\t\t\t<div class=\"elementor-widget-container\">\n\t\t\t<h2 class=\"elementor-heading-title elementor-size-default\">Une nouvelle demande<\/h2>\t\t<\/div>\n\t\t\t\t<\/div>\n\t\t\t\t\t<\/div>\n\t\t<\/div>\n\t\t\t\t\t\t\t<\/div>\n\t\t<\/section>\n\t\t\t\t<section class=\"elementor-section elementor-top-section elementor-element elementor-element-08e7ab6 elementor-section-boxed elementor-section-height-default elementor-section-height-default\" data-id=\"08e7ab6\" data-element_type=\"section\">\n\t\t\t\t\t\t<div class=\"elementor-container elementor-column-gap-default\">\n\t\t\t\t\t<div class=\"elementor-column elementor-col-100 elementor-top-column elementor-element elementor-element-674fc06\" data-id=\"674fc06\" data-element_type=\"column\">\n\t\t\t<div class=\"elementor-widget-wrap elementor-element-populated\">\n\t\t\t\t\t\t\t\t<div class=\"elementor-element elementor-element-8a2b01c elementor-widget elementor-widget-text-editor\" data-id=\"8a2b01c\" data-element_type=\"widget\" data-widget_type=\"text-editor.default\">\n\t\t\t\t<div class=\"elementor-widget-container\">\n\t\t\t\t\t\t\t<p>Souhaitez-vous s\u00e9curiser votre b\u00e2timent? Nos experts sont pr\u00eats \u00e0 r\u00e9fl\u00e9chir avec vous \u00e0 la meilleure solution. De cette fa\u00e7on, vous pouvez prendre soin de votre s\u00e9curit\u00e9 sans soucis.<\/p>\t\t\t\t\t\t<\/div>\n\t\t\t\t<\/div>\n\t\t\t\t<div class=\"elementor-element elementor-element-9bd5427 elementor-button-align-stretch elementor-widget elementor-widget-form\" data-id=\"9bd5427\" data-element_type=\"widget\" data-settings=\"{&quot;step_next_label&quot;:&quot;Next&quot;,&quot;step_previous_label&quot;:&quot;Previous&quot;,&quot;button_width&quot;:&quot;100&quot;,&quot;step_type&quot;:&quot;number_text&quot;,&quot;step_icon_shape&quot;:&quot;circle&quot;}\" data-widget_type=\"form.default\">\n\t\t\t\t<div class=\"elementor-widget-container\">\n\t\t\t\t\t<form class=\"elementor-form\" method=\"post\" name=\"New Form\">\n\t\t\t<input type=\"hidden\" name=\"post_id\" value=\"3678\"\/>\n\t\t\t<input type=\"hidden\" name=\"form_id\" value=\"9bd5427\"\/>\n\t\t\t<input type=\"hidden\" name=\"referer_title\" value=\"Certeso\" \/>\n\n\t\t\t\n\t\t\t<div class=\"elementor-form-fields-wrapper elementor-labels-above\">\n\t\t\t\t\t\t\t\t<div class=\"elementor-field-type-text elementor-field-group elementor-column elementor-field-group-75d752b elementor-col-50 elementor-field-required\">\n\t\t\t\t\t\t\t\t\t\t\t\t\t<input size=\"1\" type=\"text\" name=\"form_fields[75d752b]\" id=\"form-field-75d752b\" class=\"elementor-field elementor-size-sm  elementor-field-textual\" placeholder=\"Pr\u00e9nom*\" required=\"required\" aria-required=\"true\">\n\t\t\t\t\t\t\t\t\t\t\t<\/div>\n\t\t\t\t\t\t\t\t<div class=\"elementor-field-type-text elementor-field-group elementor-column elementor-field-group-80eca9d elementor-col-50 elementor-field-required\">\n\t\t\t\t\t\t\t\t\t\t\t\t\t<input size=\"1\" type=\"text\" name=\"form_fields[80eca9d]\" id=\"form-field-80eca9d\" class=\"elementor-field elementor-size-sm  elementor-field-textual\" placeholder=\"Nom*\" required=\"required\" aria-required=\"true\">\n\t\t\t\t\t\t\t\t\t\t\t<\/div>\n\t\t\t\t\t\t\t\t<div class=\"elementor-field-type-email elementor-field-group elementor-column elementor-field-group-email elementor-col-40 elementor-field-required\">\n\t\t\t\t\t\t\t\t\t\t\t\t\t<input size=\"1\" type=\"email\" name=\"form_fields[email]\" id=\"form-field-email\" class=\"elementor-field elementor-size-sm  elementor-field-textual\" placeholder=\"Email*\" required=\"required\" aria-required=\"true\">\n\t\t\t\t\t\t\t\t\t\t\t<\/div>\n\t\t\t\t\t\t\t\t<div class=\"elementor-field-type-tel elementor-field-group elementor-column elementor-field-group-9b499c7 elementor-col-20 elementor-field-required\">\n\t\t\t\t\t\t\t<input size=\"1\" type=\"tel\" name=\"form_fields[9b499c7]\" id=\"form-field-9b499c7\" class=\"elementor-field elementor-size-sm  elementor-field-textual\" placeholder=\"Num\u00e9ro de t\u00e9l\u00e9phone*\" required=\"required\" aria-required=\"true\" pattern=\"[0-9()#&amp;+*-=.]+\" title=\"Only numbers and phone characters (#, -, *, etc) are accepted.\">\n\n\t\t\t\t\t\t<\/div>\n\t\t\t\t\t\t\t\t<div class=\"elementor-field-type-text elementor-field-group elementor-column elementor-field-group-field_773207b elementor-col-40\">\n\t\t\t\t\t\t\t\t\t\t\t\t\t<input size=\"1\" type=\"text\" name=\"form_fields[field_773207b]\" id=\"form-field-field_773207b\" class=\"elementor-field elementor-size-sm  elementor-field-textual\" placeholder=\"Num\u00e9ro d&#039;entreprise\">\n\t\t\t\t\t\t\t\t\t\t\t<\/div>\n\t\t\t\t\t\t\t\t<div class=\"elementor-field-type-select elementor-field-group elementor-column elementor-field-group-d8cf3b3 elementor-col-100 elementor-field-required\">\n\t\t\t\t\t\t\t\t\t\t\t\t<label for=\"form-field-d8cf3b3\" class=\"elementor-field-label\">\n\t\t\t\t\t\t\t\tOffre pour\t\t\t\t\t\t\t<\/label>\n\t\t\t\t\t\t\t\t<div class=\"elementor-field elementor-select-wrapper remove-before \">\n\t\t\t<div class=\"select-caret-down-wrapper\">\n\t\t\t\t<i aria-hidden=\"true\" class=\"eicon-caret-down\"><\/i>\t\t\t<\/div>\n\t\t\t<select name=\"form_fields[d8cf3b3]\" id=\"form-field-d8cf3b3\" class=\"elementor-field-textual elementor-size-sm\" required=\"required\" aria-required=\"true\">\n\t\t\t\t\t\t\t\t\t<option value=\"Plans d&#039;\u00e9vacuation\">Plans d&#039;\u00e9vacuation<\/option>\n\t\t\t\t\t\t\t\t\t<option value=\"Signalisation de s\u00e9curit\u00e9\">Signalisation de s\u00e9curit\u00e9<\/option>\n\t\t\t\t\t\t\t\t\t<option value=\"Wayfinding\">Wayfinding<\/option>\n\t\t\t\t\t\t\t\t\t<option value=\"Analyse des risques\">Analyse des risques<\/option>\n\t\t\t\t\t\t\t\t\t<option value=\"Dossier d&#039;intervention\">Dossier d&#039;intervention<\/option>\n\t\t\t\t\t\t\t\t\t<option value=\"Dossier de pr\u00e9vention d&#039;incendie\">Dossier de pr\u00e9vention d&#039;incendie<\/option>\n\t\t\t\t\t\t\t\t\t<option value=\"Compartimentage\">Compartimentage<\/option>\n\t\t\t\t\t\t\t\t\t<option value=\"Formations\">Formations<\/option>\n\t\t\t\t\t\t\t\t\t<option value=\"Rapport des pompiers\">Rapport des pompiers<\/option>\n\t\t\t\t\t\t\t\t\t<option value=\"Consultation\">Consultation<\/option>\n\t\t\t\t\t\t\t\t\t<option value=\"Autres\">Autres<\/option>\n\t\t\t\t\t\t\t<\/select>\n\t\t<\/div>\n\t\t\t\t\t\t<\/div>\n\t\t\t\t\t\t\t\t<div class=\"elementor-field-type-textarea elementor-field-group elementor-column elementor-field-group-d16dbab elementor-col-100\">\n\t\t\t\t\t<textarea class=\"elementor-field-textual elementor-field  elementor-size-sm\" name=\"form_fields[d16dbab]\" id=\"form-field-d16dbab\" rows=\"9\" placeholder=\"Message (optionnel)\"><\/textarea>\t\t\t\t<\/div>\n\t\t\t\t\t\t\t\t<div class=\"elementor-field-type-acceptance elementor-field-group elementor-column elementor-field-group-ac0d714 elementor-col-100 elementor-field-required\">\n\t\t\t\t\t\t\t<div class=\"elementor-field-subgroup\">\n\t\t\t<span class=\"elementor-field-option\">\n\t\t\t\t<input type=\"checkbox\" name=\"form_fields[ac0d714]\" id=\"form-field-ac0d714\" class=\"elementor-field elementor-size-sm  elementor-acceptance-field\" required=\"required\" aria-required=\"true\">\n\t\t\t\t<label for=\"form-field-ac0d714\">\nJ'ai lu et accepte les termes et conditions<\/label>\t\t\t<\/span>\n\t\t<\/div>\n\t\t\t\t\t\t<\/div>\n\t\t\t\t\t\t\t\t<div class=\"elementor-field-type-upload elementor-field-group elementor-column elementor-field-group-field_0c8a28a elementor-col-100\">\n\t\t\t\t\t\t\t<input type=\"file\" name=\"form_fields[field_0c8a28a]\" id=\"form-field-field_0c8a28a\" class=\"elementor-field elementor-size-sm  elementor-upload-field\">\n\n\t\t\t\t\t\t<\/div>\n\t\t\t\t\t\t\t\t<div class=\"elementor-field-type-recaptcha_v3 elementor-field-group elementor-column elementor-field-group-field_01ae3e0 elementor-col-100 recaptcha_v3-bottomright\">\n\t\t\t\t\t<div class=\"elementor-field\" id=\"form-field-field_01ae3e0\"><div class=\"elementor-g-recaptcha\" data-sitekey=\"6LdPfKUZAAAAAFr4aum70vIPGwQCvDaxV6r3FFWQ\" data-type=\"v3\" data-action=\"Form\" data-badge=\"bottomright\" data-size=\"invisible\"><\/div><\/div>\t\t\t\t<\/div>\n\t\t\t\t\t\t\t\t<div class=\"elementor-field-group elementor-column elementor-field-type-submit elementor-col-100 e-form__buttons\">\n\t\t\t\t\t<button type=\"submit\" class=\"elementor-button elementor-size-sm\">\n\t\t\t\t\t\t<span >\n\t\t\t\t\t\t\t\t\t\t\t\t\t\t\t<span class=\" elementor-button-icon\">\n\t\t\t\t\t\t\t\t\t\t\t\t\t\t\t\t\t\t\t\t\t\t\t\t\t\t<\/span>\n\t\t\t\t\t\t\t\t\t\t\t\t\t\t\t\t\t\t\t\t\t\t<span class=\"elementor-button-text\">Recevoir une offre<\/span>\n\t\t\t\t\t\t\t\t\t\t\t\t\t<\/span>\n\t\t\t\t\t<\/button>\n\t\t\t\t<\/div>\n\t\t\t<\/div>\n\t\t<\/form>\n\t\t\t\t<\/div>\n\t\t\t\t<\/div>\n\t\t\t\t\t<\/div>\n\t\t<\/div>\n\t\t\t\t\t\t\t<\/div>\n\t\t<\/section>\n\t\t\t\t<section class=\"elementor-section elementor-top-section elementor-element elementor-element-e12ad15 elementor-section-boxed elementor-section-height-default elementor-section-height-default\" data-id=\"e12ad15\" data-element_type=\"section\">\n\t\t\t\t\t\t<div class=\"elementor-container elementor-column-gap-default\">\n\t\t\t\t\t<div class=\"elementor-column elementor-col-100 elementor-top-column elementor-element elementor-element-ed345b3\" data-id=\"ed345b3\" data-element_type=\"column\">\n\t\t\t<div class=\"elementor-widget-wrap elementor-element-populated\">\n\t\t\t\t\t\t\t\t<div class=\"elementor-element elementor-element-76bb597 elementor-view-default elementor-widget elementor-widget-icon\" data-id=\"76bb597\" data-element_type=\"widget\" data-widget_type=\"icon.default\">\n\t\t\t\t<div class=\"elementor-widget-container\">\n\t\t\t\t\t<div class=\"elementor-icon-wrapper\">\n\t\t\t<div class=\"elementor-icon\">\n\t\t\t<i aria-hidden=\"true\" class=\"far fa-clock\"><\/i>\t\t\t<\/div>\n\t\t<\/div>\n\t\t\t\t<\/div>\n\t\t\t\t<\/div>\n\t\t\t\t<div class=\"elementor-element elementor-element-a8ed9ee elementor-widget elementor-widget-heading\" data-id=\"a8ed9ee\" data-element_type=\"widget\" data-widget_type=\"heading.default\">\n\t\t\t\t<div class=\"elementor-widget-container\">\n\t\t\t<h2 class=\"elementor-heading-title elementor-size-default\">Recevoir votre devis encore plus vite?<\/h2>\t\t<\/div>\n\t\t\t\t<\/div>\n\t\t\t\t<div class=\"elementor-element elementor-element-5323f29 elementor-widget elementor-widget-text-editor\" data-id=\"5323f29\" data-element_type=\"widget\" data-widget_type=\"text-editor.default\">\n\t\t\t\t<div class=\"elementor-widget-container\">\n\t\t\t\t\t\t\t<p>T\u00e9l\u00e9chargez les plans de votre (vos) b\u00e2timent(s) ci-dessus lors de l&#8217;envoi de la demande. Nous pourrons ainsi commencer imm\u00e9diatement.<\/p>\t\t\t\t\t\t<\/div>\n\t\t\t\t<\/div>\n\t\t\t\t\t<\/div>\n\t\t<\/div>\n\t\t\t\t\t\t\t<\/div>\n\t\t<\/section>\n\t\t\t\t\t\t\t<\/div>\n\t\t","protected":false},"excerpt":{"rendered":"<p>Une nouvelle demande Souhaitez-vous s\u00e9curiser votre b\u00e2timent? Nos experts sont pr\u00eats \u00e0 r\u00e9fl\u00e9chir avec vous \u00e0 la meilleure solution. De cette fa\u00e7on, vous pouvez prendre soin de votre s\u00e9curit\u00e9 sans soucis. Recevoir votre devis encore plus vite? T\u00e9l\u00e9chargez les plans de votre (vos) b\u00e2timent(s) ci-dessus lors de l&#8217;envoi de la demande. Nous pourrons ainsi commencer &#8230; <a title=\"Appel d\u2019offres\" class=\"read-more\" href=\"https:\/\/certeso.com\/fr\/appel-doffres\/\" aria-label=\"More on Appel d\u2019offres\">Lire la suite<\/a><\/p>\n","protected":false},"author":2,"featured_media":0,"parent":0,"menu_order":0,"comment_status":"closed","ping_status":"closed","template":"elementor_header_footer","meta":[],"yoast_head":"<!-- This site is optimized with the Yoast SEO plugin v20.6 - https:\/\/yoast.com\/wordpress\/plugins\/seo\/ -->\n<title>Appel d\u2019offres - Certeso<\/title>\n<meta name=\"robots\" content=\"index, follow, max-snippet:-1, max-image-preview:large, max-video-preview:-1\" \/>\n<link rel=\"canonical\" href=\"https:\/\/certeso.com\/fr\/appel-doffres\/\" \/>\n<meta property=\"og:locale\" content=\"fr_FR\" \/>\n<meta property=\"og:type\" content=\"article\" \/>\n<meta property=\"og:title\" content=\"Appel d\u2019offres - Certeso\" \/>\n<meta property=\"og:description\" content=\"Une nouvelle demande Souhaitez-vous s\u00e9curiser votre b\u00e2timent? Nos experts sont pr\u00eats \u00e0 r\u00e9fl\u00e9chir avec vous \u00e0 la meilleure solution. De cette fa\u00e7on, vous pouvez prendre soin de votre s\u00e9curit\u00e9 sans soucis. Recevoir votre devis encore plus vite? T\u00e9l\u00e9chargez les plans de votre (vos) b\u00e2timent(s) ci-dessus lors de l&#8217;envoi de la demande. Nous pourrons ainsi commencer ... Lire la suite\" \/>\n<meta property=\"og:url\" content=\"https:\/\/certeso.com\/fr\/appel-doffres\/\" \/>\n<meta property=\"og:site_name\" content=\"Certeso\" \/>\n<meta property=\"article:modified_time\" content=\"2023-08-28T12:26:24+00:00\" \/>\n<meta name=\"twitter:card\" content=\"summary_large_image\" \/>\n<meta name=\"twitter:label1\" content=\"Dur\u00e9e de lecture est.\" \/>\n\t<meta name=\"twitter:data1\" content=\"1 minute\" \/>\n<script type=\"application\/ld+json\" class=\"yoast-schema-graph\">{\"@context\":\"https:\/\/schema.org\",\"@graph\":[{\"@type\":\"WebPage\",\"@id\":\"https:\/\/certeso.com\/fr\/appel-doffres\/\",\"url\":\"https:\/\/certeso.com\/fr\/appel-doffres\/\",\"name\":\"Appel d\u2019offres - Certeso\",\"isPartOf\":{\"@id\":\"https:\/\/certeso.com\/fr\/#website\"},\"datePublished\":\"2018-12-17T08:24:21+00:00\",\"dateModified\":\"2023-08-28T12:26:24+00:00\",\"breadcrumb\":{\"@id\":\"https:\/\/certeso.com\/fr\/appel-doffres\/#breadcrumb\"},\"inLanguage\":\"fr-BE\",\"potentialAction\":[{\"@type\":\"ReadAction\",\"target\":[\"https:\/\/certeso.com\/fr\/appel-doffres\/\"]}]},{\"@type\":\"BreadcrumbList\",\"@id\":\"https:\/\/certeso.com\/fr\/appel-doffres\/#breadcrumb\",\"itemListElement\":[{\"@type\":\"ListItem\",\"position\":1,\"name\":\"Home\",\"item\":\"https:\/\/certeso.com\/fr\/\"},{\"@type\":\"ListItem\",\"position\":2,\"name\":\"Appel d\u2019offres\"}]},{\"@type\":\"WebSite\",\"@id\":\"https:\/\/certeso.com\/fr\/#website\",\"url\":\"https:\/\/certeso.com\/fr\/\",\"name\":\"Certeso\",\"description\":\"S\u00e9curit\u00e9 sans soucis\",\"potentialAction\":[{\"@type\":\"SearchAction\",\"target\":{\"@type\":\"EntryPoint\",\"urlTemplate\":\"https:\/\/certeso.com\/fr\/?s={search_term_string}\"},\"query-input\":\"required name=search_term_string\"}],\"inLanguage\":\"fr-BE\"}]}<\/script>\n<!-- \/ Yoast SEO plugin. -->","yoast_head_json":{"title":"Appel d\u2019offres - Certeso","robots":{"index":"index","follow":"follow","max-snippet":"max-snippet:-1","max-image-preview":"max-image-preview:large","max-video-preview":"max-video-preview:-1"},"canonical":"https:\/\/certeso.com\/fr\/appel-doffres\/","og_locale":"fr_FR","og_type":"article","og_title":"Appel d\u2019offres - Certeso","og_description":"Une nouvelle demande Souhaitez-vous s\u00e9curiser votre b\u00e2timent? Nos experts sont pr\u00eats \u00e0 r\u00e9fl\u00e9chir avec vous \u00e0 la meilleure solution. De cette fa\u00e7on, vous pouvez prendre soin de votre s\u00e9curit\u00e9 sans soucis. Recevoir votre devis encore plus vite? T\u00e9l\u00e9chargez les plans de votre (vos) b\u00e2timent(s) ci-dessus lors de l&#8217;envoi de la demande. Nous pourrons ainsi commencer ... Lire la suite","og_url":"https:\/\/certeso.com\/fr\/appel-doffres\/","og_site_name":"Certeso","article_modified_time":"2023-08-28T12:26:24+00:00","twitter_card":"summary_large_image","twitter_misc":{"Dur\u00e9e de lecture est.":"1 minute"},"schema":{"@context":"https:\/\/schema.org","@graph":[{"@type":"WebPage","@id":"https:\/\/certeso.com\/fr\/appel-doffres\/","url":"https:\/\/certeso.com\/fr\/appel-doffres\/","name":"Appel d\u2019offres - Certeso","isPartOf":{"@id":"https:\/\/certeso.com\/fr\/#website"},"datePublished":"2018-12-17T08:24:21+00:00","dateModified":"2023-08-28T12:26:24+00:00","breadcrumb":{"@id":"https:\/\/certeso.com\/fr\/appel-doffres\/#breadcrumb"},"inLanguage":"fr-BE","potentialAction":[{"@type":"ReadAction","target":["https:\/\/certeso.com\/fr\/appel-doffres\/"]}]},{"@type":"BreadcrumbList","@id":"https:\/\/certeso.com\/fr\/appel-doffres\/#breadcrumb","itemListElement":[{"@type":"ListItem","position":1,"name":"Home","item":"https:\/\/certeso.com\/fr\/"},{"@type":"ListItem","position":2,"name":"Appel d\u2019offres"}]},{"@type":"WebSite","@id":"https:\/\/certeso.com\/fr\/#website","url":"https:\/\/certeso.com\/fr\/","name":"Certeso","description":"S\u00e9curit\u00e9 sans soucis","potentialAction":[{"@type":"SearchAction","target":{"@type":"EntryPoint","urlTemplate":"https:\/\/certeso.com\/fr\/?s={search_term_string}"},"query-input":"required name=search_term_string"}],"inLanguage":"fr-BE"}]}},"_links":{"self":[{"href":"https:\/\/certeso.com\/fr\/wp-json\/wp\/v2\/pages\/3678"}],"collection":[{"href":"https:\/\/certeso.com\/fr\/wp-json\/wp\/v2\/pages"}],"about":[{"href":"https:\/\/certeso.com\/fr\/wp-json\/wp\/v2\/types\/page"}],"author":[{"embeddable":true,"href":"https:\/\/certeso.com\/fr\/wp-json\/wp\/v2\/users\/2"}],"replies":[{"embeddable":true,"href":"https:\/\/certeso.com\/fr\/wp-json\/wp\/v2\/comments?post=3678"}],"version-history":[{"count":40,"href":"https:\/\/certeso.com\/fr\/wp-json\/wp\/v2\/pages\/3678\/revisions"}],"predecessor-version":[{"id":5216,"href":"https:\/\/certeso.com\/fr\/wp-json\/wp\/v2\/pages\/3678\/revisions\/5216"}],"wp:attachment":[{"href":"https:\/\/certeso.com\/fr\/wp-json\/wp\/v2\/media?parent=3678"}],"curies":[{"name":"wp","href":"https:\/\/api.w.org\/{rel}","templated":true}]}}