{"id":4054,"date":"2020-01-29T14:48:01","date_gmt":"2020-01-29T13:48:01","guid":{"rendered":"https:\/\/certeso.com\/fr\/?page_id=4054"},"modified":"2021-05-25T07:11:22","modified_gmt":"2021-05-25T06:11:22","slug":"gagnez-une-ecole-ignifugee","status":"publish","type":"page","link":"https:\/\/certeso.com\/fr\/gagnez-une-ecole-ignifugee\/","title":{"rendered":"Gagnez une \u00e9cole ignifug\u00e9e"},"content":{"rendered":"\t\t<div data-elementor-type=\"wp-page\" data-elementor-id=\"4054\" class=\"elementor elementor-4054\" data-elementor-post-type=\"page\">\n\t\t\t\t\t\t\t\t\t<section class=\"elementor-section elementor-top-section elementor-element elementor-element-84727ff elementor-section-boxed elementor-section-height-default elementor-section-height-default\" data-id=\"84727ff\" data-element_type=\"section\" data-settings=\"{&quot;background_background&quot;:&quot;classic&quot;}\">\n\t\t\t\t\t\t<div class=\"elementor-container elementor-column-gap-default\">\n\t\t\t\t\t<div class=\"elementor-column elementor-col-100 elementor-top-column elementor-element elementor-element-4bff957b\" data-id=\"4bff957b\" data-element_type=\"column\">\n\t\t\t<div class=\"elementor-widget-wrap elementor-element-populated\">\n\t\t\t\t\t\t\t\t<div class=\"elementor-element elementor-element-339b0712 elementor-widget elementor-widget-heading\" data-id=\"339b0712\" data-element_type=\"widget\" data-widget_type=\"heading.default\">\n\t\t\t\t<div class=\"elementor-widget-container\">\n\t\t\t<h2 class=\"elementor-heading-title elementor-size-default\">Participez et gagnez une \u00e9cole ignifug\u00e9e!<\/h2>\t\t<\/div>\n\t\t\t\t<\/div>\n\t\t\t\t\t<\/div>\n\t\t<\/div>\n\t\t\t\t\t\t\t<\/div>\n\t\t<\/section>\n\t\t\t\t<section class=\"elementor-section elementor-top-section elementor-element elementor-element-210395ff elementor-section-boxed elementor-section-height-default elementor-section-height-default\" data-id=\"210395ff\" data-element_type=\"section\">\n\t\t\t\t\t\t<div class=\"elementor-container elementor-column-gap-default\">\n\t\t\t\t\t<div class=\"elementor-column elementor-col-50 elementor-top-column elementor-element elementor-element-550ef260\" data-id=\"550ef260\" data-element_type=\"column\">\n\t\t\t<div class=\"elementor-widget-wrap elementor-element-populated\">\n\t\t\t\t\t\t\t\t<div class=\"elementor-element elementor-element-807caeb elementor-widget elementor-widget-heading\" data-id=\"807caeb\" data-element_type=\"widget\" data-widget_type=\"heading.default\">\n\t\t\t\t<div class=\"elementor-widget-container\">\n\t\t\t<h2 class=\"elementor-heading-title elementor-size-default\">Gagnez 7000 euros d'expertise!<\/h2>\t\t<\/div>\n\t\t\t\t<\/div>\n\t\t\t\t<div class=\"elementor-element elementor-element-384d91de elementor-widget elementor-widget-text-editor\" data-id=\"384d91de\" data-element_type=\"widget\" data-widget_type=\"text-editor.default\">\n\t\t\t\t<div class=\"elementor-widget-container\">\n\t\t\t\t\t\t\t<p>La s\u00e9curit\u00e9 incendie est tr\u00e8s importante dans les \u00e9coles. Elle exige beaucoup d&#8217;expertise et de connaissance de la l\u00e9gislation et occupe souvent une grande partie du budget de l&#8217;\u00e9cole. C&#8217;est pourquoi nous voulons offrir nos services gratuitement \u00e0 une \u00e9cole en Belgique (enseignement primaire et secondaire).<\/p>\n<p>Vous avez une chance de gagner des services de s\u00e9curit\u00e9 incendie d&#8217;une valeur de <strong>7000 euros! <\/strong>Pensez aux des plans d&#8217;\u00e9vacuation, signalisation ou \u00e0 un dossier d&#8217;intervention.<\/p>\n<p>La s\u00e9curit\u00e9 incendie, est-elle importante pour toi et ton \u00e9cole? Remplissez le formulaire de concours et peut-\u00eatre nos experts passeront votre \u00e9cole!<\/p>\t\t\t\t\t\t<\/div>\n\t\t\t\t<\/div>\n\t\t\t\t\t<\/div>\n\t\t<\/div>\n\t\t\t\t<div class=\"elementor-column elementor-col-50 elementor-top-column elementor-element elementor-element-1d7d6e1a\" data-id=\"1d7d6e1a\" data-element_type=\"column\">\n\t\t\t<div class=\"elementor-widget-wrap elementor-element-populated\">\n\t\t\t\t\t\t\t\t<div class=\"elementor-element elementor-element-4ffa8fb elementor-widget elementor-widget-image\" data-id=\"4ffa8fb\" data-element_type=\"widget\" data-widget_type=\"image.default\">\n\t\t\t\t<div class=\"elementor-widget-container\">\n\t\t\t\t\t\t\t\t\t\t\t\t\t\t\t<img fetchpriority=\"high\" width=\"1000\" height=\"667\" src=\"https:\/\/certeso.com\/fr\/wp-content\/uploads\/sites\/3\/2020\/01\/Campagnebeeld2-FR-kleiner.jpg\" class=\"attachment-large size-large wp-image-4055\" alt=\"Gagnez une \u00e9cole ignifug\u00e9e\" srcset=\"https:\/\/certeso.com\/fr\/wp-content\/uploads\/sites\/3\/2020\/01\/Campagnebeeld2-FR-kleiner.jpg 1000w, https:\/\/certeso.com\/fr\/wp-content\/uploads\/sites\/3\/2020\/01\/Campagnebeeld2-FR-kleiner-300x200.jpg 300w, https:\/\/certeso.com\/fr\/wp-content\/uploads\/sites\/3\/2020\/01\/Campagnebeeld2-FR-kleiner-768x512.jpg 768w\" sizes=\"(max-width: 1000px) 100vw, 1000px\" \/>\t\t\t\t\t\t\t\t\t\t\t\t\t\t\t<\/div>\n\t\t\t\t<\/div>\n\t\t\t\t\t<\/div>\n\t\t<\/div>\n\t\t\t\t\t\t\t<\/div>\n\t\t<\/section>\n\t\t\t\t<section class=\"elementor-section elementor-top-section elementor-element elementor-element-37cdae1 elementor-section-boxed elementor-section-height-default elementor-section-height-default\" data-id=\"37cdae1\" data-element_type=\"section\">\n\t\t\t\t\t\t<div class=\"elementor-container elementor-column-gap-default\">\n\t\t\t\t\t<div class=\"elementor-column elementor-col-100 elementor-top-column elementor-element elementor-element-b75ab78\" data-id=\"b75ab78\" data-element_type=\"column\">\n\t\t\t<div class=\"elementor-widget-wrap elementor-element-populated\">\n\t\t\t\t\t\t\t\t<div class=\"elementor-element elementor-element-4593bbe elementor-widget elementor-widget-heading\" data-id=\"4593bbe\" data-element_type=\"widget\" data-widget_type=\"heading.default\">\n\t\t\t\t<div class=\"elementor-widget-container\">\n\t\t\t<h2 class=\"elementor-heading-title elementor-size-default\">Ce concours est maintenant termin\u00e9<\/h2>\t\t<\/div>\n\t\t\t\t<\/div>\n\t\t\t\t<div class=\"elementor-element elementor-element-56ab540 elementor-widget elementor-widget-text-editor\" data-id=\"56ab540\" data-element_type=\"widget\" data-widget_type=\"text-editor.default\">\n\t\t\t\t<div class=\"elementor-widget-container\">\n\t\t\t\t\t\t\t<p style=\"text-align: center;\">Pour en savoir plus sur le gagnant, <a href=\"https:\/\/certeso.com\/fr\/gagnant-de-laction-scolaire\/\">cliquez ici<\/a>.<\/p>\t\t\t\t\t\t<\/div>\n\t\t\t\t<\/div>\n\t\t\t\t\t<\/div>\n\t\t<\/div>\n\t\t\t\t\t\t\t<\/div>\n\t\t<\/section>\n\t\t\t\t\t\t\t<\/div>\n\t\t","protected":false},"excerpt":{"rendered":"<p>Participez et gagnez une \u00e9cole ignifug\u00e9e! Gagnez 7000 euros d&#8217;expertise! La s\u00e9curit\u00e9 incendie est tr\u00e8s importante dans les \u00e9coles. Elle exige beaucoup d&#8217;expertise et de connaissance de la l\u00e9gislation et occupe souvent une grande partie du budget de l&#8217;\u00e9cole. C&#8217;est pourquoi nous voulons offrir nos services gratuitement \u00e0 une \u00e9cole en Belgique (enseignement primaire et &#8230; <a title=\"Gagnez une \u00e9cole ignifug\u00e9e\" class=\"read-more\" href=\"https:\/\/certeso.com\/fr\/gagnez-une-ecole-ignifugee\/\" aria-label=\"More on Gagnez une \u00e9cole ignifug\u00e9e\">Lire la suite<\/a><\/p>\n","protected":false},"author":2,"featured_media":0,"parent":0,"menu_order":0,"comment_status":"closed","ping_status":"closed","template":"elementor_header_footer","meta":[],"yoast_head":"<!-- This site is optimized with the Yoast SEO plugin v20.6 - https:\/\/yoast.com\/wordpress\/plugins\/seo\/ -->\n<title>Remplissez le formulaire et gagnez une \u00e9cole ignifug\u00e9e - Certeso<\/title>\n<meta name=\"description\" content=\"Vous avez une chance de gagner des services de s\u00e9curit\u00e9 incendie d&#039;une valeur de 7000 euros! La s\u00e9curit\u00e9 incendie est-elle \u00e9galement importante pour vous?\" \/>\n<meta name=\"robots\" content=\"index, follow, max-snippet:-1, max-image-preview:large, max-video-preview:-1\" \/>\n<link rel=\"canonical\" href=\"https:\/\/certeso.com\/fr\/gagnez-une-ecole-ignifugee\/\" \/>\n<meta property=\"og:locale\" content=\"fr_FR\" \/>\n<meta property=\"og:type\" content=\"article\" \/>\n<meta property=\"og:title\" content=\"Remplissez le formulaire et gagnez une \u00e9cole ignifug\u00e9e - Certeso\" \/>\n<meta property=\"og:description\" content=\"Vous avez une chance de gagner des services de s\u00e9curit\u00e9 incendie d&#039;une valeur de 7000 euros! La s\u00e9curit\u00e9 incendie est-elle \u00e9galement importante pour vous?\" \/>\n<meta property=\"og:url\" content=\"https:\/\/certeso.com\/fr\/gagnez-une-ecole-ignifugee\/\" \/>\n<meta property=\"og:site_name\" content=\"Certeso\" \/>\n<meta property=\"article:modified_time\" content=\"2021-05-25T06:11:22+00:00\" \/>\n<meta property=\"og:image\" content=\"https:\/\/certeso.com\/fr\/wp-content\/uploads\/sites\/3\/2020\/01\/Campagnebeeld2-FR-kleiner.jpg\" \/>\n<meta name=\"twitter:card\" content=\"summary_large_image\" \/>\n<meta name=\"twitter:label1\" content=\"Dur\u00e9e de lecture est.\" \/>\n\t<meta name=\"twitter:data1\" content=\"1 minute\" \/>\n<script type=\"application\/ld+json\" class=\"yoast-schema-graph\">{\"@context\":\"https:\/\/schema.org\",\"@graph\":[{\"@type\":\"WebPage\",\"@id\":\"https:\/\/certeso.com\/fr\/gagnez-une-ecole-ignifugee\/\",\"url\":\"https:\/\/certeso.com\/fr\/gagnez-une-ecole-ignifugee\/\",\"name\":\"Remplissez le formulaire et gagnez une \u00e9cole ignifug\u00e9e - Certeso\",\"isPartOf\":{\"@id\":\"https:\/\/certeso.com\/fr\/#website\"},\"datePublished\":\"2020-01-29T13:48:01+00:00\",\"dateModified\":\"2021-05-25T06:11:22+00:00\",\"description\":\"Vous avez une chance de gagner des services de s\u00e9curit\u00e9 incendie d'une valeur de 7000 euros! La s\u00e9curit\u00e9 incendie est-elle \u00e9galement importante pour vous?\",\"breadcrumb\":{\"@id\":\"https:\/\/certeso.com\/fr\/gagnez-une-ecole-ignifugee\/#breadcrumb\"},\"inLanguage\":\"fr-BE\",\"potentialAction\":[{\"@type\":\"ReadAction\",\"target\":[\"https:\/\/certeso.com\/fr\/gagnez-une-ecole-ignifugee\/\"]}]},{\"@type\":\"BreadcrumbList\",\"@id\":\"https:\/\/certeso.com\/fr\/gagnez-une-ecole-ignifugee\/#breadcrumb\",\"itemListElement\":[{\"@type\":\"ListItem\",\"position\":1,\"name\":\"Home\",\"item\":\"https:\/\/certeso.com\/fr\/\"},{\"@type\":\"ListItem\",\"position\":2,\"name\":\"Gagnez une \u00e9cole ignifug\u00e9e\"}]},{\"@type\":\"WebSite\",\"@id\":\"https:\/\/certeso.com\/fr\/#website\",\"url\":\"https:\/\/certeso.com\/fr\/\",\"name\":\"Certeso\",\"description\":\"S\u00e9curit\u00e9 sans soucis\",\"potentialAction\":[{\"@type\":\"SearchAction\",\"target\":{\"@type\":\"EntryPoint\",\"urlTemplate\":\"https:\/\/certeso.com\/fr\/?s={search_term_string}\"},\"query-input\":\"required name=search_term_string\"}],\"inLanguage\":\"fr-BE\"}]}<\/script>\n<!-- \/ Yoast SEO plugin. -->","yoast_head_json":{"title":"Remplissez le formulaire et gagnez une \u00e9cole ignifug\u00e9e - Certeso","description":"Vous avez une chance de gagner des services de s\u00e9curit\u00e9 incendie d'une valeur de 7000 euros! La s\u00e9curit\u00e9 incendie est-elle \u00e9galement importante pour vous?","robots":{"index":"index","follow":"follow","max-snippet":"max-snippet:-1","max-image-preview":"max-image-preview:large","max-video-preview":"max-video-preview:-1"},"canonical":"https:\/\/certeso.com\/fr\/gagnez-une-ecole-ignifugee\/","og_locale":"fr_FR","og_type":"article","og_title":"Remplissez le formulaire et gagnez une \u00e9cole ignifug\u00e9e - Certeso","og_description":"Vous avez une chance de gagner des services de s\u00e9curit\u00e9 incendie d'une valeur de 7000 euros! La s\u00e9curit\u00e9 incendie est-elle \u00e9galement importante pour vous?","og_url":"https:\/\/certeso.com\/fr\/gagnez-une-ecole-ignifugee\/","og_site_name":"Certeso","article_modified_time":"2021-05-25T06:11:22+00:00","og_image":[{"url":"https:\/\/certeso.com\/fr\/wp-content\/uploads\/sites\/3\/2020\/01\/Campagnebeeld2-FR-kleiner.jpg"}],"twitter_card":"summary_large_image","twitter_misc":{"Dur\u00e9e de lecture est.":"1 minute"},"schema":{"@context":"https:\/\/schema.org","@graph":[{"@type":"WebPage","@id":"https:\/\/certeso.com\/fr\/gagnez-une-ecole-ignifugee\/","url":"https:\/\/certeso.com\/fr\/gagnez-une-ecole-ignifugee\/","name":"Remplissez le formulaire et gagnez une \u00e9cole ignifug\u00e9e - Certeso","isPartOf":{"@id":"https:\/\/certeso.com\/fr\/#website"},"datePublished":"2020-01-29T13:48:01+00:00","dateModified":"2021-05-25T06:11:22+00:00","description":"Vous avez une chance de gagner des services de s\u00e9curit\u00e9 incendie d'une valeur de 7000 euros! La s\u00e9curit\u00e9 incendie est-elle \u00e9galement importante pour vous?","breadcrumb":{"@id":"https:\/\/certeso.com\/fr\/gagnez-une-ecole-ignifugee\/#breadcrumb"},"inLanguage":"fr-BE","potentialAction":[{"@type":"ReadAction","target":["https:\/\/certeso.com\/fr\/gagnez-une-ecole-ignifugee\/"]}]},{"@type":"BreadcrumbList","@id":"https:\/\/certeso.com\/fr\/gagnez-une-ecole-ignifugee\/#breadcrumb","itemListElement":[{"@type":"ListItem","position":1,"name":"Home","item":"https:\/\/certeso.com\/fr\/"},{"@type":"ListItem","position":2,"name":"Gagnez une \u00e9cole ignifug\u00e9e"}]},{"@type":"WebSite","@id":"https:\/\/certeso.com\/fr\/#website","url":"https:\/\/certeso.com\/fr\/","name":"Certeso","description":"S\u00e9curit\u00e9 sans soucis","potentialAction":[{"@type":"SearchAction","target":{"@type":"EntryPoint","urlTemplate":"https:\/\/certeso.com\/fr\/?s={search_term_string}"},"query-input":"required name=search_term_string"}],"inLanguage":"fr-BE"}]}},"_links":{"self":[{"href":"https:\/\/certeso.com\/fr\/wp-json\/wp\/v2\/pages\/4054"}],"collection":[{"href":"https:\/\/certeso.com\/fr\/wp-json\/wp\/v2\/pages"}],"about":[{"href":"https:\/\/certeso.com\/fr\/wp-json\/wp\/v2\/types\/page"}],"author":[{"embeddable":true,"href":"https:\/\/certeso.com\/fr\/wp-json\/wp\/v2\/users\/2"}],"replies":[{"embeddable":true,"href":"https:\/\/certeso.com\/fr\/wp-json\/wp\/v2\/comments?post=4054"}],"version-history":[{"count":43,"href":"https:\/\/certeso.com\/fr\/wp-json\/wp\/v2\/pages\/4054\/revisions"}],"predecessor-version":[{"id":4707,"href":"https:\/\/certeso.com\/fr\/wp-json\/wp\/v2\/pages\/4054\/revisions\/4707"}],"wp:attachment":[{"href":"https:\/\/certeso.com\/fr\/wp-json\/wp\/v2\/media?parent=4054"}],"curies":[{"name":"wp","href":"https:\/\/api.w.org\/{rel}","templated":true}]}}