{"id":4527,"date":"2021-02-17T10:11:42","date_gmt":"2021-02-17T09:11:42","guid":{"rendered":"https:\/\/certeso.com\/fr\/?page_id=4527"},"modified":"2023-07-10T09:14:00","modified_gmt":"2023-07-10T08:14:00","slug":"deposer-une-plainte","status":"publish","type":"page","link":"https:\/\/certeso.com\/fr\/deposer-une-plainte\/","title":{"rendered":"D\u00e9poser une plainte"},"content":{"rendered":"\t\t<div data-elementor-type=\"wp-page\" data-elementor-id=\"4527\" class=\"elementor elementor-4527\" data-elementor-post-type=\"page\">\n\t\t\t\t\t\t\t\t\t<section class=\"elementor-section elementor-top-section elementor-element elementor-element-4c3d10e5 elementor-section-boxed elementor-section-height-default elementor-section-height-default\" data-id=\"4c3d10e5\" data-element_type=\"section\" data-settings=\"{&quot;background_background&quot;:&quot;classic&quot;}\">\n\t\t\t\t\t\t<div class=\"elementor-container elementor-column-gap-default\">\n\t\t\t\t\t<div class=\"elementor-column elementor-col-100 elementor-top-column elementor-element elementor-element-7055eb74\" data-id=\"7055eb74\" data-element_type=\"column\">\n\t\t\t<div class=\"elementor-widget-wrap elementor-element-populated\">\n\t\t\t\t\t\t\t\t<div class=\"elementor-element elementor-element-19787b52 elementor-widget elementor-widget-heading\" data-id=\"19787b52\" data-element_type=\"widget\" data-widget_type=\"heading.default\">\n\t\t\t\t<div class=\"elementor-widget-container\">\n\t\t\t<h2 class=\"elementor-heading-title elementor-size-default\">Tout ne s'est pas pass\u00e9 comme pr\u00e9vu ?<\/h2>\t\t<\/div>\n\t\t\t\t<\/div>\n\t\t\t\t\t<\/div>\n\t\t<\/div>\n\t\t\t\t\t\t\t<\/div>\n\t\t<\/section>\n\t\t\t\t<section class=\"elementor-section elementor-top-section elementor-element elementor-element-7c25241b elementor-section-boxed elementor-section-height-default elementor-section-height-default\" data-id=\"7c25241b\" data-element_type=\"section\">\n\t\t\t\t\t\t<div class=\"elementor-container elementor-column-gap-default\">\n\t\t\t\t\t<div class=\"elementor-column elementor-col-100 elementor-top-column elementor-element elementor-element-eaac87e\" data-id=\"eaac87e\" data-element_type=\"column\">\n\t\t\t<div class=\"elementor-widget-wrap elementor-element-populated\">\n\t\t\t\t\t\t\t\t<div class=\"elementor-element elementor-element-7bc23f81 elementor-widget elementor-widget-text-editor\" data-id=\"7bc23f81\" data-element_type=\"widget\" data-widget_type=\"text-editor.default\">\n\t\t\t\t<div class=\"elementor-widget-container\">\n\t\t\t\t\t\t\t<p style=\"text-align: center;\"><span style=\"font-weight: 400;\">Chez Certeso, nous attachons une grande importance \u00e0 votre satisfaction.\u00a0 <br \/><\/span>Quelque chose ne s&#8217;est pas tout \u00e0 fait d\u00e9roul\u00e9 comme pr\u00e9vu? Alors, nous aimerions le savoir.\u00a0<span style=\"font-weight: 400;\"><br \/><\/span><\/p><p style=\"text-align: center;\">Apr\u00e8s r\u00e9ception de votre message, nous vous contacterons dans les plus brefs d\u00e9lais pour trouver une solution.<\/p>\t\t\t\t\t\t<\/div>\n\t\t\t\t<\/div>\n\t\t\t\t<div class=\"elementor-element elementor-element-71d23cc8 elementor-button-align-stretch elementor-widget elementor-widget-form\" data-id=\"71d23cc8\" data-element_type=\"widget\" data-settings=\"{&quot;step_next_label&quot;:&quot;Next&quot;,&quot;step_previous_label&quot;:&quot;Previous&quot;,&quot;button_width&quot;:&quot;100&quot;,&quot;step_type&quot;:&quot;number_text&quot;,&quot;step_icon_shape&quot;:&quot;circle&quot;}\" data-widget_type=\"form.default\">\n\t\t\t\t<div class=\"elementor-widget-container\">\n\t\t\t\t\t<form class=\"elementor-form\" method=\"post\" name=\"New Form\">\n\t\t\t<input type=\"hidden\" name=\"post_id\" value=\"4527\"\/>\n\t\t\t<input type=\"hidden\" name=\"form_id\" value=\"71d23cc8\"\/>\n\t\t\t<input type=\"hidden\" name=\"referer_title\" value=\"Certeso\" \/>\n\n\t\t\t\n\t\t\t<div class=\"elementor-form-fields-wrapper elementor-labels-above\">\n\t\t\t\t\t\t\t\t<div class=\"elementor-field-type-text elementor-field-group elementor-column elementor-field-group-name elementor-col-40 elementor-field-required\">\n\t\t\t\t\t\t\t\t\t\t\t\t\t<input size=\"1\" type=\"text\" name=\"form_fields[name]\" id=\"form-field-name\" class=\"elementor-field elementor-size-sm  elementor-field-textual\" placeholder=\"Pr\u00e9nom*\" required=\"required\" aria-required=\"true\">\n\t\t\t\t\t\t\t\t\t\t\t<\/div>\n\t\t\t\t\t\t\t\t<div class=\"elementor-field-type-text elementor-field-group elementor-column elementor-field-group-field_addef54 elementor-col-40 elementor-field-required\">\n\t\t\t\t\t\t\t\t\t\t\t\t\t<input size=\"1\" type=\"text\" name=\"form_fields[field_addef54]\" id=\"form-field-field_addef54\" class=\"elementor-field elementor-size-sm  elementor-field-textual\" placeholder=\"Nom*\" required=\"required\" aria-required=\"true\">\n\t\t\t\t\t\t\t\t\t\t\t<\/div>\n\t\t\t\t\t\t\t\t<div class=\"elementor-field-type-text elementor-field-group elementor-column elementor-field-group-field_659421c elementor-col-20 elementor-field-required\">\n\t\t\t\t\t\t\t\t\t\t\t\t\t<input size=\"1\" type=\"text\" name=\"form_fields[field_659421c]\" id=\"form-field-field_659421c\" class=\"elementor-field elementor-size-sm  elementor-field-textual\" placeholder=\"Nom de l&#039;entreprise*\" required=\"required\" aria-required=\"true\">\n\t\t\t\t\t\t\t\t\t\t\t<\/div>\n\t\t\t\t\t\t\t\t<div class=\"elementor-field-type-email elementor-field-group elementor-column elementor-field-group-email elementor-col-50 elementor-field-required\">\n\t\t\t\t\t\t\t\t\t\t\t\t\t<input size=\"1\" type=\"email\" name=\"form_fields[email]\" id=\"form-field-email\" class=\"elementor-field elementor-size-sm  elementor-field-textual\" placeholder=\"Email*\" required=\"required\" aria-required=\"true\">\n\t\t\t\t\t\t\t\t\t\t\t<\/div>\n\t\t\t\t\t\t\t\t<div class=\"elementor-field-type-tel elementor-field-group elementor-column elementor-field-group-field_6028e26 elementor-col-50 elementor-field-required\">\n\t\t\t\t\t\t\t<input size=\"1\" type=\"tel\" name=\"form_fields[field_6028e26]\" id=\"form-field-field_6028e26\" class=\"elementor-field elementor-size-sm  elementor-field-textual\" placeholder=\"Num\u00e9ro de t\u00e9l\u00e9phone*\" required=\"required\" aria-required=\"true\" pattern=\"[0-9()#&amp;+*-=.]+\" title=\"Only numbers and phone characters (#, -, *, etc) are accepted.\">\n\n\t\t\t\t\t\t<\/div>\n\t\t\t\t\t\t\t\t<div class=\"elementor-field-type-select elementor-field-group elementor-column elementor-field-group-field_7628fa4 elementor-col-100 elementor-field-required\">\n\t\t\t\t\t\t\t\t\t\t\t\t<label for=\"form-field-field_7628fa4\" class=\"elementor-field-label\">\n\t\t\t\t\t\t\t\tO\u00f9 est-ce que quelque chose s'est mal pass\u00e9?\t\t\t\t\t\t\t<\/label>\n\t\t\t\t\t\t\t\t<div class=\"elementor-field elementor-select-wrapper remove-before \">\n\t\t\t<div class=\"select-caret-down-wrapper\">\n\t\t\t\t<i aria-hidden=\"true\" class=\"eicon-caret-down\"><\/i>\t\t\t<\/div>\n\t\t\t<select name=\"form_fields[field_7628fa4]\" id=\"form-field-field_7628fa4\" class=\"elementor-field-textual elementor-size-sm\" required=\"required\" aria-required=\"true\">\n\t\t\t\t\t\t\t\t\t<option value=\"Facturation\">Facturation<\/option>\n\t\t\t\t\t\t\t\t\t<option value=\"Ventes\">Ventes<\/option>\n\t\t\t\t\t\t\t\t\t<option value=\"Travaux r\u00e9alis\u00e9s\">Travaux r\u00e9alis\u00e9s<\/option>\n\t\t\t\t\t\t\t\t\t<option value=\"Autres\">Autres<\/option>\n\t\t\t\t\t\t\t\t\t<option value=\"\"><\/option>\n\t\t\t\t\t\t\t<\/select>\n\t\t<\/div>\n\t\t\t\t\t\t<\/div>\n\t\t\t\t\t\t\t\t<div class=\"elementor-field-type-textarea elementor-field-group elementor-column elementor-field-group-message elementor-col-100 elementor-field-required\">\n\t\t\t\t\t<textarea class=\"elementor-field-textual elementor-field  elementor-size-sm\" name=\"form_fields[message]\" id=\"form-field-message\" rows=\"14\" placeholder=\"Qu&#039;est-ce qui ne s&#039;est pas pass\u00e9 comme pr\u00e9vu?\" required=\"required\" aria-required=\"true\"><\/textarea>\t\t\t\t<\/div>\n\t\t\t\t\t\t\t\t<div class=\"elementor-field-type-recaptcha_v3 elementor-field-group elementor-column elementor-field-group-field_533be6d elementor-col-100 recaptcha_v3-inline\">\n\t\t\t\t\t<div class=\"elementor-field\" id=\"form-field-field_533be6d\"><div class=\"elementor-g-recaptcha\" data-sitekey=\"6LdPfKUZAAAAAFr4aum70vIPGwQCvDaxV6r3FFWQ\" data-type=\"v3\" data-action=\"Form\" data-badge=\"inline\" data-size=\"invisible\"><\/div><\/div>\t\t\t\t<\/div>\n\t\t\t\t\t\t\t\t<div class=\"elementor-field-group elementor-column elementor-field-type-submit elementor-col-100 e-form__buttons\">\n\t\t\t\t\t<button type=\"submit\" class=\"elementor-button elementor-size-sm\">\n\t\t\t\t\t\t<span >\n\t\t\t\t\t\t\t\t\t\t\t\t\t\t\t<span class=\" elementor-button-icon\">\n\t\t\t\t\t\t\t\t\t\t\t\t\t\t\t\t\t\t\t\t\t\t\t\t\t\t<\/span>\n\t\t\t\t\t\t\t\t\t\t\t\t\t\t\t\t\t\t\t\t\t\t<span class=\"elementor-button-text\">Envoyer<\/span>\n\t\t\t\t\t\t\t\t\t\t\t\t\t<\/span>\n\t\t\t\t\t<\/button>\n\t\t\t\t<\/div>\n\t\t\t<\/div>\n\t\t<\/form>\n\t\t\t\t<\/div>\n\t\t\t\t<\/div>\n\t\t\t\t\t<\/div>\n\t\t<\/div>\n\t\t\t\t\t\t\t<\/div>\n\t\t<\/section>\n\t\t\t\t\t\t\t<\/div>\n\t\t","protected":false},"excerpt":{"rendered":"<p>Tout ne s&#8217;est pas pass\u00e9 comme pr\u00e9vu ? Chez Certeso, nous attachons une grande importance \u00e0 votre satisfaction.\u00a0 Quelque chose ne s&#8217;est pas tout \u00e0 fait d\u00e9roul\u00e9 comme pr\u00e9vu? Alors, nous aimerions le savoir.\u00a0 Apr\u00e8s r\u00e9ception de votre message, nous vous contacterons dans les plus brefs d\u00e9lais pour trouver une solution.<\/p>\n","protected":false},"author":2,"featured_media":0,"parent":0,"menu_order":0,"comment_status":"closed","ping_status":"closed","template":"elementor_header_footer","meta":[],"yoast_head":"<!-- This site is optimized with the Yoast SEO plugin v20.6 - https:\/\/yoast.com\/wordpress\/plugins\/seo\/ -->\n<title>D\u00e9poser une plainte - Certeso<\/title>\n<meta name=\"robots\" content=\"index, follow, max-snippet:-1, max-image-preview:large, max-video-preview:-1\" \/>\n<link rel=\"canonical\" href=\"https:\/\/certeso.com\/fr\/deposer-une-plainte\/\" \/>\n<meta property=\"og:locale\" content=\"fr_FR\" \/>\n<meta property=\"og:type\" content=\"article\" \/>\n<meta property=\"og:title\" content=\"D\u00e9poser une plainte - Certeso\" \/>\n<meta property=\"og:description\" content=\"Tout ne s&#8217;est pas pass\u00e9 comme pr\u00e9vu ? Chez Certeso, nous attachons une grande importance \u00e0 votre satisfaction.\u00a0 Quelque chose ne s&#8217;est pas tout \u00e0 fait d\u00e9roul\u00e9 comme pr\u00e9vu? Alors, nous aimerions le savoir.\u00a0 Apr\u00e8s r\u00e9ception de votre message, nous vous contacterons dans les plus brefs d\u00e9lais pour trouver une solution.\" \/>\n<meta property=\"og:url\" content=\"https:\/\/certeso.com\/fr\/deposer-une-plainte\/\" \/>\n<meta property=\"og:site_name\" content=\"Certeso\" \/>\n<meta property=\"article:modified_time\" content=\"2023-07-10T08:14:00+00:00\" \/>\n<meta name=\"twitter:card\" content=\"summary_large_image\" \/>\n<meta name=\"twitter:label1\" content=\"Dur\u00e9e de lecture est.\" \/>\n\t<meta name=\"twitter:data1\" content=\"1 minute\" \/>\n<script type=\"application\/ld+json\" class=\"yoast-schema-graph\">{\"@context\":\"https:\/\/schema.org\",\"@graph\":[{\"@type\":\"WebPage\",\"@id\":\"https:\/\/certeso.com\/fr\/deposer-une-plainte\/\",\"url\":\"https:\/\/certeso.com\/fr\/deposer-une-plainte\/\",\"name\":\"D\u00e9poser une plainte - Certeso\",\"isPartOf\":{\"@id\":\"https:\/\/certeso.com\/fr\/#website\"},\"datePublished\":\"2021-02-17T09:11:42+00:00\",\"dateModified\":\"2023-07-10T08:14:00+00:00\",\"breadcrumb\":{\"@id\":\"https:\/\/certeso.com\/fr\/deposer-une-plainte\/#breadcrumb\"},\"inLanguage\":\"fr-BE\",\"potentialAction\":[{\"@type\":\"ReadAction\",\"target\":[\"https:\/\/certeso.com\/fr\/deposer-une-plainte\/\"]}]},{\"@type\":\"BreadcrumbList\",\"@id\":\"https:\/\/certeso.com\/fr\/deposer-une-plainte\/#breadcrumb\",\"itemListElement\":[{\"@type\":\"ListItem\",\"position\":1,\"name\":\"Home\",\"item\":\"https:\/\/certeso.com\/fr\/\"},{\"@type\":\"ListItem\",\"position\":2,\"name\":\"D\u00e9poser une plainte\"}]},{\"@type\":\"WebSite\",\"@id\":\"https:\/\/certeso.com\/fr\/#website\",\"url\":\"https:\/\/certeso.com\/fr\/\",\"name\":\"Certeso\",\"description\":\"S\u00e9curit\u00e9 sans soucis\",\"potentialAction\":[{\"@type\":\"SearchAction\",\"target\":{\"@type\":\"EntryPoint\",\"urlTemplate\":\"https:\/\/certeso.com\/fr\/?s={search_term_string}\"},\"query-input\":\"required name=search_term_string\"}],\"inLanguage\":\"fr-BE\"}]}<\/script>\n<!-- \/ Yoast SEO plugin. -->","yoast_head_json":{"title":"D\u00e9poser une plainte - Certeso","robots":{"index":"index","follow":"follow","max-snippet":"max-snippet:-1","max-image-preview":"max-image-preview:large","max-video-preview":"max-video-preview:-1"},"canonical":"https:\/\/certeso.com\/fr\/deposer-une-plainte\/","og_locale":"fr_FR","og_type":"article","og_title":"D\u00e9poser une plainte - Certeso","og_description":"Tout ne s&#8217;est pas pass\u00e9 comme pr\u00e9vu ? Chez Certeso, nous attachons une grande importance \u00e0 votre satisfaction.\u00a0 Quelque chose ne s&#8217;est pas tout \u00e0 fait d\u00e9roul\u00e9 comme pr\u00e9vu? Alors, nous aimerions le savoir.\u00a0 Apr\u00e8s r\u00e9ception de votre message, nous vous contacterons dans les plus brefs d\u00e9lais pour trouver une solution.","og_url":"https:\/\/certeso.com\/fr\/deposer-une-plainte\/","og_site_name":"Certeso","article_modified_time":"2023-07-10T08:14:00+00:00","twitter_card":"summary_large_image","twitter_misc":{"Dur\u00e9e de lecture est.":"1 minute"},"schema":{"@context":"https:\/\/schema.org","@graph":[{"@type":"WebPage","@id":"https:\/\/certeso.com\/fr\/deposer-une-plainte\/","url":"https:\/\/certeso.com\/fr\/deposer-une-plainte\/","name":"D\u00e9poser une plainte - Certeso","isPartOf":{"@id":"https:\/\/certeso.com\/fr\/#website"},"datePublished":"2021-02-17T09:11:42+00:00","dateModified":"2023-07-10T08:14:00+00:00","breadcrumb":{"@id":"https:\/\/certeso.com\/fr\/deposer-une-plainte\/#breadcrumb"},"inLanguage":"fr-BE","potentialAction":[{"@type":"ReadAction","target":["https:\/\/certeso.com\/fr\/deposer-une-plainte\/"]}]},{"@type":"BreadcrumbList","@id":"https:\/\/certeso.com\/fr\/deposer-une-plainte\/#breadcrumb","itemListElement":[{"@type":"ListItem","position":1,"name":"Home","item":"https:\/\/certeso.com\/fr\/"},{"@type":"ListItem","position":2,"name":"D\u00e9poser une plainte"}]},{"@type":"WebSite","@id":"https:\/\/certeso.com\/fr\/#website","url":"https:\/\/certeso.com\/fr\/","name":"Certeso","description":"S\u00e9curit\u00e9 sans soucis","potentialAction":[{"@type":"SearchAction","target":{"@type":"EntryPoint","urlTemplate":"https:\/\/certeso.com\/fr\/?s={search_term_string}"},"query-input":"required name=search_term_string"}],"inLanguage":"fr-BE"}]}},"_links":{"self":[{"href":"https:\/\/certeso.com\/fr\/wp-json\/wp\/v2\/pages\/4527"}],"collection":[{"href":"https:\/\/certeso.com\/fr\/wp-json\/wp\/v2\/pages"}],"about":[{"href":"https:\/\/certeso.com\/fr\/wp-json\/wp\/v2\/types\/page"}],"author":[{"embeddable":true,"href":"https:\/\/certeso.com\/fr\/wp-json\/wp\/v2\/users\/2"}],"replies":[{"embeddable":true,"href":"https:\/\/certeso.com\/fr\/wp-json\/wp\/v2\/comments?post=4527"}],"version-history":[{"count":16,"href":"https:\/\/certeso.com\/fr\/wp-json\/wp\/v2\/pages\/4527\/revisions"}],"predecessor-version":[{"id":5198,"href":"https:\/\/certeso.com\/fr\/wp-json\/wp\/v2\/pages\/4527\/revisions\/5198"}],"wp:attachment":[{"href":"https:\/\/certeso.com\/fr\/wp-json\/wp\/v2\/media?parent=4527"}],"curies":[{"name":"wp","href":"https:\/\/api.w.org\/{rel}","templated":true}]}}