{"id":4548,"date":"2021-02-19T10:30:41","date_gmt":"2021-02-19T09:30:41","guid":{"rendered":"https:\/\/certeso.com\/fr\/?page_id=4548"},"modified":"2023-04-24T10:27:02","modified_gmt":"2023-04-24T09:27:02","slug":"demandez-a-notre-expert","status":"publish","type":"page","link":"https:\/\/certeso.com\/fr\/demandez-a-notre-expert\/","title":{"rendered":"Demandez \u00e0 notre expert"},"content":{"rendered":"\t\t<div data-elementor-type=\"wp-page\" data-elementor-id=\"4548\" class=\"elementor elementor-4548\" data-elementor-post-type=\"page\">\n\t\t\t\t\t\t\t\t\t<section class=\"elementor-section elementor-top-section elementor-element elementor-element-7a5434dc elementor-section-boxed elementor-section-height-default elementor-section-height-default\" data-id=\"7a5434dc\" data-element_type=\"section\" data-settings=\"{&quot;background_background&quot;:&quot;classic&quot;}\">\n\t\t\t\t\t\t<div class=\"elementor-container elementor-column-gap-default\">\n\t\t\t\t\t<div class=\"elementor-column elementor-col-100 elementor-top-column elementor-element elementor-element-581cdc2d\" data-id=\"581cdc2d\" data-element_type=\"column\">\n\t\t\t<div class=\"elementor-widget-wrap elementor-element-populated\">\n\t\t\t\t\t\t\t\t<div class=\"elementor-element elementor-element-8b6f479 elementor-widget elementor-widget-heading\" data-id=\"8b6f479\" data-element_type=\"widget\" data-widget_type=\"heading.default\">\n\t\t\t\t<div class=\"elementor-widget-container\">\n\t\t\t<h2 class=\"elementor-heading-title elementor-size-default\">Posez votre question \u00e0 nos experts<\/h2>\t\t<\/div>\n\t\t\t\t<\/div>\n\t\t\t\t\t<\/div>\n\t\t<\/div>\n\t\t\t\t\t\t\t<\/div>\n\t\t<\/section>\n\t\t\t\t<section class=\"elementor-section elementor-top-section elementor-element elementor-element-4af76727 elementor-section-boxed elementor-section-height-default elementor-section-height-default\" data-id=\"4af76727\" data-element_type=\"section\">\n\t\t\t\t\t\t<div class=\"elementor-container elementor-column-gap-default\">\n\t\t\t\t\t<div class=\"elementor-column elementor-col-100 elementor-top-column elementor-element elementor-element-13368bdd\" data-id=\"13368bdd\" data-element_type=\"column\">\n\t\t\t<div class=\"elementor-widget-wrap elementor-element-populated\">\n\t\t\t\t\t\t\t\t<div class=\"elementor-element elementor-element-21a5da94 elementor-widget elementor-widget-text-editor\" data-id=\"21a5da94\" data-element_type=\"widget\" data-widget_type=\"text-editor.default\">\n\t\t\t\t<div class=\"elementor-widget-container\">\n\t\t\t\t\t\t\t<p style=\"text-align: center;\">Nous voulons partager nos connaissances et notre exp\u00e9rience en mati\u00e8re de s\u00e9curit\u00e9 incendie avec tout le monde.<br \/>C&#8217;est pourquoi vous pouvez d\u00e9sormais soumettre vos questions sur la pr\u00e9vention des incendies ici, \u00e0 toute heure du jour.<\/p><p style=\"text-align: center;\">Vous avez une question sur la s\u00e9curit\u00e9 incendie?\u00a0<br \/>Soumettez-les maintenant, nous nous efforcerons de vous fournir une r\u00e9ponse dans les meilleurs d\u00e9lais.<\/p>\t\t\t\t\t\t<\/div>\n\t\t\t\t<\/div>\n\t\t\t\t<div class=\"elementor-element elementor-element-72a1ec1f elementor-button-align-stretch elementor-widget elementor-widget-form\" data-id=\"72a1ec1f\" data-element_type=\"widget\" data-settings=\"{&quot;step_next_label&quot;:&quot;Next&quot;,&quot;step_previous_label&quot;:&quot;Previous&quot;,&quot;button_width&quot;:&quot;100&quot;,&quot;step_type&quot;:&quot;number_text&quot;,&quot;step_icon_shape&quot;:&quot;circle&quot;}\" data-widget_type=\"form.default\">\n\t\t\t\t<div class=\"elementor-widget-container\">\n\t\t\t\t\t<form class=\"elementor-form\" method=\"post\" name=\"New Form\">\n\t\t\t<input type=\"hidden\" name=\"post_id\" value=\"4548\"\/>\n\t\t\t<input type=\"hidden\" name=\"form_id\" value=\"72a1ec1f\"\/>\n\t\t\t<input type=\"hidden\" name=\"referer_title\" value=\"Certeso\" \/>\n\n\t\t\t\n\t\t\t<div class=\"elementor-form-fields-wrapper elementor-labels-above\">\n\t\t\t\t\t\t\t\t<div class=\"elementor-field-type-email elementor-field-group elementor-column elementor-field-group-email elementor-col-60 elementor-field-required\">\n\t\t\t\t\t\t\t\t\t\t\t\t\t<input size=\"1\" type=\"email\" name=\"form_fields[email]\" id=\"form-field-email\" class=\"elementor-field elementor-size-sm  elementor-field-textual\" placeholder=\"Email*\" required=\"required\" aria-required=\"true\">\n\t\t\t\t\t\t\t\t\t\t\t<\/div>\n\t\t\t\t\t\t\t\t<div class=\"elementor-field-type-text elementor-field-group elementor-column elementor-field-group-field_e62df48 elementor-col-20 elementor-field-required\">\n\t\t\t\t\t\t\t\t\t\t\t\t\t<input size=\"1\" type=\"text\" name=\"form_fields[field_e62df48]\" id=\"form-field-field_e62df48\" class=\"elementor-field elementor-size-sm  elementor-field-textual\" placeholder=\"Pr\u00e9nom\" required=\"required\" aria-required=\"true\">\n\t\t\t\t\t\t\t\t\t\t\t<\/div>\n\t\t\t\t\t\t\t\t<div class=\"elementor-field-type-text elementor-field-group elementor-column elementor-field-group-field_f3a0570 elementor-col-20 elementor-field-required\">\n\t\t\t\t\t\t\t\t\t\t\t\t\t<input size=\"1\" type=\"text\" name=\"form_fields[field_f3a0570]\" id=\"form-field-field_f3a0570\" class=\"elementor-field elementor-size-sm  elementor-field-textual\" placeholder=\"Nom\" required=\"required\" aria-required=\"true\">\n\t\t\t\t\t\t\t\t\t\t\t<\/div>\n\t\t\t\t\t\t\t\t<div class=\"elementor-field-type-textarea elementor-field-group elementor-column elementor-field-group-message elementor-col-100 elementor-field-required\">\n\t\t\t\t\t<textarea class=\"elementor-field-textual elementor-field  elementor-size-sm\" name=\"form_fields[message]\" id=\"form-field-message\" rows=\"19\" placeholder=\"J&#039;aimerais savoir...\" required=\"required\" aria-required=\"true\"><\/textarea>\t\t\t\t<\/div>\n\t\t\t\t\t\t\t\t<div class=\"elementor-field-group elementor-column elementor-field-type-submit elementor-col-100 e-form__buttons\">\n\t\t\t\t\t<button type=\"submit\" class=\"elementor-button elementor-size-sm\">\n\t\t\t\t\t\t<span >\n\t\t\t\t\t\t\t\t\t\t\t\t\t\t\t<span class=\" elementor-button-icon\">\n\t\t\t\t\t\t\t\t\t\t\t\t\t\t\t\t\t\t\t\t\t\t\t\t\t\t<\/span>\n\t\t\t\t\t\t\t\t\t\t\t\t\t\t\t\t\t\t\t\t\t\t<span class=\"elementor-button-text\">Soumettre la question<\/span>\n\t\t\t\t\t\t\t\t\t\t\t\t\t<\/span>\n\t\t\t\t\t<\/button>\n\t\t\t\t<\/div>\n\t\t\t<\/div>\n\t\t<\/form>\n\t\t\t\t<\/div>\n\t\t\t\t<\/div>\n\t\t\t\t\t<\/div>\n\t\t<\/div>\n\t\t\t\t\t\t\t<\/div>\n\t\t<\/section>\n\t\t\t\t\t\t\t<\/div>\n\t\t","protected":false},"excerpt":{"rendered":"<p>Posez votre question \u00e0 nos experts Nous voulons partager nos connaissances et notre exp\u00e9rience en mati\u00e8re de s\u00e9curit\u00e9 incendie avec tout le monde.C&#8217;est pourquoi vous pouvez d\u00e9sormais soumettre vos questions sur la pr\u00e9vention des incendies ici, \u00e0 toute heure du jour. Vous avez une question sur la s\u00e9curit\u00e9 incendie?\u00a0Soumettez-les maintenant, nous nous efforcerons de vous &#8230; <a title=\"Demandez \u00e0 notre expert\" class=\"read-more\" href=\"https:\/\/certeso.com\/fr\/demandez-a-notre-expert\/\" aria-label=\"More on Demandez \u00e0 notre expert\">Lire la suite<\/a><\/p>\n","protected":false},"author":2,"featured_media":0,"parent":0,"menu_order":0,"comment_status":"closed","ping_status":"closed","template":"elementor_header_footer","meta":[],"yoast_head":"<!-- This site is optimized with the Yoast SEO plugin v20.6 - https:\/\/yoast.com\/wordpress\/plugins\/seo\/ -->\n<title>Demandez \u00e0 notre expert - Certeso<\/title>\n<meta name=\"robots\" content=\"index, follow, max-snippet:-1, max-image-preview:large, max-video-preview:-1\" \/>\n<link rel=\"canonical\" href=\"https:\/\/certeso.com\/fr\/demandez-a-notre-expert\/\" \/>\n<meta property=\"og:locale\" content=\"fr_FR\" \/>\n<meta property=\"og:type\" content=\"article\" \/>\n<meta property=\"og:title\" content=\"Demandez \u00e0 notre expert - Certeso\" \/>\n<meta property=\"og:description\" content=\"Posez votre question \u00e0 nos experts Nous voulons partager nos connaissances et notre exp\u00e9rience en mati\u00e8re de s\u00e9curit\u00e9 incendie avec tout le monde.C&#8217;est pourquoi vous pouvez d\u00e9sormais soumettre vos questions sur la pr\u00e9vention des incendies ici, \u00e0 toute heure du jour. Vous avez une question sur la s\u00e9curit\u00e9 incendie?\u00a0Soumettez-les maintenant, nous nous efforcerons de vous ... Lire la suite\" \/>\n<meta property=\"og:url\" content=\"https:\/\/certeso.com\/fr\/demandez-a-notre-expert\/\" \/>\n<meta property=\"og:site_name\" content=\"Certeso\" \/>\n<meta property=\"article:modified_time\" content=\"2023-04-24T09:27:02+00:00\" \/>\n<meta name=\"twitter:card\" content=\"summary_large_image\" \/>\n<meta name=\"twitter:label1\" content=\"Dur\u00e9e de lecture est.\" \/>\n\t<meta name=\"twitter:data1\" content=\"1 minute\" \/>\n<script type=\"application\/ld+json\" class=\"yoast-schema-graph\">{\"@context\":\"https:\/\/schema.org\",\"@graph\":[{\"@type\":\"WebPage\",\"@id\":\"https:\/\/certeso.com\/fr\/demandez-a-notre-expert\/\",\"url\":\"https:\/\/certeso.com\/fr\/demandez-a-notre-expert\/\",\"name\":\"Demandez \u00e0 notre expert - Certeso\",\"isPartOf\":{\"@id\":\"https:\/\/certeso.com\/fr\/#website\"},\"datePublished\":\"2021-02-19T09:30:41+00:00\",\"dateModified\":\"2023-04-24T09:27:02+00:00\",\"breadcrumb\":{\"@id\":\"https:\/\/certeso.com\/fr\/demandez-a-notre-expert\/#breadcrumb\"},\"inLanguage\":\"fr-BE\",\"potentialAction\":[{\"@type\":\"ReadAction\",\"target\":[\"https:\/\/certeso.com\/fr\/demandez-a-notre-expert\/\"]}]},{\"@type\":\"BreadcrumbList\",\"@id\":\"https:\/\/certeso.com\/fr\/demandez-a-notre-expert\/#breadcrumb\",\"itemListElement\":[{\"@type\":\"ListItem\",\"position\":1,\"name\":\"Home\",\"item\":\"https:\/\/certeso.com\/fr\/\"},{\"@type\":\"ListItem\",\"position\":2,\"name\":\"Demandez \u00e0 notre expert\"}]},{\"@type\":\"WebSite\",\"@id\":\"https:\/\/certeso.com\/fr\/#website\",\"url\":\"https:\/\/certeso.com\/fr\/\",\"name\":\"Certeso\",\"description\":\"S\u00e9curit\u00e9 sans soucis\",\"potentialAction\":[{\"@type\":\"SearchAction\",\"target\":{\"@type\":\"EntryPoint\",\"urlTemplate\":\"https:\/\/certeso.com\/fr\/?s={search_term_string}\"},\"query-input\":\"required name=search_term_string\"}],\"inLanguage\":\"fr-BE\"}]}<\/script>\n<!-- \/ Yoast SEO plugin. -->","yoast_head_json":{"title":"Demandez \u00e0 notre expert - Certeso","robots":{"index":"index","follow":"follow","max-snippet":"max-snippet:-1","max-image-preview":"max-image-preview:large","max-video-preview":"max-video-preview:-1"},"canonical":"https:\/\/certeso.com\/fr\/demandez-a-notre-expert\/","og_locale":"fr_FR","og_type":"article","og_title":"Demandez \u00e0 notre expert - Certeso","og_description":"Posez votre question \u00e0 nos experts Nous voulons partager nos connaissances et notre exp\u00e9rience en mati\u00e8re de s\u00e9curit\u00e9 incendie avec tout le monde.C&#8217;est pourquoi vous pouvez d\u00e9sormais soumettre vos questions sur la pr\u00e9vention des incendies ici, \u00e0 toute heure du jour. Vous avez une question sur la s\u00e9curit\u00e9 incendie?\u00a0Soumettez-les maintenant, nous nous efforcerons de vous ... Lire la suite","og_url":"https:\/\/certeso.com\/fr\/demandez-a-notre-expert\/","og_site_name":"Certeso","article_modified_time":"2023-04-24T09:27:02+00:00","twitter_card":"summary_large_image","twitter_misc":{"Dur\u00e9e de lecture est.":"1 minute"},"schema":{"@context":"https:\/\/schema.org","@graph":[{"@type":"WebPage","@id":"https:\/\/certeso.com\/fr\/demandez-a-notre-expert\/","url":"https:\/\/certeso.com\/fr\/demandez-a-notre-expert\/","name":"Demandez \u00e0 notre expert - Certeso","isPartOf":{"@id":"https:\/\/certeso.com\/fr\/#website"},"datePublished":"2021-02-19T09:30:41+00:00","dateModified":"2023-04-24T09:27:02+00:00","breadcrumb":{"@id":"https:\/\/certeso.com\/fr\/demandez-a-notre-expert\/#breadcrumb"},"inLanguage":"fr-BE","potentialAction":[{"@type":"ReadAction","target":["https:\/\/certeso.com\/fr\/demandez-a-notre-expert\/"]}]},{"@type":"BreadcrumbList","@id":"https:\/\/certeso.com\/fr\/demandez-a-notre-expert\/#breadcrumb","itemListElement":[{"@type":"ListItem","position":1,"name":"Home","item":"https:\/\/certeso.com\/fr\/"},{"@type":"ListItem","position":2,"name":"Demandez \u00e0 notre expert"}]},{"@type":"WebSite","@id":"https:\/\/certeso.com\/fr\/#website","url":"https:\/\/certeso.com\/fr\/","name":"Certeso","description":"S\u00e9curit\u00e9 sans soucis","potentialAction":[{"@type":"SearchAction","target":{"@type":"EntryPoint","urlTemplate":"https:\/\/certeso.com\/fr\/?s={search_term_string}"},"query-input":"required name=search_term_string"}],"inLanguage":"fr-BE"}]}},"_links":{"self":[{"href":"https:\/\/certeso.com\/fr\/wp-json\/wp\/v2\/pages\/4548"}],"collection":[{"href":"https:\/\/certeso.com\/fr\/wp-json\/wp\/v2\/pages"}],"about":[{"href":"https:\/\/certeso.com\/fr\/wp-json\/wp\/v2\/types\/page"}],"author":[{"embeddable":true,"href":"https:\/\/certeso.com\/fr\/wp-json\/wp\/v2\/users\/2"}],"replies":[{"embeddable":true,"href":"https:\/\/certeso.com\/fr\/wp-json\/wp\/v2\/comments?post=4548"}],"version-history":[{"count":28,"href":"https:\/\/certeso.com\/fr\/wp-json\/wp\/v2\/pages\/4548\/revisions"}],"predecessor-version":[{"id":5122,"href":"https:\/\/certeso.com\/fr\/wp-json\/wp\/v2\/pages\/4548\/revisions\/5122"}],"wp:attachment":[{"href":"https:\/\/certeso.com\/fr\/wp-json\/wp\/v2\/media?parent=4548"}],"curies":[{"name":"wp","href":"https:\/\/api.w.org\/{rel}","templated":true}]}}