{"id":4603,"date":"2021-04-01T13:00:04","date_gmt":"2021-04-01T12:00:04","guid":{"rendered":"https:\/\/certeso.com\/fr\/?page_id=4603"},"modified":"2024-04-25T06:39:03","modified_gmt":"2024-04-25T05:39:03","slug":"a-propos-de-nous","status":"publish","type":"page","link":"https:\/\/certeso.com\/fr\/a-propos-de-nous\/","title":{"rendered":"\u00c0 propos de nous"},"content":{"rendered":"\t\t<div data-elementor-type=\"wp-page\" data-elementor-id=\"4603\" class=\"elementor elementor-4603\" data-elementor-post-type=\"page\">\n\t\t\t\t\t\t\t\t\t<section class=\"elementor-section elementor-top-section elementor-element elementor-element-60e5cdb2 elementor-section-boxed elementor-section-height-default elementor-section-height-default\" data-id=\"60e5cdb2\" data-element_type=\"section\" data-settings=\"{&quot;background_background&quot;:&quot;classic&quot;}\">\n\t\t\t\t\t\t<div class=\"elementor-container elementor-column-gap-default\">\n\t\t\t\t\t<div class=\"elementor-column elementor-col-100 elementor-top-column elementor-element elementor-element-44532202\" data-id=\"44532202\" data-element_type=\"column\">\n\t\t\t<div class=\"elementor-widget-wrap elementor-element-populated\">\n\t\t\t\t\t\t\t\t<div class=\"elementor-element elementor-element-652064ea elementor-widget elementor-widget-heading\" data-id=\"652064ea\" data-element_type=\"widget\" data-widget_type=\"heading.default\">\n\t\t\t\t<div class=\"elementor-widget-container\">\n\t\t\t<h2 class=\"elementor-heading-title elementor-size-default\">Bonjour, bienvenue chez Certeso!<\/h2>\t\t<\/div>\n\t\t\t\t<\/div>\n\t\t\t\t\t<\/div>\n\t\t<\/div>\n\t\t\t\t\t\t\t<\/div>\n\t\t<\/section>\n\t\t\t\t<section class=\"elementor-section elementor-top-section elementor-element elementor-element-3e6516a0 elementor-section-boxed elementor-section-height-default elementor-section-height-default\" data-id=\"3e6516a0\" data-element_type=\"section\">\n\t\t\t\t\t\t<div class=\"elementor-container elementor-column-gap-default\">\n\t\t\t\t\t<div class=\"elementor-column elementor-col-50 elementor-top-column elementor-element elementor-element-1ad40fd0\" data-id=\"1ad40fd0\" data-element_type=\"column\">\n\t\t\t<div class=\"elementor-widget-wrap elementor-element-populated\">\n\t\t\t\t\t\t\t\t<div class=\"elementor-element elementor-element-508f6a6 elementor-widget elementor-widget-text-editor\" data-id=\"508f6a6\" data-element_type=\"widget\" data-widget_type=\"text-editor.default\">\n\t\t\t\t<div class=\"elementor-widget-container\">\n\t\t\t\t\t\t\t<p>Les clients qui travaillent avec nous depuis longtemps nous connaissent sous notre ancien nom de soci\u00e9t\u00e9 &#8216;IOS International&#8217;. IOS International s&#8217;est principalement sp\u00e9cialis\u00e9e dans les logiciels pour la s\u00e9curit\u00e9 incendie. L&#8217;entreprise a \u00e9volu\u00e9, tout comme notre gamme de produits. Finalement, cette croissance est devenue si \u00e9norme que notre objectif s&#8217;est \u00e9largi au-del\u00e0 des seuls produits logiciels. En mars 2018, nous avons donc renomm\u00e9 notre nom d&#8217;IOS International en Certeso. Vous pouvez nous trouver dans nos nouveaux bureaux sur l&#8217;Industriepark \u00e0 Halen.<\/p>\t\t\t\t\t\t<\/div>\n\t\t\t\t<\/div>\n\t\t\t\t<div class=\"elementor-element elementor-element-32c6cd74 elementor-widget elementor-widget-heading\" data-id=\"32c6cd74\" data-element_type=\"widget\" data-widget_type=\"heading.default\">\n\t\t\t\t<div class=\"elementor-widget-container\">\n\t\t\t<h2 class=\"elementor-heading-title elementor-size-default\">La certitude pour tous<\/h2>\t\t<\/div>\n\t\t\t\t<\/div>\n\t\t\t\t<div class=\"elementor-element elementor-element-587165b2 elementor-widget elementor-widget-text-editor\" data-id=\"587165b2\" data-element_type=\"widget\" data-widget_type=\"text-editor.default\">\n\t\t\t\t<div class=\"elementor-widget-container\">\n\t\t\t\t\t\t\t<p>Il est important pour nous que chacun puisse assurer sa s\u00e9curit\u00e9 et celle des autres en toute s\u00e9r\u00e9nit\u00e9. Notre mission est donc d&#8217;aider chacun \u00e0 se conformer \u00e0 la l\u00e9gislation sur la s\u00e9curit\u00e9 incendie de la mani\u00e8re la plus efficace, quelles que soient ses connaissances. Nous disposons des experts en pr\u00e9vention des incendies qui peuvent r\u00e9pondre \u00e0 toutes vos questions. Nous avons \u00e9galement des ann\u00e9es de bonne coop\u00e9ration avec diff\u00e9rentes zones de secours. Nous savons donc exactement ce qui est important pour votre s\u00e9curit\u00e9 incendie. Notre \u00e9quipe de s\u00e9curit\u00e9 sort tous les jours pour placer vos panneaux et vos plans d&#8217;\u00e9vacuation aux bons endroits afin que votre b\u00e2timent soit compl\u00e8tement ignifug\u00e9.\u00a0<\/p>\t\t\t\t\t\t<\/div>\n\t\t\t\t<\/div>\n\t\t\t\t<div class=\"elementor-element elementor-element-ee1b6ea elementor-widget elementor-widget-heading\" data-id=\"ee1b6ea\" data-element_type=\"widget\" data-widget_type=\"heading.default\">\n\t\t\t\t<div class=\"elementor-widget-container\">\n\t\t\t<h2 class=\"elementor-heading-title elementor-size-default\">Besoin d'aide? Nous sommes l\u00e0 pour vous!<\/h2>\t\t<\/div>\n\t\t\t\t<\/div>\n\t\t\t\t<div class=\"elementor-element elementor-element-64393c97 elementor-align-center elementor-widget elementor-widget-button\" data-id=\"64393c97\" data-element_type=\"widget\" data-widget_type=\"button.default\">\n\t\t\t\t<div class=\"elementor-widget-container\">\n\t\t\t\t\t<div class=\"elementor-button-wrapper\">\n\t\t\t<a class=\"elementor-button elementor-button-link elementor-size-sm\" href=\"https:\/\/certeso.com\/fr\/contact\/\">\n\t\t\t\t\t\t<span class=\"elementor-button-content-wrapper\">\n\t\t\t\t\t\t<span class=\"elementor-button-text\">Fixer un rendez-vous<\/span>\n\t\t<\/span>\n\t\t\t\t\t<\/a>\n\t\t<\/div>\n\t\t\t\t<\/div>\n\t\t\t\t<\/div>\n\t\t\t\t\t<\/div>\n\t\t<\/div>\n\t\t\t\t<div class=\"elementor-column elementor-col-50 elementor-top-column elementor-element elementor-element-27c0a3b0\" data-id=\"27c0a3b0\" data-element_type=\"column\">\n\t\t\t<div class=\"elementor-widget-wrap elementor-element-populated\">\n\t\t\t\t\t\t\t\t<div class=\"elementor-element elementor-element-1c9f570a elementor-widget elementor-widget-facebook-page\" data-id=\"1c9f570a\" data-element_type=\"widget\" data-widget_type=\"facebook-page.default\">\n\t\t\t\t<div class=\"elementor-widget-container\">\n\t\t\t<div class=\"elementor-facebook-widget fb-page\" data-href=\"https:\/\/www.facebook.com\/certeso\/?ref=aymt_homepage_panel&amp;eid=ARBjX02Vf79WqFD4Z_WNHSRNSpGbmwMxGElO5BUVebxStpu1D1hjyMONTGi_qOVhllxmY3lgDtBPOEpT\" data-tabs=\"timeline\" data-height=\"420px\" data-width=\"500px\" data-small-header=\"false\" data-hide-cover=\"false\" data-show-facepile=\"true\" data-hide-cta=\"false\" style=\"min-height: 1px;height:420px\"><\/div>\t\t<\/div>\n\t\t\t\t<\/div>\n\t\t\t\t\t<\/div>\n\t\t<\/div>\n\t\t\t\t\t\t\t<\/div>\n\t\t<\/section>\n\t\t\t\t<section class=\"elementor-section elementor-top-section elementor-element elementor-element-49c5fc82 elementor-section-boxed elementor-section-height-default elementor-section-height-default\" data-id=\"49c5fc82\" data-element_type=\"section\">\n\t\t\t\t\t\t<div class=\"elementor-container elementor-column-gap-default\">\n\t\t\t\t\t<div class=\"elementor-column elementor-col-33 elementor-top-column elementor-element elementor-element-4ecd371f\" data-id=\"4ecd371f\" data-element_type=\"column\">\n\t\t\t<div class=\"elementor-widget-wrap elementor-element-populated\">\n\t\t\t\t\t\t\t\t<div class=\"elementor-element elementor-element-40d61ee elementor-widget elementor-widget-image\" data-id=\"40d61ee\" data-element_type=\"widget\" data-widget_type=\"image.default\">\n\t\t\t\t<div class=\"elementor-widget-container\">\n\t\t\t\t\t\t\t\t\t\t\t\t\t\t\t<img fetchpriority=\"high\" width=\"1024\" height=\"683\" src=\"https:\/\/certeso.com\/fr\/wp-content\/uploads\/sites\/3\/2021\/04\/DSC_0485-kleiner.jpg\" class=\"attachment-large size-large wp-image-4614\" alt=\"\" \/>\t\t\t\t\t\t\t\t\t\t\t\t\t\t\t<\/div>\n\t\t\t\t<\/div>\n\t\t\t\t\t<\/div>\n\t\t<\/div>\n\t\t\t\t<div class=\"elementor-column elementor-col-33 elementor-top-column elementor-element elementor-element-7e5a538c\" data-id=\"7e5a538c\" data-element_type=\"column\">\n\t\t\t<div class=\"elementor-widget-wrap elementor-element-populated\">\n\t\t\t\t\t\t\t\t<div class=\"elementor-element elementor-element-57181635 elementor-widget elementor-widget-image\" data-id=\"57181635\" data-element_type=\"widget\" data-widget_type=\"image.default\">\n\t\t\t\t<div class=\"elementor-widget-container\">\n\t\t\t\t\t\t\t\t\t\t\t\t\t\t\t<img width=\"1000\" height=\"667\" src=\"https:\/\/certeso.com\/fr\/wp-content\/uploads\/sites\/3\/2021\/04\/DSC_0023-kleiner.jpg\" class=\"attachment-large size-large wp-image-4607\" alt=\"\" \/>\t\t\t\t\t\t\t\t\t\t\t\t\t\t\t<\/div>\n\t\t\t\t<\/div>\n\t\t\t\t\t<\/div>\n\t\t<\/div>\n\t\t\t\t<div class=\"elementor-column elementor-col-33 elementor-top-column elementor-element elementor-element-306cfe88\" data-id=\"306cfe88\" data-element_type=\"column\">\n\t\t\t<div class=\"elementor-widget-wrap elementor-element-populated\">\n\t\t\t\t\t\t\t\t<div class=\"elementor-element elementor-element-e2c2fe8 elementor-widget elementor-widget-image\" data-id=\"e2c2fe8\" data-element_type=\"widget\" data-widget_type=\"image.default\">\n\t\t\t\t<div class=\"elementor-widget-container\">\n\t\t\t\t\t\t\t\t\t\t\t\t\t\t\t<img width=\"1000\" height=\"667\" src=\"https:\/\/certeso.com\/fr\/wp-content\/uploads\/sites\/3\/2021\/04\/DSC_0751-kleiner.jpg\" class=\"attachment-large size-large wp-image-4613\" alt=\"\" \/>\t\t\t\t\t\t\t\t\t\t\t\t\t\t\t<\/div>\n\t\t\t\t<\/div>\n\t\t\t\t\t<\/div>\n\t\t<\/div>\n\t\t\t\t\t\t\t<\/div>\n\t\t<\/section>\n\t\t\t\t<section class=\"elementor-section elementor-top-section elementor-element elementor-element-61996f81 elementor-section-boxed elementor-section-height-default elementor-section-height-default\" data-id=\"61996f81\" data-element_type=\"section\">\n\t\t\t\t\t\t<div class=\"elementor-container elementor-column-gap-default\">\n\t\t\t\t\t<div class=\"elementor-column elementor-col-50 elementor-top-column elementor-element elementor-element-77266aa3\" data-id=\"77266aa3\" data-element_type=\"column\">\n\t\t\t<div class=\"elementor-widget-wrap elementor-element-populated\">\n\t\t\t\t\t\t\t\t<div class=\"elementor-element elementor-element-1b93da29 elementor-widget elementor-widget-image\" data-id=\"1b93da29\" data-element_type=\"widget\" data-widget_type=\"image.default\">\n\t\t\t\t<div class=\"elementor-widget-container\">\n\t\t\t\t\t\t\t\t\t\t\t\t\t\t\t<img loading=\"lazy\" width=\"1024\" height=\"682\" src=\"https:\/\/certeso.com\/fr\/wp-content\/uploads\/sites\/3\/2021\/04\/DSC_0528-kleiner.jpg\" class=\"attachment-large size-large wp-image-4609\" alt=\"\" \/>\t\t\t\t\t\t\t\t\t\t\t\t\t\t\t<\/div>\n\t\t\t\t<\/div>\n\t\t\t\t\t<\/div>\n\t\t<\/div>\n\t\t\t\t<div class=\"elementor-column elementor-col-50 elementor-top-column elementor-element elementor-element-765d1e6d\" data-id=\"765d1e6d\" data-element_type=\"column\">\n\t\t\t<div class=\"elementor-widget-wrap elementor-element-populated\">\n\t\t\t\t\t\t\t\t<div class=\"elementor-element elementor-element-62d602d4 elementor-widget elementor-widget-image\" data-id=\"62d602d4\" data-element_type=\"widget\" data-widget_type=\"image.default\">\n\t\t\t\t<div class=\"elementor-widget-container\">\n\t\t\t\t\t\t\t\t\t\t\t\t\t\t\t<img loading=\"lazy\" width=\"1000\" height=\"667\" src=\"https:\/\/certeso.com\/fr\/wp-content\/uploads\/sites\/3\/2021\/04\/DSC_0120-kleiner.jpg\" class=\"attachment-large size-large wp-image-4610\" alt=\"\" \/>\t\t\t\t\t\t\t\t\t\t\t\t\t\t\t<\/div>\n\t\t\t\t<\/div>\n\t\t\t\t<div class=\"elementor-element elementor-element-5e3f30a0 elementor-widget elementor-widget-image\" data-id=\"5e3f30a0\" data-element_type=\"widget\" data-widget_type=\"image.default\">\n\t\t\t\t<div class=\"elementor-widget-container\">\n\t\t\t\t\t\t\t\t\t\t\t\t\t\t\t<img loading=\"lazy\" width=\"1000\" height=\"667\" src=\"https:\/\/certeso.com\/fr\/wp-content\/uploads\/sites\/3\/2018\/10\/DSC_0225-kleiner.jpg\" class=\"attachment-large size-large wp-image-3247\" alt=\"\" srcset=\"https:\/\/certeso.com\/fr\/wp-content\/uploads\/sites\/3\/2018\/10\/DSC_0225-kleiner.jpg 1000w, https:\/\/certeso.com\/fr\/wp-content\/uploads\/sites\/3\/2018\/10\/DSC_0225-kleiner-300x200.jpg 300w, https:\/\/certeso.com\/fr\/wp-content\/uploads\/sites\/3\/2018\/10\/DSC_0225-kleiner-768x512.jpg 768w\" sizes=\"(max-width: 1000px) 100vw, 1000px\" \/>\t\t\t\t\t\t\t\t\t\t\t\t\t\t\t<\/div>\n\t\t\t\t<\/div>\n\t\t\t\t\t<\/div>\n\t\t<\/div>\n\t\t\t\t\t\t\t<\/div>\n\t\t<\/section>\n\t\t\t\t\t\t\t<\/div>\n\t\t","protected":false},"excerpt":{"rendered":"<p>Bonjour, bienvenue chez Certeso! Les clients qui travaillent avec nous depuis longtemps nous connaissent sous notre ancien nom de soci\u00e9t\u00e9 &#8216;IOS International&#8217;. IOS International s&#8217;est principalement sp\u00e9cialis\u00e9e dans les logiciels pour la s\u00e9curit\u00e9 incendie. L&#8217;entreprise a \u00e9volu\u00e9, tout comme notre gamme de produits. Finalement, cette croissance est devenue si \u00e9norme que notre objectif s&#8217;est \u00e9largi &#8230; <a title=\"\u00c0 propos de nous\" class=\"read-more\" href=\"https:\/\/certeso.com\/fr\/a-propos-de-nous\/\" aria-label=\"More on \u00c0 propos de nous\">Lire la suite<\/a><\/p>\n","protected":false},"author":2,"featured_media":0,"parent":0,"menu_order":0,"comment_status":"closed","ping_status":"closed","template":"elementor_header_footer","meta":[],"yoast_head":"<!-- This site is optimized with the Yoast SEO plugin v20.6 - https:\/\/yoast.com\/wordpress\/plugins\/seo\/ -->\n<title>\u00c0 propos de nous - Certeso<\/title>\n<meta name=\"robots\" content=\"index, follow, max-snippet:-1, max-image-preview:large, max-video-preview:-1\" \/>\n<link rel=\"canonical\" href=\"https:\/\/certeso.com\/fr\/a-propos-de-nous\/\" \/>\n<meta property=\"og:locale\" content=\"fr_FR\" \/>\n<meta property=\"og:type\" content=\"article\" \/>\n<meta property=\"og:title\" content=\"\u00c0 propos de nous - Certeso\" \/>\n<meta property=\"og:description\" content=\"Bonjour, bienvenue chez Certeso! Les clients qui travaillent avec nous depuis longtemps nous connaissent sous notre ancien nom de soci\u00e9t\u00e9 &#8216;IOS International&#8217;. IOS International s&#8217;est principalement sp\u00e9cialis\u00e9e dans les logiciels pour la s\u00e9curit\u00e9 incendie. L&#8217;entreprise a \u00e9volu\u00e9, tout comme notre gamme de produits. Finalement, cette croissance est devenue si \u00e9norme que notre objectif s&#8217;est \u00e9largi ... Lire la suite\" \/>\n<meta property=\"og:url\" content=\"https:\/\/certeso.com\/fr\/a-propos-de-nous\/\" \/>\n<meta property=\"og:site_name\" content=\"Certeso\" \/>\n<meta property=\"article:modified_time\" content=\"2024-04-25T05:39:03+00:00\" \/>\n<meta property=\"og:image\" content=\"https:\/\/certeso.com\/fr\/wp-content\/uploads\/sites\/3\/2021\/04\/DSC_0485-kleiner.jpg\" \/>\n<meta name=\"twitter:card\" content=\"summary_large_image\" \/>\n<meta name=\"twitter:label1\" content=\"Dur\u00e9e de lecture est.\" \/>\n\t<meta name=\"twitter:data1\" content=\"3 minutes\" \/>\n<script type=\"application\/ld+json\" class=\"yoast-schema-graph\">{\"@context\":\"https:\/\/schema.org\",\"@graph\":[{\"@type\":\"WebPage\",\"@id\":\"https:\/\/certeso.com\/fr\/a-propos-de-nous\/\",\"url\":\"https:\/\/certeso.com\/fr\/a-propos-de-nous\/\",\"name\":\"\u00c0 propos de nous - Certeso\",\"isPartOf\":{\"@id\":\"https:\/\/certeso.com\/fr\/#website\"},\"datePublished\":\"2021-04-01T12:00:04+00:00\",\"dateModified\":\"2024-04-25T05:39:03+00:00\",\"breadcrumb\":{\"@id\":\"https:\/\/certeso.com\/fr\/a-propos-de-nous\/#breadcrumb\"},\"inLanguage\":\"fr-BE\",\"potentialAction\":[{\"@type\":\"ReadAction\",\"target\":[\"https:\/\/certeso.com\/fr\/a-propos-de-nous\/\"]}]},{\"@type\":\"BreadcrumbList\",\"@id\":\"https:\/\/certeso.com\/fr\/a-propos-de-nous\/#breadcrumb\",\"itemListElement\":[{\"@type\":\"ListItem\",\"position\":1,\"name\":\"Home\",\"item\":\"https:\/\/certeso.com\/fr\/\"},{\"@type\":\"ListItem\",\"position\":2,\"name\":\"\u00c0 propos de nous\"}]},{\"@type\":\"WebSite\",\"@id\":\"https:\/\/certeso.com\/fr\/#website\",\"url\":\"https:\/\/certeso.com\/fr\/\",\"name\":\"Certeso\",\"description\":\"S\u00e9curit\u00e9 sans soucis\",\"potentialAction\":[{\"@type\":\"SearchAction\",\"target\":{\"@type\":\"EntryPoint\",\"urlTemplate\":\"https:\/\/certeso.com\/fr\/?s={search_term_string}\"},\"query-input\":\"required name=search_term_string\"}],\"inLanguage\":\"fr-BE\"}]}<\/script>\n<!-- \/ Yoast SEO plugin. -->","yoast_head_json":{"title":"\u00c0 propos de nous - Certeso","robots":{"index":"index","follow":"follow","max-snippet":"max-snippet:-1","max-image-preview":"max-image-preview:large","max-video-preview":"max-video-preview:-1"},"canonical":"https:\/\/certeso.com\/fr\/a-propos-de-nous\/","og_locale":"fr_FR","og_type":"article","og_title":"\u00c0 propos de nous - Certeso","og_description":"Bonjour, bienvenue chez Certeso! Les clients qui travaillent avec nous depuis longtemps nous connaissent sous notre ancien nom de soci\u00e9t\u00e9 &#8216;IOS International&#8217;. IOS International s&#8217;est principalement sp\u00e9cialis\u00e9e dans les logiciels pour la s\u00e9curit\u00e9 incendie. L&#8217;entreprise a \u00e9volu\u00e9, tout comme notre gamme de produits. Finalement, cette croissance est devenue si \u00e9norme que notre objectif s&#8217;est \u00e9largi ... Lire la suite","og_url":"https:\/\/certeso.com\/fr\/a-propos-de-nous\/","og_site_name":"Certeso","article_modified_time":"2024-04-25T05:39:03+00:00","og_image":[{"url":"https:\/\/certeso.com\/fr\/wp-content\/uploads\/sites\/3\/2021\/04\/DSC_0485-kleiner.jpg"}],"twitter_card":"summary_large_image","twitter_misc":{"Dur\u00e9e de lecture est.":"3 minutes"},"schema":{"@context":"https:\/\/schema.org","@graph":[{"@type":"WebPage","@id":"https:\/\/certeso.com\/fr\/a-propos-de-nous\/","url":"https:\/\/certeso.com\/fr\/a-propos-de-nous\/","name":"\u00c0 propos de nous - Certeso","isPartOf":{"@id":"https:\/\/certeso.com\/fr\/#website"},"datePublished":"2021-04-01T12:00:04+00:00","dateModified":"2024-04-25T05:39:03+00:00","breadcrumb":{"@id":"https:\/\/certeso.com\/fr\/a-propos-de-nous\/#breadcrumb"},"inLanguage":"fr-BE","potentialAction":[{"@type":"ReadAction","target":["https:\/\/certeso.com\/fr\/a-propos-de-nous\/"]}]},{"@type":"BreadcrumbList","@id":"https:\/\/certeso.com\/fr\/a-propos-de-nous\/#breadcrumb","itemListElement":[{"@type":"ListItem","position":1,"name":"Home","item":"https:\/\/certeso.com\/fr\/"},{"@type":"ListItem","position":2,"name":"\u00c0 propos de nous"}]},{"@type":"WebSite","@id":"https:\/\/certeso.com\/fr\/#website","url":"https:\/\/certeso.com\/fr\/","name":"Certeso","description":"S\u00e9curit\u00e9 sans soucis","potentialAction":[{"@type":"SearchAction","target":{"@type":"EntryPoint","urlTemplate":"https:\/\/certeso.com\/fr\/?s={search_term_string}"},"query-input":"required name=search_term_string"}],"inLanguage":"fr-BE"}]}},"_links":{"self":[{"href":"https:\/\/certeso.com\/fr\/wp-json\/wp\/v2\/pages\/4603"}],"collection":[{"href":"https:\/\/certeso.com\/fr\/wp-json\/wp\/v2\/pages"}],"about":[{"href":"https:\/\/certeso.com\/fr\/wp-json\/wp\/v2\/types\/page"}],"author":[{"embeddable":true,"href":"https:\/\/certeso.com\/fr\/wp-json\/wp\/v2\/users\/2"}],"replies":[{"embeddable":true,"href":"https:\/\/certeso.com\/fr\/wp-json\/wp\/v2\/comments?post=4603"}],"version-history":[{"count":10,"href":"https:\/\/certeso.com\/fr\/wp-json\/wp\/v2\/pages\/4603\/revisions"}],"predecessor-version":[{"id":5256,"href":"https:\/\/certeso.com\/fr\/wp-json\/wp\/v2\/pages\/4603\/revisions\/5256"}],"wp:attachment":[{"href":"https:\/\/certeso.com\/fr\/wp-json\/wp\/v2\/media?parent=4603"}],"curies":[{"name":"wp","href":"https:\/\/api.w.org\/{rel}","templated":true}]}}