{"id":4739,"date":"2021-06-15T07:09:52","date_gmt":"2021-06-15T06:09:52","guid":{"rendered":"https:\/\/certeso.com\/fr\/?page_id=4739"},"modified":"2021-06-15T08:36:48","modified_gmt":"2021-06-15T07:36:48","slug":"wayfinding","status":"publish","type":"page","link":"https:\/\/certeso.com\/fr\/wayfinding\/","title":{"rendered":"Wayfinding"},"content":{"rendered":"\t\t<div data-elementor-type=\"wp-page\" data-elementor-id=\"4739\" class=\"elementor elementor-4739\" data-elementor-post-type=\"page\">\n\t\t\t\t\t\t\t\t\t<section class=\"elementor-section elementor-top-section elementor-element elementor-element-4dcc9611 elementor-section-boxed elementor-section-height-default elementor-section-height-default\" data-id=\"4dcc9611\" data-element_type=\"section\" data-settings=\"{&quot;background_background&quot;:&quot;classic&quot;}\">\n\t\t\t\t\t\t<div class=\"elementor-container elementor-column-gap-default\">\n\t\t\t\t\t<div class=\"elementor-column elementor-col-100 elementor-top-column elementor-element elementor-element-408752b3\" data-id=\"408752b3\" data-element_type=\"column\">\n\t\t\t<div class=\"elementor-widget-wrap elementor-element-populated\">\n\t\t\t\t\t\t\t\t<div class=\"elementor-element elementor-element-b1f1dbe elementor-widget elementor-widget-heading\" data-id=\"b1f1dbe\" data-element_type=\"widget\" data-widget_type=\"heading.default\">\n\t\t\t\t<div class=\"elementor-widget-container\">\n\t\t\t<h2 class=\"elementor-heading-title elementor-size-default\">Wayfinding sur mesure<\/h2>\t\t<\/div>\n\t\t\t\t<\/div>\n\t\t\t\t\t<\/div>\n\t\t<\/div>\n\t\t\t\t\t\t\t<\/div>\n\t\t<\/section>\n\t\t\t\t<section class=\"elementor-section elementor-top-section elementor-element elementor-element-2794f02d elementor-section-boxed elementor-section-height-default elementor-section-height-default\" data-id=\"2794f02d\" data-element_type=\"section\">\n\t\t\t\t\t\t<div class=\"elementor-container elementor-column-gap-default\">\n\t\t\t\t\t<div class=\"elementor-column elementor-col-50 elementor-top-column elementor-element elementor-element-a30ab3d\" data-id=\"a30ab3d\" data-element_type=\"column\">\n\t\t\t<div class=\"elementor-widget-wrap elementor-element-populated\">\n\t\t\t\t\t\t\t\t<div class=\"elementor-element elementor-element-33b09cb8 elementor-widget elementor-widget-text-editor\" data-id=\"33b09cb8\" data-element_type=\"widget\" data-widget_type=\"text-editor.default\">\n\t\t\t\t<div class=\"elementor-widget-container\">\n\t\t\t\t\t\t\t<p style=\"text-align: center;\">Outre notre <a href=\"https:\/\/certeso.com\/fr\/signalisation\/\">signalisation de s\u00e9curit\u00e9<\/a>, nous sommes \u00e9galement sp\u00e9cialis\u00e9s dans wayfinding.\u00a0<br \/>Une orientation claire est indispensable dans les b\u00e2timents publics ou les grandes surfaces.<\/p>\t\t\t\t\t\t<\/div>\n\t\t\t\t<\/div>\n\t\t\t\t<div class=\"elementor-element elementor-element-3e262ddd elementor-widget elementor-widget-heading\" data-id=\"3e262ddd\" data-element_type=\"widget\" data-widget_type=\"heading.default\">\n\t\t\t\t<div class=\"elementor-widget-container\">\n\t\t\t<h2 class=\"elementor-heading-title elementor-size-default\">Qu'est-ce que le wayfinding?<\/h2>\t\t<\/div>\n\t\t\t\t<\/div>\n\t\t\t\t<div class=\"elementor-element elementor-element-75cd2ac1 elementor-widget elementor-widget-text-editor\" data-id=\"75cd2ac1\" data-element_type=\"widget\" data-widget_type=\"text-editor.default\">\n\t\t\t\t<div class=\"elementor-widget-container\">\n\t\t\t\t\t\t\t<p>La traduction litt\u00e9rale de <a href=\"https:\/\/fr.wikipedia.org\/wiki\/Sens_de_l%27orientation\" target=\"_blank\" rel=\"noopener\">wayfinding<\/a> est &#8220;trouver son chemin&#8221;. Gr\u00e2ce \u00e0 ces panneaux qui indiquent les espaces, les visiteurs peuvent facilement trouver leur chemin. Si vous ne placez pas de panneaux d&#8217;orientation, <span style=\"font-weight: 400;\">le risque que les gens se perdent ou perdent beaucoup de temps \u00e0 chercher des espaces sera plus \u00e9lev\u00e9<\/span>. La signalisation est particuli\u00e8rement importante dans les structures complexes, dans les grands b\u00e2timents ou dans les grandes zones.<\/p>\t\t\t\t\t\t<\/div>\n\t\t\t\t<\/div>\n\t\t\t\t<div class=\"elementor-element elementor-element-1187a254 elementor-widget elementor-widget-image\" data-id=\"1187a254\" data-element_type=\"widget\" data-widget_type=\"image.default\">\n\t\t\t\t<div class=\"elementor-widget-container\">\n\t\t\t\t\t\t\t\t\t\t\t\t<figure class=\"wp-caption\">\n\t\t\t\t\t\t\t\t\t\t<img fetchpriority=\"high\" width=\"1000\" height=\"667\" src=\"https:\/\/certeso.com\/fr\/wp-content\/uploads\/sites\/3\/2021\/01\/DSC_0033-bewerkt.jpg\" class=\"attachment-large size-large wp-image-4487\" alt=\"Wayfinding\" \/>\t\t\t\t\t\t\t\t\t\t\t<figcaption class=\"widget-image-caption wp-caption-text\">Wayfinding et signalisation de s\u00e9curit\u00e9 pour les kiosques de la Gare Maritime (site de Tour &amp; Taxis)<\/figcaption>\n\t\t\t\t\t\t\t\t\t\t<\/figure>\n\t\t\t\t\t\t\t\t\t<\/div>\n\t\t\t\t<\/div>\n\t\t\t\t<div class=\"elementor-element elementor-element-496821cd elementor-widget elementor-widget-heading\" data-id=\"496821cd\" data-element_type=\"widget\" data-widget_type=\"heading.default\">\n\t\t\t\t<div class=\"elementor-widget-container\">\n\t\t\t<h2 class=\"elementor-heading-title elementor-size-default\">L'importance du wayfinding<\/h2>\t\t<\/div>\n\t\t\t\t<\/div>\n\t\t\t\t<div class=\"elementor-element elementor-element-68e50f6e elementor-widget elementor-widget-text-editor\" data-id=\"68e50f6e\" data-element_type=\"widget\" data-widget_type=\"text-editor.default\">\n\t\t\t\t<div class=\"elementor-widget-container\">\n\t\t\t\t\t\t\t<p>Tout le monde en a fait l&#8217;exp\u00e9rience \u00e0 un moment ou \u00e0 un autre. Ne pas trouver imm\u00e9diatement une salle ou un b\u00e2timent lorsque vous avez un rendez-vous peut vous causer beaucoup de stress. Si vous en avez fait l&#8217;exp\u00e9rience, vous pouvez \u00eatre s\u00fbr que ce n&#8217;est pas tr\u00e8s agr\u00e9able.<\/p><p>Le temps est \u00e9galement un bien pr\u00e9cieux de nos jours. Se perdre et essayer de trouver son chemin prend beaucoup de votre temps pr\u00e9cieux. Ainsi, le visiteur perd non seulement son temps mais aussi l&#8217;exp\u00e9rience agr\u00e9able de sa visite dans votre b\u00e2timent ou site. Une mauvaise signalisation peut donc \u00e9galement avoir un effet n\u00e9gatif sur l&#8217;exp\u00e9rience et le sentiment d&#8217;hospitalit\u00e9.<\/p><p>Vous souhaitez donc accueillir les gens de mani\u00e8re agr\u00e9able et relaxante ? Alors une bonne signalisation n&#8217;est absolument pas un luxe. Il y a suffisamment de raisons pour que la signalisation soit suffisante.\u00a0<\/p>\t\t\t\t\t\t<\/div>\n\t\t\t\t<\/div>\n\t\t\t\t<div class=\"elementor-element elementor-element-7376ec27 elementor-widget elementor-widget-heading\" data-id=\"7376ec27\" data-element_type=\"widget\" data-widget_type=\"heading.default\">\n\t\t\t\t<div class=\"elementor-widget-container\">\n\t\t\t<h2 class=\"elementor-heading-title elementor-size-default\">Production en interne de wayfinding<\/h2>\t\t<\/div>\n\t\t\t\t<\/div>\n\t\t\t\t<div class=\"elementor-element elementor-element-1614d4a6 elementor-widget elementor-widget-image\" data-id=\"1614d4a6\" data-element_type=\"widget\" data-widget_type=\"image.default\">\n\t\t\t\t<div class=\"elementor-widget-container\">\n\t\t\t\t\t\t\t\t\t\t\t\t<figure class=\"wp-caption\">\n\t\t\t\t\t\t\t\t\t\t<img width=\"1000\" height=\"667\" src=\"https:\/\/certeso.com\/fr\/wp-content\/uploads\/sites\/3\/2021\/06\/DSC_0016-1-kleiner.jpg\" class=\"attachment-large size-large wp-image-4743\" alt=\"Wayfinding\" \/>\t\t\t\t\t\t\t\t\t\t\t<figcaption class=\"widget-image-caption wp-caption-text\">Certeso a sa propre production de panneaux de s\u00e9curit\u00e9 et de signalisation.<\/figcaption>\n\t\t\t\t\t\t\t\t\t\t<\/figure>\n\t\t\t\t\t\t\t\t\t<\/div>\n\t\t\t\t<\/div>\n\t\t\t\t<div class=\"elementor-element elementor-element-770520d8 elementor-widget elementor-widget-text-editor\" data-id=\"770520d8\" data-element_type=\"widget\" data-widget_type=\"text-editor.default\">\n\t\t\t\t<div class=\"elementor-widget-container\">\n\t\t\t\t\t\t\t<p>Chez Certeso, nous disposons de notre propre imprimante pour imprimer de la signalisation \u00e0 grande \u00e9chelle. Cela nous permet de ne livrer que la meilleure qualit\u00e9. Parce que nous nous occupons de notre propre production, nous pouvons prendre en charge votre projet du d\u00e9but \u00e0 la fin.&nbsp;<\/p>\t\t\t\t\t\t<\/div>\n\t\t\t\t<\/div>\n\t\t\t\t<div class=\"elementor-element elementor-element-72fb7094 elementor-widget elementor-widget-heading\" data-id=\"72fb7094\" data-element_type=\"widget\" data-widget_type=\"heading.default\">\n\t\t\t\t<div class=\"elementor-widget-container\">\n\t\t\t<h2 class=\"elementor-heading-title elementor-size-default\">Un design dans votre identit\u00e9 d'entreprise<\/h2>\t\t<\/div>\n\t\t\t\t<\/div>\n\t\t\t\t<div class=\"elementor-element elementor-element-180409a1 elementor-widget elementor-widget-text-editor\" data-id=\"180409a1\" data-element_type=\"widget\" data-widget_type=\"text-editor.default\">\n\t\t\t\t<div class=\"elementor-widget-container\">\n\t\t\t\t\t\t\t<p>Vous cherchez une signal\u00e9tique dans un style qui convient \u00e0 votre organisation ou \u00e0 votre entreprise? C&#8217;est possible! Gr\u00e2ce \u00e0 notre propre graphiste, nous pouvons concevoir un wayfinding qui correspond parfaitement \u00e0 votre identit\u00e9 d&#8217;entreprise. Notre signalisation est enti\u00e8rement faite sur mesure et peut \u00eatre personnalis\u00e9e.\u00a0<\/p>\t\t\t\t\t\t<\/div>\n\t\t\t\t<\/div>\n\t\t\t\t<div class=\"elementor-element elementor-element-21dff13 elementor-widget elementor-widget-heading\" data-id=\"21dff13\" data-element_type=\"widget\" data-widget_type=\"heading.default\">\n\t\t\t\t<div class=\"elementor-widget-container\">\n\t\t\t<h2 class=\"elementor-heading-title elementor-size-default\">Installation professionnel<\/h2>\t\t<\/div>\n\t\t\t\t<\/div>\n\t\t\t\t<div class=\"elementor-element elementor-element-45624756 elementor-widget elementor-widget-image\" data-id=\"45624756\" data-element_type=\"widget\" data-widget_type=\"image.default\">\n\t\t\t\t<div class=\"elementor-widget-container\">\n\t\t\t\t\t\t\t\t\t\t\t\t<figure class=\"wp-caption\">\n\t\t\t\t\t\t\t\t\t\t<img width=\"1024\" height=\"683\" src=\"https:\/\/certeso.com\/fr\/wp-content\/uploads\/sites\/3\/2018\/09\/DSC_0260-kleiner-1024x683.jpg\" class=\"attachment-large size-large wp-image-3201\" alt=\"Wayfinding\" srcset=\"https:\/\/certeso.com\/fr\/wp-content\/uploads\/sites\/3\/2018\/09\/DSC_0260-kleiner.jpg 1024w, https:\/\/certeso.com\/fr\/wp-content\/uploads\/sites\/3\/2018\/09\/DSC_0260-kleiner-300x200.jpg 300w, https:\/\/certeso.com\/fr\/wp-content\/uploads\/sites\/3\/2018\/09\/DSC_0260-kleiner-768x512.jpg 768w\" sizes=\"(max-width: 1024px) 100vw, 1024px\" \/>\t\t\t\t\t\t\t\t\t\t\t<figcaption class=\"widget-image-caption wp-caption-text\">Installation d'un syst\u00e8me d'orientation dans la salle de sport de la commune de Beveren<\/figcaption>\n\t\t\t\t\t\t\t\t\t\t<\/figure>\n\t\t\t\t\t\t\t\t\t<\/div>\n\t\t\t\t<\/div>\n\t\t\t\t<div class=\"elementor-element elementor-element-2cd3f14e elementor-widget elementor-widget-text-editor\" data-id=\"2cd3f14e\" data-element_type=\"widget\" data-widget_type=\"text-editor.default\">\n\t\t\t\t<div class=\"elementor-widget-container\">\n\t\t\t\t\t\t\t<p>Nos experts installent des panneaux de s\u00e9curit\u00e9 depuis des ann\u00e9es. Gr\u00e2ce \u00e0 leur exp\u00e9rience et \u00e0 leurs connaissances, ils savent exactement comment votre signal\u00e9tique devra \u00eatre plac\u00e9e afin d&#8217;\u00eatre bien visible pour vos visiteurs.<\/p>\t\t\t\t\t\t<\/div>\n\t\t\t\t<\/div>\n\t\t\t\t<div class=\"elementor-element elementor-element-5ec29df6 elementor-widget elementor-widget-image\" data-id=\"5ec29df6\" data-element_type=\"widget\" data-widget_type=\"image.default\">\n\t\t\t\t<div class=\"elementor-widget-container\">\n\t\t\t\t\t\t\t\t\t\t\t\t\t\t\t<img loading=\"lazy\" width=\"1000\" height=\"667\" src=\"https:\/\/certeso.com\/fr\/wp-content\/uploads\/sites\/3\/2021\/06\/IMG_3423-bewerkt-kleiner.jpg\" class=\"attachment-large size-large wp-image-4744\" alt=\"Wayfinding\" \/>\t\t\t\t\t\t\t\t\t\t\t\t\t\t\t<\/div>\n\t\t\t\t<\/div>\n\t\t\t\t\t<\/div>\n\t\t<\/div>\n\t\t\t\t<div class=\"elementor-column elementor-col-50 elementor-top-column elementor-element elementor-element-7e6f8ff7\" data-id=\"7e6f8ff7\" data-element_type=\"column\">\n\t\t\t<div class=\"elementor-widget-wrap elementor-element-populated\">\n\t\t\t\t\t\t\t\t<div class=\"elementor-element elementor-element-1433b52 elementor-widget elementor-widget-price-table\" data-id=\"1433b52\" data-element_type=\"widget\" data-settings=\"{&quot;sticky&quot;:&quot;top&quot;,&quot;sticky_offset&quot;:30,&quot;sticky_parent&quot;:&quot;yes&quot;,&quot;sticky_on&quot;:[&quot;desktop&quot;,&quot;tablet&quot;,&quot;mobile&quot;],&quot;sticky_effects_offset&quot;:0}\" data-widget_type=\"price-table.default\">\n\t\t\t\t<div class=\"elementor-widget-container\">\n\t\t\t\n\t\t<div class=\"elementor-price-table\">\n\t\t\t\t\t\t\t<div class=\"elementor-price-table__header\">\n\t\t\t\t\t\t\t\t\t\t\t<h3 class=\"elementor-price-table__heading\">\n\t\t\t\t\t\tDemander votre offre\t\t\t\t\t\t<\/h3>\n\t\t\t\t\t\n\t\t\t\t\t\t\t\t\t<\/div>\n\t\t\t\n\t\t\t<div class=\"elementor-price-table__price\">\n\t\t\t\t\t\t\t\t\t\t\t\t\t\t\t\t\t<span class=\"elementor-price-table__integer-part\">\n\t\t\t\t\t\tWayfinding sur mesure\t\t\t\t\t<\/span>\n\t\t\t\t\n\t\t\t\t\n\t\t\t\t\n\t\t\t\t\t\t\t<\/div>\n\n\t\t\t\t\t\t\t<ul class=\"elementor-price-table__features-list\">\n\t\t\t\t\t\t\t\t\t\t\t<li class=\"elementor-repeater-item-71ace65\">\n\t\t\t\t\t\t\t<div class=\"elementor-price-table__feature-inner\">\n\t\t\t\t\t\t\t\t<i aria-hidden=\"true\" class=\"fas fa-check-circle\"><\/i>\t\t\t\t\t\t\t\t\t\t\t\t\t\t\t\t\t<span >\n\t\t\t\t\t\t\t\t\t\tSelon l'identit\u00e9 de l'entreprise\t\t\t\t\t\t\t\t\t<\/span>\n\t\t\t\t\t\t\t\t\t\t\t\t\t\t\t\t<\/div>\n\t\t\t\t\t\t<\/li>\n\t\t\t\t\t\t\t\t\t\t\t<li class=\"elementor-repeater-item-da4271a\">\n\t\t\t\t\t\t\t<div class=\"elementor-price-table__feature-inner\">\n\t\t\t\t\t\t\t\t<i aria-hidden=\"true\" class=\"fas fa-check-circle\"><\/i>\t\t\t\t\t\t\t\t\t\t\t\t\t\t\t\t\t<span >\n\t\t\t\t\t\t\t\t\t\tPropres production et impression\t\t\t\t\t\t\t\t\t<\/span>\n\t\t\t\t\t\t\t\t\t\t\t\t\t\t\t\t<\/div>\n\t\t\t\t\t\t<\/li>\n\t\t\t\t\t\t\t\t\t\t\t<li class=\"elementor-repeater-item-a0a98d9\">\n\t\t\t\t\t\t\t<div class=\"elementor-price-table__feature-inner\">\n\t\t\t\t\t\t\t\t<i aria-hidden=\"true\" class=\"fas fa-check-circle\"><\/i>\t\t\t\t\t\t\t\t\t\t\t\t\t\t\t\t\t<span >\n\t\t\t\t\t\t\t\t\t\tService de placement qualitatif\t\t\t\t\t\t\t\t\t<\/span>\n\t\t\t\t\t\t\t\t\t\t\t\t\t\t\t\t<\/div>\n\t\t\t\t\t\t<\/li>\n\t\t\t\t\t\t\t\t\t<\/ul>\n\t\t\t\n\t\t\t\t\t\t\t<div class=\"elementor-price-table__footer\">\n\t\t\t\t\t\t\t\t\t\t\t<a class=\"elementor-price-table__button elementor-button elementor-size-xs\" href=\"https:\/\/certeso.com\/fr\/appel-doffres\/\">\n\t\t\t\t\t\t\tCommencer votre demande\t\t\t\t\t\t<\/a>\n\t\t\t\t\t\n\t\t\t\t\t\t\t\t\t<\/div>\n\t\t\t\t\t<\/div>\n\n\t\t\t\t<\/div>\n\t\t\t\t<\/div>\n\t\t\t\t\t<\/div>\n\t\t<\/div>\n\t\t\t\t\t\t\t<\/div>\n\t\t<\/section>\n\t\t\t\t\t\t\t<\/div>\n\t\t","protected":false},"excerpt":{"rendered":"<p>Wayfinding sur mesure Outre notre signalisation de s\u00e9curit\u00e9, nous sommes \u00e9galement sp\u00e9cialis\u00e9s dans wayfinding.\u00a0Une orientation claire est indispensable dans les b\u00e2timents publics ou les grandes surfaces. Qu&#8217;est-ce que le wayfinding? La traduction litt\u00e9rale de wayfinding est &#8220;trouver son chemin&#8221;. Gr\u00e2ce \u00e0 ces panneaux qui indiquent les espaces, les visiteurs peuvent facilement trouver leur chemin. Si &#8230; <a title=\"Wayfinding\" class=\"read-more\" href=\"https:\/\/certeso.com\/fr\/wayfinding\/\" aria-label=\"More on Wayfinding\">Lire la suite<\/a><\/p>\n","protected":false},"author":2,"featured_media":0,"parent":0,"menu_order":0,"comment_status":"closed","ping_status":"closed","template":"elementor_header_footer","meta":[],"yoast_head":"<!-- This site is optimized with the Yoast SEO plugin v20.6 - https:\/\/yoast.com\/wordpress\/plugins\/seo\/ -->\n<title>Wayfinding - Certeso<\/title>\n<meta name=\"description\" content=\"Vous recherchez des wayfinding claire et adapt\u00e9e \u00e0 l&#039;identit\u00e9 de votre entreprise? Nous pouvons cr\u00e9er sur mesure l&#039;identit\u00e9 de votre entreprise.\" \/>\n<meta name=\"robots\" content=\"index, follow, max-snippet:-1, max-image-preview:large, max-video-preview:-1\" \/>\n<link rel=\"canonical\" href=\"https:\/\/certeso.com\/fr\/wayfinding\/\" \/>\n<meta property=\"og:locale\" content=\"fr_FR\" \/>\n<meta property=\"og:type\" content=\"article\" \/>\n<meta property=\"og:title\" content=\"Wayfinding - Certeso\" \/>\n<meta property=\"og:description\" content=\"Vous recherchez des wayfinding claire et adapt\u00e9e \u00e0 l&#039;identit\u00e9 de votre entreprise? Nous pouvons cr\u00e9er sur mesure l&#039;identit\u00e9 de votre entreprise.\" \/>\n<meta property=\"og:url\" content=\"https:\/\/certeso.com\/fr\/wayfinding\/\" \/>\n<meta property=\"og:site_name\" content=\"Certeso\" \/>\n<meta property=\"article:modified_time\" content=\"2021-06-15T07:36:48+00:00\" \/>\n<meta property=\"og:image\" content=\"https:\/\/certeso.com\/fr\/wp-content\/uploads\/sites\/3\/2021\/01\/DSC_0033-bewerkt.jpg\" \/>\n<meta name=\"twitter:card\" content=\"summary_large_image\" \/>\n<meta name=\"twitter:label1\" content=\"Dur\u00e9e de lecture est.\" \/>\n\t<meta name=\"twitter:data1\" content=\"3 minutes\" \/>\n<script type=\"application\/ld+json\" class=\"yoast-schema-graph\">{\"@context\":\"https:\/\/schema.org\",\"@graph\":[{\"@type\":\"WebPage\",\"@id\":\"https:\/\/certeso.com\/fr\/wayfinding\/\",\"url\":\"https:\/\/certeso.com\/fr\/wayfinding\/\",\"name\":\"Wayfinding - Certeso\",\"isPartOf\":{\"@id\":\"https:\/\/certeso.com\/fr\/#website\"},\"datePublished\":\"2021-06-15T06:09:52+00:00\",\"dateModified\":\"2021-06-15T07:36:48+00:00\",\"description\":\"Vous recherchez des wayfinding claire et adapt\u00e9e \u00e0 l'identit\u00e9 de votre entreprise? Nous pouvons cr\u00e9er sur mesure l'identit\u00e9 de votre entreprise.\",\"breadcrumb\":{\"@id\":\"https:\/\/certeso.com\/fr\/wayfinding\/#breadcrumb\"},\"inLanguage\":\"fr-BE\",\"potentialAction\":[{\"@type\":\"ReadAction\",\"target\":[\"https:\/\/certeso.com\/fr\/wayfinding\/\"]}]},{\"@type\":\"BreadcrumbList\",\"@id\":\"https:\/\/certeso.com\/fr\/wayfinding\/#breadcrumb\",\"itemListElement\":[{\"@type\":\"ListItem\",\"position\":1,\"name\":\"Home\",\"item\":\"https:\/\/certeso.com\/fr\/\"},{\"@type\":\"ListItem\",\"position\":2,\"name\":\"Wayfinding\"}]},{\"@type\":\"WebSite\",\"@id\":\"https:\/\/certeso.com\/fr\/#website\",\"url\":\"https:\/\/certeso.com\/fr\/\",\"name\":\"Certeso\",\"description\":\"S\u00e9curit\u00e9 sans soucis\",\"potentialAction\":[{\"@type\":\"SearchAction\",\"target\":{\"@type\":\"EntryPoint\",\"urlTemplate\":\"https:\/\/certeso.com\/fr\/?s={search_term_string}\"},\"query-input\":\"required name=search_term_string\"}],\"inLanguage\":\"fr-BE\"}]}<\/script>\n<!-- \/ Yoast SEO plugin. -->","yoast_head_json":{"title":"Wayfinding - Certeso","description":"Vous recherchez des wayfinding claire et adapt\u00e9e \u00e0 l'identit\u00e9 de votre entreprise? Nous pouvons cr\u00e9er sur mesure l'identit\u00e9 de votre entreprise.","robots":{"index":"index","follow":"follow","max-snippet":"max-snippet:-1","max-image-preview":"max-image-preview:large","max-video-preview":"max-video-preview:-1"},"canonical":"https:\/\/certeso.com\/fr\/wayfinding\/","og_locale":"fr_FR","og_type":"article","og_title":"Wayfinding - Certeso","og_description":"Vous recherchez des wayfinding claire et adapt\u00e9e \u00e0 l'identit\u00e9 de votre entreprise? Nous pouvons cr\u00e9er sur mesure l'identit\u00e9 de votre entreprise.","og_url":"https:\/\/certeso.com\/fr\/wayfinding\/","og_site_name":"Certeso","article_modified_time":"2021-06-15T07:36:48+00:00","og_image":[{"url":"https:\/\/certeso.com\/fr\/wp-content\/uploads\/sites\/3\/2021\/01\/DSC_0033-bewerkt.jpg"}],"twitter_card":"summary_large_image","twitter_misc":{"Dur\u00e9e de lecture est.":"3 minutes"},"schema":{"@context":"https:\/\/schema.org","@graph":[{"@type":"WebPage","@id":"https:\/\/certeso.com\/fr\/wayfinding\/","url":"https:\/\/certeso.com\/fr\/wayfinding\/","name":"Wayfinding - Certeso","isPartOf":{"@id":"https:\/\/certeso.com\/fr\/#website"},"datePublished":"2021-06-15T06:09:52+00:00","dateModified":"2021-06-15T07:36:48+00:00","description":"Vous recherchez des wayfinding claire et adapt\u00e9e \u00e0 l'identit\u00e9 de votre entreprise? Nous pouvons cr\u00e9er sur mesure l'identit\u00e9 de votre entreprise.","breadcrumb":{"@id":"https:\/\/certeso.com\/fr\/wayfinding\/#breadcrumb"},"inLanguage":"fr-BE","potentialAction":[{"@type":"ReadAction","target":["https:\/\/certeso.com\/fr\/wayfinding\/"]}]},{"@type":"BreadcrumbList","@id":"https:\/\/certeso.com\/fr\/wayfinding\/#breadcrumb","itemListElement":[{"@type":"ListItem","position":1,"name":"Home","item":"https:\/\/certeso.com\/fr\/"},{"@type":"ListItem","position":2,"name":"Wayfinding"}]},{"@type":"WebSite","@id":"https:\/\/certeso.com\/fr\/#website","url":"https:\/\/certeso.com\/fr\/","name":"Certeso","description":"S\u00e9curit\u00e9 sans soucis","potentialAction":[{"@type":"SearchAction","target":{"@type":"EntryPoint","urlTemplate":"https:\/\/certeso.com\/fr\/?s={search_term_string}"},"query-input":"required name=search_term_string"}],"inLanguage":"fr-BE"}]}},"_links":{"self":[{"href":"https:\/\/certeso.com\/fr\/wp-json\/wp\/v2\/pages\/4739"}],"collection":[{"href":"https:\/\/certeso.com\/fr\/wp-json\/wp\/v2\/pages"}],"about":[{"href":"https:\/\/certeso.com\/fr\/wp-json\/wp\/v2\/types\/page"}],"author":[{"embeddable":true,"href":"https:\/\/certeso.com\/fr\/wp-json\/wp\/v2\/users\/2"}],"replies":[{"embeddable":true,"href":"https:\/\/certeso.com\/fr\/wp-json\/wp\/v2\/comments?post=4739"}],"version-history":[{"count":17,"href":"https:\/\/certeso.com\/fr\/wp-json\/wp\/v2\/pages\/4739\/revisions"}],"predecessor-version":[{"id":4767,"href":"https:\/\/certeso.com\/fr\/wp-json\/wp\/v2\/pages\/4739\/revisions\/4767"}],"wp:attachment":[{"href":"https:\/\/certeso.com\/fr\/wp-json\/wp\/v2\/media?parent=4739"}],"curies":[{"name":"wp","href":"https:\/\/api.w.org\/{rel}","templated":true}]}}