{"id":4997,"date":"2022-08-16T09:16:26","date_gmt":"2022-08-16T08:16:26","guid":{"rendered":"https:\/\/certeso.com\/fr\/?page_id=4997"},"modified":"2022-09-02T07:44:35","modified_gmt":"2022-09-02T06:44:35","slug":"conseils-rapport-des-pompiers","status":"publish","type":"page","link":"https:\/\/certeso.com\/fr\/conseils-rapport-des-pompiers\/","title":{"rendered":"Rapport des pompiers: conseils en cas d&#8217;avis n\u00e9gatif"},"content":{"rendered":"\t\t<div data-elementor-type=\"wp-page\" data-elementor-id=\"4997\" class=\"elementor elementor-4997\" data-elementor-post-type=\"page\">\n\t\t\t\t\t\t\t\t\t<section class=\"elementor-section elementor-top-section elementor-element elementor-element-fa0b06f elementor-section-boxed elementor-section-height-default elementor-section-height-default\" data-id=\"fa0b06f\" data-element_type=\"section\" data-settings=\"{&quot;background_background&quot;:&quot;classic&quot;}\">\n\t\t\t\t\t\t<div class=\"elementor-container elementor-column-gap-default\">\n\t\t\t\t\t<div class=\"elementor-column elementor-col-100 elementor-top-column elementor-element elementor-element-60de2125\" data-id=\"60de2125\" data-element_type=\"column\">\n\t\t\t<div class=\"elementor-widget-wrap elementor-element-populated\">\n\t\t\t\t\t\t\t\t<div class=\"elementor-element elementor-element-5965c7a0 elementor-widget elementor-widget-heading\" data-id=\"5965c7a0\" data-element_type=\"widget\" data-widget_type=\"heading.default\">\n\t\t\t\t<div class=\"elementor-widget-container\">\n\t\t\t<h1 class=\"elementor-heading-title elementor-size-default\">Rapport des pompiers: avis n\u00e9gatif des pompiers<\/h1>\t\t<\/div>\n\t\t\t\t<\/div>\n\t\t\t\t\t<\/div>\n\t\t<\/div>\n\t\t\t\t\t\t\t<\/div>\n\t\t<\/section>\n\t\t\t\t<section class=\"elementor-section elementor-top-section elementor-element elementor-element-64f98fbd elementor-section-boxed elementor-section-height-default elementor-section-height-default\" data-id=\"64f98fbd\" data-element_type=\"section\">\n\t\t\t\t\t\t<div class=\"elementor-container elementor-column-gap-default\">\n\t\t\t\t\t<div class=\"elementor-column elementor-col-50 elementor-top-column elementor-element elementor-element-d6a2e45\" data-id=\"d6a2e45\" data-element_type=\"column\">\n\t\t\t<div class=\"elementor-widget-wrap elementor-element-populated\">\n\t\t\t\t\t\t\t\t<div class=\"elementor-element elementor-element-50d441aa elementor-widget elementor-widget-text-editor\" data-id=\"50d441aa\" data-element_type=\"widget\" data-widget_type=\"text-editor.default\">\n\t\t\t\t<div class=\"elementor-widget-container\">\n\t\t\t\t\t\t\t<div style=\"text-align: center;\"><p>Dans un certain nombre de cas, <a href=\"https:\/\/www.civieleveiligheid.be\/fr\/cartes-des-34-zones-de-secours-0\" target=\"_blank\" rel=\"noopener\">les pompiers<\/a> viennent inspecter la s\u00e9curit\u00e9 incendie de votre b\u00e2timent. Vous pouvez demander cette inspection vous-m\u00eame, ou la municipalit\u00e9 le fera pour vous. Les pompiers v\u00e9rifieront si votre b\u00e2timent est suffisamment s\u00fbr en cas d&#8217;incendie. Apr\u00e8s leur visite, vous recevrez un rapport des pompiers. Il peut contenir des conseils ou des mesures urgentes \u00e0 prendre. Ces mesures doivent souvent \u00eatre prises dans un certain d\u00e9lai, faute de quoi vous ne serez pas autoris\u00e9 \u00e0 ouvrir votre entreprise ou vous devrez peut-\u00eatre la fermer (temporairement).\u00a0<\/p><p>Certeso peut vous aider \u00e0 r\u00e9soudre les remarques du rapport des pompiers.\u00a0Nous abordons les diff\u00e9rents points de l&#8217;attestation afin que vous obteniez un avis positif.<\/p><\/div>\t\t\t\t\t\t<\/div>\n\t\t\t\t<\/div>\n\t\t\t\t<div class=\"elementor-element elementor-element-81a6ab9 elementor-widget elementor-widget-heading\" data-id=\"81a6ab9\" data-element_type=\"widget\" data-widget_type=\"heading.default\">\n\t\t\t\t<div class=\"elementor-widget-container\">\n\t\t\t<h2 class=\"elementor-heading-title elementor-size-default\">Contr\u00f4le des pompiers: que signifie un rapport des pompiers?<\/h2>\t\t<\/div>\n\t\t\t\t<\/div>\n\t\t\t\t<div class=\"elementor-element elementor-element-2c6b0ff5 elementor-widget elementor-widget-text-editor\" data-id=\"2c6b0ff5\" data-element_type=\"widget\" data-widget_type=\"text-editor.default\">\n\t\t\t\t<div class=\"elementor-widget-container\">\n\t\t\t\t\t\t\t<p>Un rapport de pr\u00e9vention des incendies est n\u00e9cessaire pour obtenir une licence, telle qu&#8217;un permis de construire, une licence de r\u00e9novation ou une licence d&#8217;exploitation. Si vous ouvrez un nouveau commerce, les pompiers viendront certainement l&#8217;inspecter en premier. Ils peuvent \u00e9galement venir vous contr\u00f4ler si vous avez r\u00e9cemment r\u00e9nov\u00e9 un b\u00e2timent. Les pompiers feront une visite de votre b\u00e2timent afin de d\u00e9terminer si les lois et r\u00e8glements concernant la s\u00e9curit\u00e9 incendie ont \u00e9t\u00e9 correctement respect\u00e9s.<\/p><figure id=\"attachment_7383\" aria-describedby=\"caption-attachment-7383\" style=\"width: 990px\" class=\"wp-caption alignnone\"><img fetchpriority=\"high\" class=\"wp-image-7383 size-full\" src=\"https:\/\/certeso.com\/wp-content\/uploads\/2022\/07\/kelly-sikkema-VlW-iHf_MAk-unsplash-kleiner.jpg\" alt=\"Brandweerverslag\" width=\"1000\" height=\"612\" \/><figcaption id=\"caption-attachment-7383\" class=\"wp-caption-text\">Les pompiers peuvent fermer temporairement votre entreprise si la s\u00e9curit\u00e9 incendie ne peut \u00eatre garantie.<\/figcaption><\/figure><p>Apr\u00e8s l&#8217;inspection des pompiers, un rapport des pompiers est \u00e9tabli. Dans ce rapport, vous pourrez lire si votre \u00e9tablissement est conforme ou non aux obligations en mati\u00e8re de s\u00e9curit\u00e9 incendie. Si les pompiers donnent un avis positif, vous recevrez un certificat de s\u00e9curit\u00e9 incendie du maire. Certaines choses ne sont pas en ordre? Vous recevrez alors un avis n\u00e9gatif. Dans ce cas, les pompiers peuvent imposer que vous ne soyez pas encore autoris\u00e9 \u00e0 ouvrir votre nouvelle entreprise. S&#8217;il s&#8217;agit de quelques remarques mineures, vous disposerez d&#8217;un d\u00e9lai dans lequel vous devrez les r\u00e9soudre. La situation est-elle vraiment dangereuse selon les pompiers? Ils peuvent alors fermer temporairement l&#8217;endroit jusqu&#8217;\u00e0 ce qu&#8217;il soit \u00e0 nouveau suffisamment s\u00fbr en mati\u00e8re d&#8217;incendie.<\/p>\t\t\t\t\t\t<\/div>\n\t\t\t\t<\/div>\n\t\t\t\t<div class=\"elementor-element elementor-element-1e996bc elementor-widget elementor-widget-heading\" data-id=\"1e996bc\" data-element_type=\"widget\" data-widget_type=\"heading.default\">\n\t\t\t\t<div class=\"elementor-widget-container\">\n\t\t\t<h2 class=\"elementor-heading-title elementor-size-default\">Soyez pr\u00eat pour un contr\u00f4le d'incendie<\/h2>\t\t<\/div>\n\t\t\t\t<\/div>\n\t\t\t\t<div class=\"elementor-element elementor-element-59cee736 elementor-widget elementor-widget-text-editor\" data-id=\"59cee736\" data-element_type=\"widget\" data-widget_type=\"text-editor.default\">\n\t\t\t\t<div class=\"elementor-widget-container\">\n\t\t\t\t\t\t\t<p><span style=\"font-weight: 400;\">N&#8217;attendez pas que les pompiers inspectent votre b\u00e2timent pour le mettre \u00e0 l&#8217;abri du feu. Si vous prenez suffisamment de mesures \u00e0 l&#8217;avance, vous pourrez ouvrir ou maintenir votre \u00e9tablissement ouvert sans souci. <\/span><\/p><p>Les pompiers regardent, par exemple :<\/p><ul><li style=\"font-weight: 400;\" aria-level=\"1\">Y a-t-il suffisamment d&#8217;extincteurs?<\/li><li style=\"font-weight: 400;\" aria-level=\"1\">Les voies de secours sont-elles libres et suffisamment larges?<\/li><li style=\"font-weight: 400;\" aria-level=\"1\">L&#8217;\u00e9clairage de secours est-il suffisant?<\/li><li style=\"font-weight: 400;\" aria-level=\"1\">Les inspections n\u00e9cessaires sont-elles en ordre?<\/li><li style=\"font-weight: 400;\" aria-level=\"1\"><span style=\"font-weight: 400;\">\u2026<\/span><\/li><\/ul><p>Vous ne savez pas si votre b\u00e2timent est suffisamment r\u00e9sistant au feu? Faites effectuer une <a href=\"https:\/\/certeso.com\/fr\/analyse-des-risques\/\" target=\"_blank\" rel=\"noopener\">analyse des risques d&#8217;incendie<\/a> avant l&#8217;inspection. Avec une analyse des risques d&#8217;incendie, vous obtenez un aper\u00e7u clair des probl\u00e8mes qui doivent absolument \u00eatre r\u00e9solus pour garantir la s\u00e9curit\u00e9 incendie. Vous savez donc imm\u00e9diatement par o\u00f9 commencer.<\/p>\t\t\t\t\t\t<\/div>\n\t\t\t\t<\/div>\n\t\t\t\t<div class=\"elementor-element elementor-element-18246a42 elementor-widget elementor-widget-heading\" data-id=\"18246a42\" data-element_type=\"widget\" data-widget_type=\"heading.default\">\n\t\t\t\t<div class=\"elementor-widget-container\">\n\t\t\t<h2 class=\"elementor-heading-title elementor-size-default\">Rapport des pompiers: o\u00f9 commencer?<\/h2>\t\t<\/div>\n\t\t\t\t<\/div>\n\t\t\t\t<div class=\"elementor-element elementor-element-1166de00 elementor-widget elementor-widget-text-editor\" data-id=\"1166de00\" data-element_type=\"widget\" data-widget_type=\"text-editor.default\">\n\t\t\t\t<div class=\"elementor-widget-container\">\n\t\t\t\t\t\t\t<p>Un rapport des pompiers peut \u00eatre tr\u00e8s complet.\u00a0La connaissance de la l\u00e9gislation est parfois n\u00e9cessaire pour bien comprendre les remarques.\u00a0Chez Certeso, nous avons une grande exp\u00e9rience des rapports des pompiers.\u00a0Nous entretenons \u00e9galement une \u00e9troite collaboration avec la plupart des zones d&#8217;assistance flamandes. C&#8217;est pourquoi nous savons tr\u00e8s bien ce qui pr\u00e9occupe chaque zone, car chaque zone de lutte contre les incendies a ses propres priorit\u00e9s. Nous serons heureux de vous aider \u00e0 comprendre le rapport et \u00e0 traiter les points probl\u00e9matiques.<\/p>\t\t\t\t\t\t<\/div>\n\t\t\t\t<\/div>\n\t\t\t\t<div class=\"elementor-element elementor-element-5ff7b1bf elementor-widget elementor-widget-text-editor\" data-id=\"5ff7b1bf\" data-element_type=\"widget\" data-widget_type=\"text-editor.default\">\n\t\t\t\t<div class=\"elementor-widget-container\">\n\t\t\t\t\t\t\t\t\t\t\t\t\t<\/div>\n\t\t\t\t<\/div>\n\t\t\t\t\t<\/div>\n\t\t<\/div>\n\t\t\t\t<div class=\"elementor-column elementor-col-50 elementor-top-column elementor-element elementor-element-7d8949b4\" data-id=\"7d8949b4\" data-element_type=\"column\">\n\t\t\t<div class=\"elementor-widget-wrap elementor-element-populated\">\n\t\t\t\t\t\t\t\t<div class=\"elementor-element elementor-element-70cc1af6 elementor-widget elementor-widget-image\" data-id=\"70cc1af6\" data-element_type=\"widget\" data-widget_type=\"image.default\">\n\t\t\t\t<div class=\"elementor-widget-container\">\n\t\t\t\t\t\t\t\t\t\t\t\t\t\t\t<img width=\"975\" height=\"1024\" src=\"https:\/\/certeso.com\/fr\/wp-content\/uploads\/sites\/3\/2022\/08\/shutterstock_129676340-bijgesneden.jpg\" class=\"attachment-large size-large wp-image-5000\" alt=\"\" \/>\t\t\t\t\t\t\t\t\t\t\t\t\t\t\t<\/div>\n\t\t\t\t<\/div>\n\t\t\t\t<div class=\"elementor-element elementor-element-34bc9afa elementor-widget elementor-widget-price-table\" data-id=\"34bc9afa\" data-element_type=\"widget\" data-settings=\"{&quot;sticky&quot;:&quot;top&quot;,&quot;sticky_on&quot;:[&quot;desktop&quot;,&quot;tablet&quot;,&quot;mobile&quot;],&quot;sticky_offset&quot;:0,&quot;sticky_effects_offset&quot;:0}\" data-widget_type=\"price-table.default\">\n\t\t\t\t<div class=\"elementor-widget-container\">\n\t\t\t\n\t\t<div class=\"elementor-price-table\">\n\t\t\t\t\t\t\t<div class=\"elementor-price-table__header\">\n\t\t\t\t\t\t\t\t\t\t\t<h3 class=\"elementor-price-table__heading\">\n\t\t\t\t\t\tDemander votre offre\t\t\t\t\t\t<\/h3>\n\t\t\t\t\t\n\t\t\t\t\t\t\t\t\t<\/div>\n\t\t\t\n\t\t\t<div class=\"elementor-price-table__price\">\n\t\t\t\t\t\t\t\t\t\t\t\t\t\t\t\t\t<span class=\"elementor-price-table__integer-part\">\n\t\t\t\t\t\t\t\t\t\t\t<\/span>\n\t\t\t\t\n\t\t\t\t\n\t\t\t\t\n\t\t\t\t\t\t\t\t\t<span class=\"elementor-price-table__period elementor-typo-excluded\">Besoin d'aide?<\/span>\t\t\t\t\t\t\t<\/div>\n\n\t\t\t\t\t\t\t<ul class=\"elementor-price-table__features-list\">\n\t\t\t\t\t\t\t\t\t\t\t<li class=\"elementor-repeater-item-5c3e553\">\n\t\t\t\t\t\t\t<div class=\"elementor-price-table__feature-inner\">\n\t\t\t\t\t\t\t\t<i aria-hidden=\"true\" class=\"fas fa-check-circle\"><\/i>\t\t\t\t\t\t\t\t\t\t\t\t\t\t\t\t\t<span >\n\t\t\t\t\t\t\t\t\t\tConseils d'experts\t\t\t\t\t\t\t\t\t<\/span>\n\t\t\t\t\t\t\t\t\t\t\t\t\t\t\t\t<\/div>\n\t\t\t\t\t\t<\/li>\n\t\t\t\t\t\t\t\t\t\t\t<li class=\"elementor-repeater-item-8e3a1f0\">\n\t\t\t\t\t\t\t<div class=\"elementor-price-table__feature-inner\">\n\t\t\t\t\t\t\t\t<i aria-hidden=\"true\" class=\"fas fa-check-circle\"><\/i>\t\t\t\t\t\t\t\t\t\t\t\t\t\t\t\t\t<span >\n\t\t\t\t\t\t\t\t\t\tConseils en cas d'avis n\u00e9gatif\t\t\t\t\t\t\t\t\t<\/span>\n\t\t\t\t\t\t\t\t\t\t\t\t\t\t\t\t<\/div>\n\t\t\t\t\t\t<\/li>\n\t\t\t\t\t\t\t\t\t\t\t<li class=\"elementor-repeater-item-1374a7d\">\n\t\t\t\t\t\t\t<div class=\"elementor-price-table__feature-inner\">\n\t\t\t\t\t\t\t\t<i aria-hidden=\"true\" class=\"fas fa-check-circle\"><\/i>\t\t\t\t\t\t\t\t\t\t\t\t\t\t\t\t\t<span >\n\t\t\t\t\t\t\t\t\t\tAide avec le rapport des pompiers\t\t\t\t\t\t\t\t\t<\/span>\n\t\t\t\t\t\t\t\t\t\t\t\t\t\t\t\t<\/div>\n\t\t\t\t\t\t<\/li>\n\t\t\t\t\t\t\t\t\t\t\t<li class=\"elementor-repeater-item-1fcd24e\">\n\t\t\t\t\t\t\t<div class=\"elementor-price-table__feature-inner\">\n\t\t\t\t\t\t\t\t<i aria-hidden=\"true\" class=\"fas fa-check-circle\"><\/i>\t\t\t\t\t\t\t\t\t\t\t\t\t\t\t\t\t<span >\n\t\t\t\t\t\t\t\t\t\tObtenir un certificat de s\u00e9curit\u00e9 incendie\t\t\t\t\t\t\t\t\t<\/span>\n\t\t\t\t\t\t\t\t\t\t\t\t\t\t\t\t<\/div>\n\t\t\t\t\t\t<\/li>\n\t\t\t\t\t\t\t\t\t<\/ul>\n\t\t\t\n\t\t\t\t\t\t\t<div class=\"elementor-price-table__footer\">\n\t\t\t\t\t\t\t\t\t\t\t<a class=\"elementor-price-table__button elementor-button elementor-size-md\" href=\"https:\/\/certeso.com\/fr\/appel-doffres\/\">\n\t\t\t\t\t\t\tCommencer votre demande\t\t\t\t\t\t<\/a>\n\t\t\t\t\t\n\t\t\t\t\t\t\t\t\t<\/div>\n\t\t\t\t\t<\/div>\n\n\t\t\t\t<\/div>\n\t\t\t\t<\/div>\n\t\t\t\t\t<\/div>\n\t\t<\/div>\n\t\t\t\t\t\t\t<\/div>\n\t\t<\/section>\n\t\t\t\t<section class=\"elementor-section elementor-top-section elementor-element elementor-element-27851ff1 elementor-section-boxed elementor-section-height-default elementor-section-height-default\" data-id=\"27851ff1\" data-element_type=\"section\">\n\t\t\t\t\t\t<div class=\"elementor-container elementor-column-gap-default\">\n\t\t\t\t\t<div class=\"elementor-column elementor-col-50 elementor-top-column elementor-element elementor-element-7c632811\" data-id=\"7c632811\" data-element_type=\"column\">\n\t\t\t<div class=\"elementor-widget-wrap elementor-element-populated\">\n\t\t\t\t\t\t\t\t<div class=\"elementor-element elementor-element-68f15b60 elementor-widget elementor-widget-heading\" data-id=\"68f15b60\" data-element_type=\"widget\" data-widget_type=\"heading.default\">\n\t\t\t\t<div class=\"elementor-widget-container\">\n\t\t\t<h2 class=\"elementor-heading-title elementor-size-default\">Inspection des pompiers: conseils<\/h2>\t\t<\/div>\n\t\t\t\t<\/div>\n\t\t\t\t<div class=\"elementor-element elementor-element-3f9a5adc elementor-widget elementor-widget-text-editor\" data-id=\"3f9a5adc\" data-element_type=\"widget\" data-widget_type=\"text-editor.default\">\n\t\t\t\t<div class=\"elementor-widget-container\">\n\t\t\t\t\t\t\t<p>Avez-vous besoin d&#8217;aide apr\u00e8s avoir re\u00e7u votre rapport? Nous vous aiderons \u00e0 comprendre le rapport des pompiers et \u00e0 r\u00e9soudre les commentaires \u00e9ventuels afin que vous puissiez recevoir un avis positif.<\/p>\t\t\t\t\t\t<\/div>\n\t\t\t\t<\/div>\n\t\t\t\t<div class=\"elementor-element elementor-element-7a3afa7f elementor-icon-list--layout-traditional elementor-list-item-link-full_width elementor-widget elementor-widget-icon-list\" data-id=\"7a3afa7f\" data-element_type=\"widget\" data-widget_type=\"icon-list.default\">\n\t\t\t\t<div class=\"elementor-widget-container\">\n\t\t\t\t\t<ul class=\"elementor-icon-list-items\">\n\t\t\t\t\t\t\t<li class=\"elementor-icon-list-item\">\n\t\t\t\t\t\t\t\t\t\t\t<span class=\"elementor-icon-list-icon\">\n\t\t\t\t\t\t\t<i aria-hidden=\"true\" class=\"fas fa-check\"><\/i>\t\t\t\t\t\t<\/span>\n\t\t\t\t\t\t\t\t\t\t<span class=\"elementor-icon-list-text\">Aider \u00e0 comprendre le rapport des pompiers<\/span>\n\t\t\t\t\t\t\t\t\t<\/li>\n\t\t\t\t\t\t\t\t<li class=\"elementor-icon-list-item\">\n\t\t\t\t\t\t\t\t\t\t\t<span class=\"elementor-icon-list-icon\">\n\t\t\t\t\t\t\t<i aria-hidden=\"true\" class=\"fas fa-check\"><\/i>\t\t\t\t\t\t<\/span>\n\t\t\t\t\t\t\t\t\t\t<span class=\"elementor-icon-list-text\">Filtrer les plus grosses remarques<\/span>\n\t\t\t\t\t\t\t\t\t<\/li>\n\t\t\t\t\t\t\t\t<li class=\"elementor-icon-list-item\">\n\t\t\t\t\t\t\t\t\t\t\t<span class=\"elementor-icon-list-icon\">\n\t\t\t\t\t\t\t<i aria-hidden=\"true\" class=\"fas fa-check\"><\/i>\t\t\t\t\t\t<\/span>\n\t\t\t\t\t\t\t\t\t\t<span class=\"elementor-icon-list-text\">Devis pour les priorit\u00e9s les plus importantes<\/span>\n\t\t\t\t\t\t\t\t\t<\/li>\n\t\t\t\t\t\t\t\t<li class=\"elementor-icon-list-item\">\n\t\t\t\t\t\t\t\t\t\t\t<span class=\"elementor-icon-list-icon\">\n\t\t\t\t\t\t\t<i aria-hidden=\"true\" class=\"fas fa-check\"><\/i>\t\t\t\t\t\t<\/span>\n\t\t\t\t\t\t\t\t\t\t<span class=\"elementor-icon-list-text\">Ex\u00e9cution des travaux<\/span>\n\t\t\t\t\t\t\t\t\t<\/li>\n\t\t\t\t\t\t\t\t<li class=\"elementor-icon-list-item\">\n\t\t\t\t\t\t\t\t\t\t\t<span class=\"elementor-icon-list-icon\">\n\t\t\t\t\t\t\t<i aria-hidden=\"true\" class=\"fas fa-check\"><\/i>\t\t\t\t\t\t<\/span>\n\t\t\t\t\t\t\t\t\t\t<span class=\"elementor-icon-list-text\">Conseils pour les consultations avec les pompiers<\/span>\n\t\t\t\t\t\t\t\t\t<\/li>\n\t\t\t\t\t\t<\/ul>\n\t\t\t\t<\/div>\n\t\t\t\t<\/div>\n\t\t\t\t<div class=\"elementor-element elementor-element-df0d2e1 elementor-widget elementor-widget-button\" data-id=\"df0d2e1\" data-element_type=\"widget\" data-widget_type=\"button.default\">\n\t\t\t\t<div class=\"elementor-widget-container\">\n\t\t\t\t\t<div class=\"elementor-button-wrapper\">\n\t\t\t<a class=\"elementor-button elementor-button-link elementor-size-sm\" href=\"https:\/\/certeso.com\/fr\/appel-doffres\/\">\n\t\t\t\t\t\t<span class=\"elementor-button-content-wrapper\">\n\t\t\t\t\t\t<span class=\"elementor-button-text\">Je voudrais des conseils<\/span>\n\t\t<\/span>\n\t\t\t\t\t<\/a>\n\t\t<\/div>\n\t\t\t\t<\/div>\n\t\t\t\t<\/div>\n\t\t\t\t\t<\/div>\n\t\t<\/div>\n\t\t\t\t<div class=\"elementor-column elementor-col-50 elementor-top-column elementor-element elementor-element-77a5ec52\" data-id=\"77a5ec52\" data-element_type=\"column\">\n\t\t\t<div class=\"elementor-widget-wrap\">\n\t\t\t\t\t\t\t\t\t<\/div>\n\t\t<\/div>\n\t\t\t\t\t\t\t<\/div>\n\t\t<\/section>\n\t\t\t\t\t\t\t<\/div>\n\t\t","protected":false},"excerpt":{"rendered":"<p>Rapport des pompiers: avis n\u00e9gatif des pompiers Dans un certain nombre de cas, les pompiers viennent inspecter la s\u00e9curit\u00e9 incendie de votre b\u00e2timent. Vous pouvez demander cette inspection vous-m\u00eame, ou la municipalit\u00e9 le fera pour vous. Les pompiers v\u00e9rifieront si votre b\u00e2timent est suffisamment s\u00fbr en cas d&#8217;incendie. Apr\u00e8s leur visite, vous recevrez un rapport &#8230; <a title=\"Rapport des pompiers: conseils en cas d&#8217;avis n\u00e9gatif\" class=\"read-more\" href=\"https:\/\/certeso.com\/fr\/conseils-rapport-des-pompiers\/\" aria-label=\"More on Rapport des pompiers: conseils en cas d&#8217;avis n\u00e9gatif\">Lire la suite<\/a><\/p>\n","protected":false},"author":2,"featured_media":0,"parent":0,"menu_order":0,"comment_status":"closed","ping_status":"closed","template":"elementor_header_footer","meta":[],"yoast_head":"<!-- This site is optimized with the Yoast SEO plugin v20.6 - https:\/\/yoast.com\/wordpress\/plugins\/seo\/ -->\n<title>Rapport des pompiers: conseils en cas d&#039;avis n\u00e9gatif - Certeso<\/title>\n<meta name=\"description\" content=\"Avez-vous re\u00e7u un avis n\u00e9gatif des pompiers? Nous rendons votre b\u00e2timent s\u00fbr en cas d&#039;incendie afin que vous receviez un avis positif.\" \/>\n<meta name=\"robots\" content=\"index, follow, max-snippet:-1, max-image-preview:large, max-video-preview:-1\" \/>\n<link rel=\"canonical\" href=\"https:\/\/certeso.com\/fr\/conseils-rapport-des-pompiers\/\" \/>\n<meta property=\"og:locale\" content=\"fr_FR\" \/>\n<meta property=\"og:type\" content=\"article\" \/>\n<meta property=\"og:title\" content=\"Rapport des pompiers: conseils en cas d&#039;avis n\u00e9gatif - Certeso\" \/>\n<meta property=\"og:description\" content=\"Avez-vous re\u00e7u un avis n\u00e9gatif des pompiers? Nous rendons votre b\u00e2timent s\u00fbr en cas d&#039;incendie afin que vous receviez un avis positif.\" \/>\n<meta property=\"og:url\" content=\"https:\/\/certeso.com\/fr\/conseils-rapport-des-pompiers\/\" \/>\n<meta property=\"og:site_name\" content=\"Certeso\" \/>\n<meta property=\"article:modified_time\" content=\"2022-09-02T06:44:35+00:00\" \/>\n<meta property=\"og:image\" content=\"https:\/\/certeso.com\/wp-content\/uploads\/2022\/07\/kelly-sikkema-VlW-iHf_MAk-unsplash-kleiner.jpg\" \/>\n<meta name=\"twitter:card\" content=\"summary_large_image\" \/>\n<meta name=\"twitter:label1\" content=\"Dur\u00e9e de lecture est.\" \/>\n\t<meta name=\"twitter:data1\" content=\"4 minutes\" \/>\n<script type=\"application\/ld+json\" class=\"yoast-schema-graph\">{\"@context\":\"https:\/\/schema.org\",\"@graph\":[{\"@type\":\"WebPage\",\"@id\":\"https:\/\/certeso.com\/fr\/conseils-rapport-des-pompiers\/\",\"url\":\"https:\/\/certeso.com\/fr\/conseils-rapport-des-pompiers\/\",\"name\":\"Rapport des pompiers: conseils en cas d'avis n\u00e9gatif - Certeso\",\"isPartOf\":{\"@id\":\"https:\/\/certeso.com\/fr\/#website\"},\"datePublished\":\"2022-08-16T08:16:26+00:00\",\"dateModified\":\"2022-09-02T06:44:35+00:00\",\"description\":\"Avez-vous re\u00e7u un avis n\u00e9gatif des pompiers? Nous rendons votre b\u00e2timent s\u00fbr en cas d'incendie afin que vous receviez un avis positif.\",\"breadcrumb\":{\"@id\":\"https:\/\/certeso.com\/fr\/conseils-rapport-des-pompiers\/#breadcrumb\"},\"inLanguage\":\"fr-BE\",\"potentialAction\":[{\"@type\":\"ReadAction\",\"target\":[\"https:\/\/certeso.com\/fr\/conseils-rapport-des-pompiers\/\"]}]},{\"@type\":\"BreadcrumbList\",\"@id\":\"https:\/\/certeso.com\/fr\/conseils-rapport-des-pompiers\/#breadcrumb\",\"itemListElement\":[{\"@type\":\"ListItem\",\"position\":1,\"name\":\"Home\",\"item\":\"https:\/\/certeso.com\/fr\/\"},{\"@type\":\"ListItem\",\"position\":2,\"name\":\"Rapport des pompiers: conseils en cas d&#8217;avis n\u00e9gatif\"}]},{\"@type\":\"WebSite\",\"@id\":\"https:\/\/certeso.com\/fr\/#website\",\"url\":\"https:\/\/certeso.com\/fr\/\",\"name\":\"Certeso\",\"description\":\"S\u00e9curit\u00e9 sans soucis\",\"potentialAction\":[{\"@type\":\"SearchAction\",\"target\":{\"@type\":\"EntryPoint\",\"urlTemplate\":\"https:\/\/certeso.com\/fr\/?s={search_term_string}\"},\"query-input\":\"required name=search_term_string\"}],\"inLanguage\":\"fr-BE\"}]}<\/script>\n<!-- \/ Yoast SEO plugin. -->","yoast_head_json":{"title":"Rapport des pompiers: conseils en cas d'avis n\u00e9gatif - Certeso","description":"Avez-vous re\u00e7u un avis n\u00e9gatif des pompiers? Nous rendons votre b\u00e2timent s\u00fbr en cas d'incendie afin que vous receviez un avis positif.","robots":{"index":"index","follow":"follow","max-snippet":"max-snippet:-1","max-image-preview":"max-image-preview:large","max-video-preview":"max-video-preview:-1"},"canonical":"https:\/\/certeso.com\/fr\/conseils-rapport-des-pompiers\/","og_locale":"fr_FR","og_type":"article","og_title":"Rapport des pompiers: conseils en cas d'avis n\u00e9gatif - Certeso","og_description":"Avez-vous re\u00e7u un avis n\u00e9gatif des pompiers? Nous rendons votre b\u00e2timent s\u00fbr en cas d'incendie afin que vous receviez un avis positif.","og_url":"https:\/\/certeso.com\/fr\/conseils-rapport-des-pompiers\/","og_site_name":"Certeso","article_modified_time":"2022-09-02T06:44:35+00:00","og_image":[{"url":"https:\/\/certeso.com\/wp-content\/uploads\/2022\/07\/kelly-sikkema-VlW-iHf_MAk-unsplash-kleiner.jpg"}],"twitter_card":"summary_large_image","twitter_misc":{"Dur\u00e9e de lecture est.":"4 minutes"},"schema":{"@context":"https:\/\/schema.org","@graph":[{"@type":"WebPage","@id":"https:\/\/certeso.com\/fr\/conseils-rapport-des-pompiers\/","url":"https:\/\/certeso.com\/fr\/conseils-rapport-des-pompiers\/","name":"Rapport des pompiers: conseils en cas d'avis n\u00e9gatif - Certeso","isPartOf":{"@id":"https:\/\/certeso.com\/fr\/#website"},"datePublished":"2022-08-16T08:16:26+00:00","dateModified":"2022-09-02T06:44:35+00:00","description":"Avez-vous re\u00e7u un avis n\u00e9gatif des pompiers? Nous rendons votre b\u00e2timent s\u00fbr en cas d'incendie afin que vous receviez un avis positif.","breadcrumb":{"@id":"https:\/\/certeso.com\/fr\/conseils-rapport-des-pompiers\/#breadcrumb"},"inLanguage":"fr-BE","potentialAction":[{"@type":"ReadAction","target":["https:\/\/certeso.com\/fr\/conseils-rapport-des-pompiers\/"]}]},{"@type":"BreadcrumbList","@id":"https:\/\/certeso.com\/fr\/conseils-rapport-des-pompiers\/#breadcrumb","itemListElement":[{"@type":"ListItem","position":1,"name":"Home","item":"https:\/\/certeso.com\/fr\/"},{"@type":"ListItem","position":2,"name":"Rapport des pompiers: conseils en cas d&#8217;avis n\u00e9gatif"}]},{"@type":"WebSite","@id":"https:\/\/certeso.com\/fr\/#website","url":"https:\/\/certeso.com\/fr\/","name":"Certeso","description":"S\u00e9curit\u00e9 sans soucis","potentialAction":[{"@type":"SearchAction","target":{"@type":"EntryPoint","urlTemplate":"https:\/\/certeso.com\/fr\/?s={search_term_string}"},"query-input":"required name=search_term_string"}],"inLanguage":"fr-BE"}]}},"_links":{"self":[{"href":"https:\/\/certeso.com\/fr\/wp-json\/wp\/v2\/pages\/4997"}],"collection":[{"href":"https:\/\/certeso.com\/fr\/wp-json\/wp\/v2\/pages"}],"about":[{"href":"https:\/\/certeso.com\/fr\/wp-json\/wp\/v2\/types\/page"}],"author":[{"embeddable":true,"href":"https:\/\/certeso.com\/fr\/wp-json\/wp\/v2\/users\/2"}],"replies":[{"embeddable":true,"href":"https:\/\/certeso.com\/fr\/wp-json\/wp\/v2\/comments?post=4997"}],"version-history":[{"count":31,"href":"https:\/\/certeso.com\/fr\/wp-json\/wp\/v2\/pages\/4997\/revisions"}],"predecessor-version":[{"id":5041,"href":"https:\/\/certeso.com\/fr\/wp-json\/wp\/v2\/pages\/4997\/revisions\/5041"}],"wp:attachment":[{"href":"https:\/\/certeso.com\/fr\/wp-json\/wp\/v2\/media?parent=4997"}],"curies":[{"name":"wp","href":"https:\/\/api.w.org\/{rel}","templated":true}]}}